{"id":11852,"date":"2015-08-06T09:37:08","date_gmt":"2015-08-06T09:37:08","guid":{"rendered":"http:\/\/siteestatalgovtl.dreamhosters.com\/?page_id=11852"},"modified":"2022-12-01T07:45:46","modified_gmt":"2022-12-01T07:45:46","slug":"direccao-geral-descentralizacao-administrativa","status":"publish","type":"page","link":"https:\/\/estatal.gov.tl\/en\/direccao-geral-descentralizacao-administrativa\/","title":{"rendered":"Direc\u00e7\u00e3o Geral Descentraliza\u00e7\u00e3o Administrativa"},"content":{"rendered":"<p>[fusion_builder_container hundred_percent=&#8221;yes&#8221; overflow=&#8221;visible&#8221;][fusion_builder_row][fusion_builder_column type=&#8221;1_5&#8243; type=&#8221;1_5&#8243; layout=&#8221;1_5&#8243; last=&#8221;false&#8221; spacing=&#8221;yes&#8221; center_content=&#8221;no&#8221; hide_on_mobile=&#8221;no&#8221; background_color=&#8221;&#8221; background_image=&#8221;&#8221; background_repeat=&#8221;no-repeat&#8221; background_position=&#8221;left top&#8221; border_size=&#8221;0px&#8221; border_color=&#8221;&#8221; border_style=&#8221;solid&#8221; padding_top=&#8221;&#8221; padding_right=&#8221;&#8221; padding_bottom=&#8221;&#8221; padding_left=&#8221;&#8221; margin_top=&#8221;&#8221; margin_bottom=&#8221;&#8221; animation_type=&#8221;0&#8243; animation_direction=&#8221;down&#8221; animation_speed=&#8221;0.1&#8243; class=&#8221;&#8221; id=&#8221;&#8221; min_height=&#8221;&#8221; hover_type=&#8221;none&#8221; link=&#8221;&#8221; border_position=&#8221;all&#8221; first=&#8221;true&#8221;][fusion_person name=&#8221;Belarmino Filomeno Neves&#8221; title=&#8221;Director-Geral da Descentraliza\u00e7\u00e3o Administrativa&#8221; picture=&#8221;&#8221; picture_id=&#8221;&#8221; pic_link=&#8221;&#8221; linktarget=&#8221;_self&#8221; pic_style=&#8221;none&#8221; pic_style_blur=&#8221;&#8221; pic_style_color=&#8221;&#8221; pic_bordersize=&#8221;1px&#8221; pic_bordercolor=&#8221;#8e8e8e&#8221; pic_borderradius=&#8221;0&#8243; hover_type=&#8221;none&#8221; background_color=&#8221;&#8221; content_alignment=&#8221;&#8221; icon_position=&#8221;&#8221; social_icon_boxed=&#8221;&#8221; social_icon_boxed_radius=&#8221;4px&#8221; social_icon_color_type=&#8221;&#8221; social_icon_colors=&#8221;&#8221; social_icon_boxed_colors=&#8221;&#8221; social_icon_tooltip=&#8221; &#8221; blogger=&#8221;&#8221; deviantart=&#8221;&#8221; digg=&#8221;&#8221; dribbble=&#8221;&#8221; dropbox=&#8221;&#8221; facebook=&#8221;&#8221; flickr=&#8221;&#8221; forrst=&#8221;&#8221; instagram=&#8221;&#8221; linkedin=&#8221;&#8221; myspace=&#8221;&#8221; paypal=&#8221;&#8221; pinterest=&#8221;&#8221; reddit=&#8221;&#8221; rss=&#8221;&#8221; skype=&#8221;&#8221; soundcloud=&#8221;&#8221; spotify=&#8221;&#8221; tumblr=&#8221;&#8221; twitter=&#8221;&#8221; vimeo=&#8221;&#8221; vk=&#8221;&#8221; whatsapp=&#8221;&#8221; xing=&#8221;&#8221; yahoo=&#8221;&#8221; yelp=&#8221;&#8221; youtube=&#8221;&#8221; email=&#8221;&#8221; show_custom=&#8221;no&#8221; custom_1=&#8221;&#8221; custom_2=&#8221;&#8221; hide_on_mobile=&#8221;small-visibility,medium-visibility,large-visibility&#8221; class=&#8221;&#8221; id=&#8221;&#8221; \/][\/fusion_builder_column][fusion_builder_column type=&#8221;3_4&#8243; type=&#8221;3_4&#8243; layout=&#8221;3_4&#8243; last=&#8221;true&#8221; spacing=&#8221;yes&#8221; center_content=&#8221;no&#8221; hide_on_mobile=&#8221;no&#8221; background_color=&#8221;&#8221; background_image=&#8221;&#8221; background_repeat=&#8221;no-repeat&#8221; background_position=&#8221;left top&#8221; border_size=&#8221;0px&#8221; border_color=&#8221;&#8221; border_style=&#8221;&#8221; padding_top=&#8221;&#8221; padding_right=&#8221;&#8221; padding_bottom=&#8221;&#8221; padding_left=&#8221;&#8221; margin_top=&#8221;&#8221; margin_bottom=&#8221;&#8221; animation_type=&#8221;&#8221; animation_direction=&#8221;&#8221; animation_speed=&#8221;0.1&#8243; class=&#8221;&#8221; id=&#8221;&#8221; min_height=&#8221;&#8221; hover_type=&#8221;none&#8221; link=&#8221;&#8221; border_position=&#8221;all&#8221; first=&#8221;false&#8221;][fusion_title size=&#8221;2&#8243; content_align=&#8221;left&#8221; style_type=&#8221;none&#8221; sep_color=&#8221;&#8221; class=&#8221;&#8221; id=&#8221;&#8221;]Contactos[\/fusion_title][fusion_text]<\/p>\n<p align=\"LEFT\">Email: <a href=\"mailto:belarminoneves@gmail.com\" target=\"_blank\" rel=\"noopener noreferrer\">belarminoneves@gmail.com,\u00a0 <\/a><a href=\"mailto:menoneves@gmail.com\" target=\"_blank\" rel=\"noopener noreferrer\">menoneves@gmail.com<\/a><\/p>\n<p align=\"LEFT\">Telem.: (+670) 75566648<\/p>\n<p>[\/fusion_text][\/fusion_builder_column][fusion_builder_column type=&#8221;1_1&#8243; type=&#8221;1_1&#8243; layout=&#8221;1_1&#8243; background_position=&#8221;left top&#8221; background_color=&#8221;&#8221; border_size=&#8221;&#8221; border_color=&#8221;&#8221; border_style=&#8221;solid&#8221; spacing=&#8221;yes&#8221; background_image=&#8221;&#8221; background_repeat=&#8221;no-repeat&#8221; padding_top=&#8221;&#8221; padding_right=&#8221;&#8221; padding_bottom=&#8221;&#8221; padding_left=&#8221;&#8221; margin_top=&#8221;0px&#8221; margin_bottom=&#8221;0px&#8221; class=&#8221;&#8221; id=&#8221;&#8221; animation_type=&#8221;&#8221; animation_speed=&#8221;0.3&#8243; animation_direction=&#8221;left&#8221; hide_on_mobile=&#8221;no&#8221; center_content=&#8221;no&#8221; min_height=&#8221;none&#8221; last=&#8221;true&#8221; hover_type=&#8221;none&#8221; link=&#8221;&#8221; border_position=&#8221;all&#8221; first=&#8221;true&#8221;][fusion_separator style_type=&#8221;single|dashed&#8221; top_margin=&#8221;&#8221; bottom_margin=&#8221;&#8221; sep_color=&#8221;#f4cd1f&#8221; border_size=&#8221;&#8221; icon=&#8221;&#8221; icon_circle=&#8221;&#8221; icon_circle_color=&#8221;&#8221; width=&#8221;&#8221; alignment=&#8221;center&#8221; class=&#8221;&#8221; id=&#8221;&#8221; \/][\/fusion_builder_column][fusion_builder_column type=&#8221;1_1&#8243; type=&#8221;1_1&#8243; layout=&#8221;1_1&#8243; last=&#8221;true&#8221; spacing=&#8221;yes&#8221; center_content=&#8221;no&#8221; hide_on_mobile=&#8221;no&#8221; background_color=&#8221;&#8221; background_image=&#8221;&#8221; background_repeat=&#8221;no-repeat&#8221; background_position=&#8221;left top&#8221; border_size=&#8221;0px&#8221; border_color=&#8221;&#8221; border_style=&#8221;solid&#8221; padding_top=&#8221;&#8221; padding_right=&#8221;&#8221; padding_bottom=&#8221;&#8221; padding_left=&#8221;&#8221; margin_top=&#8221;&#8221; margin_bottom=&#8221;&#8221; animation_type=&#8221;0&#8243; animation_direction=&#8221;down&#8221; animation_speed=&#8221;0.1&#8243; class=&#8221;&#8221; id=&#8221;&#8221; min_height=&#8221;&#8221; hover_type=&#8221;none&#8221; link=&#8221;&#8221; border_position=&#8221;all&#8221; first=&#8221;true&#8221;][fusion_title size=&#8221;2&#8243; content_align=&#8221;left&#8221; style_type=&#8221;none&#8221; sep_color=&#8221;&#8221; class=&#8221;&#8221; id=&#8221;&#8221;]Miss\u00e3o[\/fusion_title][\/fusion_builder_column][fusion_builder_column type=&#8221;1_1&#8243; type=&#8221;1_1&#8243; layout=&#8221;1_1&#8243; last=&#8221;true&#8221; spacing=&#8221;yes&#8221; center_content=&#8221;no&#8221; hide_on_mobile=&#8221;no&#8221; background_color=&#8221;&#8221; background_image=&#8221;&#8221; background_repeat=&#8221;no-repeat&#8221; background_position=&#8221;left top&#8221; border_size=&#8221;0px&#8221; border_color=&#8221;&#8221; border_style=&#8221;&#8221; padding_top=&#8221;&#8221; padding_right=&#8221;&#8221; padding_bottom=&#8221;&#8221; padding_left=&#8221;&#8221; margin_top=&#8221;&#8221; margin_bottom=&#8221;&#8221; animation_type=&#8221;&#8221; animation_direction=&#8221;&#8221; animation_speed=&#8221;0.1&#8243; class=&#8221;&#8221; id=&#8221;&#8221; min_height=&#8221;&#8221; hover_type=&#8221;none&#8221; link=&#8221;&#8221; border_position=&#8221;all&#8221; first=&#8221;true&#8221;][fusion_text]A DG-OU tem por miss\u00e3o assegurar a orienta\u00e7\u00e3o geral dos servi\u00e7os desconcentrados do MAE na cria\u00e7\u00e3o e gest\u00e3o de sistemas de recolha e tratamento de res\u00edduos s\u00f3lidos urbanos, de manuten\u00e7\u00e3o da higiene e salubridade dos espa\u00e7os p\u00fablicos, na cria\u00e7\u00e3o e conserva\u00e7\u00e3o de jardins e parques urbanos, no desenvolvimento e execu\u00e7\u00e3o de planos de mobilidade urbana e na cria\u00e7\u00e3o e gest\u00e3o de um registo dos arruamentos dos principais aglomerados populacionais e de atribui\u00e7\u00e3o de um n\u00famero de pol\u00edcia aos pr\u00e9dios urbanos constru\u00eddos.[\/fusion_text][\/fusion_builder_column][fusion_builder_column type=&#8221;1_1&#8243; type=&#8221;1_1&#8243; layout=&#8221;1_1&#8243; background_position=&#8221;left top&#8221; background_color=&#8221;&#8221; border_size=&#8221;&#8221; border_color=&#8221;&#8221; border_style=&#8221;solid&#8221; spacing=&#8221;yes&#8221; background_image=&#8221;&#8221; background_repeat=&#8221;no-repeat&#8221; padding_top=&#8221;&#8221; padding_right=&#8221;&#8221; padding_bottom=&#8221;&#8221; padding_left=&#8221;&#8221; margin_top=&#8221;0px&#8221; margin_bottom=&#8221;0px&#8221; class=&#8221;&#8221; id=&#8221;&#8221; animation_type=&#8221;&#8221; animation_speed=&#8221;0.3&#8243; animation_direction=&#8221;left&#8221; hide_on_mobile=&#8221;no&#8221; center_content=&#8221;no&#8221; min_height=&#8221;none&#8221; last=&#8221;true&#8221; hover_type=&#8221;none&#8221; link=&#8221;&#8221; border_position=&#8221;all&#8221; first=&#8221;true&#8221;][fusion_separator style_type=&#8221;single|dashed&#8221; top_margin=&#8221;&#8221; bottom_margin=&#8221;&#8221; sep_color=&#8221;#f4cd1f&#8221; border_size=&#8221;&#8221; icon=&#8221;&#8221; icon_circle=&#8221;&#8221; icon_circle_color=&#8221;&#8221; width=&#8221;&#8221; alignment=&#8221;center&#8221; class=&#8221;&#8221; id=&#8221;&#8221; \/][\/fusion_builder_column][fusion_builder_column type=&#8221;1_1&#8243; type=&#8221;1_1&#8243; layout=&#8221;1_1&#8243; last=&#8221;true&#8221; spacing=&#8221;yes&#8221; center_content=&#8221;no&#8221; hide_on_mobile=&#8221;no&#8221; background_color=&#8221;&#8221; background_image=&#8221;&#8221; background_repeat=&#8221;no-repeat&#8221; background_position=&#8221;left top&#8221; border_size=&#8221;0px&#8221; border_color=&#8221;&#8221; border_style=&#8221;&#8221; padding_top=&#8221;&#8221; padding_right=&#8221;&#8221; padding_bottom=&#8221;&#8221; padding_left=&#8221;&#8221; margin_top=&#8221;&#8221; margin_bottom=&#8221;&#8221; animation_type=&#8221;&#8221; animation_direction=&#8221;&#8221; animation_speed=&#8221;0.1&#8243; class=&#8221;&#8221; id=&#8221;&#8221; min_height=&#8221;&#8221; hover_type=&#8221;none&#8221; link=&#8221;&#8221; border_position=&#8221;all&#8221; first=&#8221;true&#8221;][fusion_title size=&#8221;2&#8243; content_align=&#8221;left&#8221; style_type=&#8221;none&#8221; sep_color=&#8221;&#8221; class=&#8221;&#8221; id=&#8221;&#8221;]Compet\u00eancias[\/fusion_title][\/fusion_builder_column][fusion_builder_column type=&#8221;1_1&#8243; type=&#8221;1_1&#8243; layout=&#8221;1_1&#8243; last=&#8221;true&#8221; spacing=&#8221;yes&#8221; center_content=&#8221;no&#8221; hide_on_mobile=&#8221;no&#8221; background_color=&#8221;&#8221; background_image=&#8221;&#8221; background_repeat=&#8221;no-repeat&#8221; background_position=&#8221;left top&#8221; border_size=&#8221;0px&#8221; border_color=&#8221;&#8221; border_style=&#8221;&#8221; padding_top=&#8221;&#8221; padding_right=&#8221;&#8221; padding_bottom=&#8221;&#8221; padding_left=&#8221;&#8221; margin_top=&#8221;&#8221; margin_bottom=&#8221;&#8221; animation_type=&#8221;&#8221; animation_direction=&#8221;&#8221; animation_speed=&#8221;0.1&#8243; class=&#8221;&#8221; id=&#8221;&#8221; min_height=&#8221;&#8221; hover_type=&#8221;none&#8221; link=&#8221;&#8221; border_position=&#8221;all&#8221; first=&#8221;true&#8221;][fusion_text]<\/p>\n<ol>\n<li style=\"list-style-type: none;\">\n<ol>\n<li>Estudar e desenvolver, em coordena\u00e7\u00e3o com os servi\u00e7os desconcentrados do MAE, sistemas de recolha e tratamento de res\u00edduos s\u00f3lidos urbanos, adequados ao contexto de cada munic\u00edpio;<\/li>\n<li>Promover o estabelecimento de sistemas locais de manuten\u00e7\u00e3o da higiene e salubridade dos espa\u00e7os p\u00fablicos urbanos;<\/li>\n<li>Estudar e desenvolver, em coordena\u00e7\u00e3o com o Minist\u00e9rio do Planeamento e Investimento Estrat\u00e9gico e os servi\u00e7os desconcentrados do MAE, um plano de cria\u00e7\u00e3o, requalifica\u00e7\u00e3o e conserva\u00e7\u00e3o de jardins e parques urbanos;<\/li>\n<li>Desenvolver um programa de constru\u00e7\u00e3o, amplia\u00e7\u00e3o e requalifica\u00e7\u00e3o dos cemit\u00e9rios p\u00fablicos;<\/li>\n<li>Estudar e desenvolver, em coordena\u00e7\u00e3o com o Minist\u00e9rio do Planeamento e Investimento Estrat\u00e9gico, um sistema de registo dos arruamentos dos principais aglomerados populacionais;<\/li>\n<li>Estudar e desenvolver, em coordena\u00e7\u00e3o com os servi\u00e7os desconcentrados do MAE, um sistema de registo e numera\u00e7\u00e3o dos pr\u00e9dios urbanos constru\u00eddos nos principais aglomerados populacionais;<\/li>\n<li>Estudar e desenvolver, em coordena\u00e7\u00e3o com o Minist\u00e9rio do Com\u00e9rcio, Ind\u00fastria e Ambiente, o procedimento de licenciamento afixa\u00e7\u00e3o de mensagens publicit\u00e1rias e respectivo quadro jur\u00eddico;<\/li>\n<li>Apoiar, em coordena\u00e7\u00e3o com o Minist\u00e9rio das Obras P\u00fablicas, Transportes e Comunica\u00e7\u00f5es, com o Minist\u00e9rio do Interior e com o Minist\u00e9rio do Planeamento e Investimento Estrat\u00e9gico, o desenvolvimento de planos de mobilidade urbana para os principais agregados populacionais de Timor-Leste;<\/li>\n<li>Exercer as demais compet\u00eancias que lhe superiormente determinadas e que n\u00e3o incumbam a outro servi\u00e7o.<\/li>\n<\/ol>\n<\/li>\n<\/ol>\n<p>[\/fusion_text][\/fusion_builder_column][\/fusion_builder_row][\/fusion_builder_container]<\/p>\n","protected":false},"excerpt":{"rendered":"<p>[fusion_builder_container hundred_percent=&#8221;yes&#8221; overflow=&#8221;visible&#8221;][fusion_builder_row][fusion_builder_column type=&#8221;1_5&#8243; type=&#8221;1_5&#8243; layout=&#8221;1_5&#8243; last=&#8221;false&#8221; spacing=&#8221;yes&#8221; center_content=&#8221;no&#8221; hide_on_mobile=&#8221;no&#8221; background_color=&#8221;&#8221; background_image=&#8221;&#8221; background_repeat=&#8221;no-repeat&#8221; background_position=&#8221;left top&#8221; border_size=&#8221;0px&#8221; border_color=&#8221;&#8221; border_style=&#8221;solid&#8221; padding_top=&#8221;&#8221; padding_right=&#8221;&#8221; padding_bottom=&#8221;&#8221; padding_left=&#8221;&#8221; margin_top=&#8221;&#8221; margin_bottom=&#8221;&#8221; animation_type=&#8221;0&#8243; animation_direction=&#8221;down&#8221; animation_speed=&#8221;0.1&#8243; class=&#8221;&#8221; id=&#8221;&#8221; min_height=&#8221;&#8221; hover_type=&#8221;none&#8221; link=&#8221;&#8221; border_position=&#8221;all&#8221; first=&#8221;true&#8221;][fusion_person name=&#8221;Belarmino Filomeno Neves&#8221; title=&#8221;Director-Geral da Descentraliza\u00e7\u00e3o Administrativa&#8221; picture=&#8221;&#8221; picture_id=&#8221;&#8221; pic_link=&#8221;&#8221; linktarget=&#8221;_self&#8221; pic_style=&#8221;none&#8221; pic_style_blur=&#8221;&#8221; pic_style_color=&#8221;&#8221; pic_bordersize=&#8221;1px&#8221; pic_bordercolor=&#8221;#8e8e8e&#8221; pic_borderradius=&#8221;0&#8243; hover_type=&#8221;none&#8221; background_color=&#8221;&#8221; content_alignment=&#8221;&#8221; icon_position=&#8221;&#8221; [&hellip;]<\/p>\n","protected":false},"author":2,"featured_media":0,"parent":0,"menu_order":0,"comment_status":"open","ping_status":"closed","template":"","meta":{"footnotes":""},"class_list":["post-11852","page","type-page","status-publish","hentry"],"translation":{"provider":"WPGlobus","version":"3.0.0","language":"en","enabled_languages":["tm","pt","en"],"languages":{"tm":{"title":true,"content":true,"excerpt":false},"pt":{"title":false,"content":false,"excerpt":false},"en":{"title":false,"content":false,"excerpt":false}}},"yoast_head":"<!-- This site is optimized with the Yoast SEO plugin v26.5 - https:\/\/yoast.com\/wordpress\/plugins\/seo\/ -->\n<title>Direc\u00e7\u00e3o Geral Descentraliza\u00e7\u00e3o Administrativa - Ministry of State Administration<\/title>\n<meta name=\"robots\" content=\"index, follow, max-snippet:-1, max-image-preview:large, max-video-preview:-1\" \/>\n<link rel=\"canonical\" href=\"https:\/\/estatal.gov.tl\/direccao-geral-descentralizacao-administrativa\/\" \/>\n<meta property=\"og:locale\" content=\"en_US\" \/>\n<meta property=\"og:type\" content=\"article\" \/>\n<meta property=\"og:title\" content=\"Direc\u00e7\u00e3o Geral Descentraliza\u00e7\u00e3o Administrativa - Ministry of State Administration\" \/>\n<meta property=\"og:url\" content=\"https:\/\/estatal.gov.tl\/direccao-geral-descentralizacao-administrativa\/\" \/>\n<meta property=\"og:site_name\" content=\"Ministry of State Administration\" \/>\n<meta property=\"article:modified_time\" content=\"2022-12-01T07:45:46+00:00\" \/>\n<meta property=\"og:image\" content=\"https:\/\/estatal.gov.tl\/wp-content\/uploads\/2025\/07\/edificio_mae.jpg\" \/>\n\t<meta property=\"og:image:width\" content=\"2048\" \/>\n\t<meta property=\"og:image:height\" content=\"1182\" \/>\n\t<meta property=\"og:image:type\" content=\"image\/jpeg\" \/>\n<meta name=\"twitter:card\" content=\"summary_large_image\" \/>\n<meta name=\"twitter:label1\" content=\"Est. reading time\" \/>\n\t<meta name=\"twitter:data1\" content=\"6 minutes\" \/>\n<script type=\"application\/ld+json\" class=\"yoast-schema-graph\">{\"@context\":\"https:\/\/schema.org\",\"@graph\":[{\"@type\":\"WebPage\",\"@id\":\"https:\/\/estatal.gov.tl\/direccao-geral-descentralizacao-administrativa\/\",\"url\":\"https:\/\/estatal.gov.tl\/direccao-geral-descentralizacao-administrativa\/\",\"name\":\"Direc\u00e7\u00e3o Geral Descentraliza\u00e7\u00e3o Administrativa - Ministry of State Administration\",\"isPartOf\":{\"@id\":\"https:\/\/estatal.gov.tl\/pt\/#website\"},\"datePublished\":\"2015-08-06T09:37:08+00:00\",\"dateModified\":\"2022-12-01T07:45:46+00:00\",\"breadcrumb\":{\"@id\":\"https:\/\/estatal.gov.tl\/direccao-geral-descentralizacao-administrativa\/#breadcrumb\"},\"inLanguage\":\"en-US\",\"potentialAction\":[{\"@type\":\"ReadAction\",\"target\":[\"https:\/\/estatal.gov.tl\/direccao-geral-descentralizacao-administrativa\/\"]}]},{\"@type\":\"BreadcrumbList\",\"@id\":\"https:\/\/estatal.gov.tl\/direccao-geral-descentralizacao-administrativa\/#breadcrumb\",\"itemListElement\":[{\"@type\":\"ListItem\",\"position\":1,\"name\":\"Home\",\"item\":\"https:\/\/estatal.gov.tl\/pt\/\"},{\"@type\":\"ListItem\",\"position\":2,\"name\":\"Direc\u00e7\u00e3o Geral Descentraliza\u00e7\u00e3o Administrativa\"}]},{\"@type\":\"WebSite\",\"@id\":\"https:\/\/estatal.gov.tl\/pt\/#website\",\"url\":\"https:\/\/estatal.gov.tl\/pt\/\",\"name\":\"{:tm}Minist\u00e9riu Administrasaun Estatal{:}{:pt}Minist\u00e9rio da Administra\u00e7\u00e3o Estatal{:}{:en}Ministry of State Administration{:}\",\"description\":\"Minist\u00e9riu Administrasaun Estatal\",\"publisher\":{\"@id\":\"https:\/\/estatal.gov.tl\/pt\/#organization\"},\"potentialAction\":[{\"@type\":\"SearchAction\",\"target\":{\"@type\":\"EntryPoint\",\"urlTemplate\":\"https:\/\/estatal.gov.tl\/pt\/?s={search_term_string}\"},\"query-input\":{\"@type\":\"PropertyValueSpecification\",\"valueRequired\":true,\"valueName\":\"search_term_string\"}}],\"inLanguage\":\"en-US\"},{\"@type\":\"Organization\",\"@id\":\"https:\/\/estatal.gov.tl\/pt\/#organization\",\"name\":\"{:tm}Minist\u00e9riu Administrasaun Estatal{:}{:pt}Minist\u00e9rio da Administra\u00e7\u00e3o Estatal{:}{:en}Ministry of State Administration{:}\",\"url\":\"https:\/\/estatal.gov.tl\/pt\/\",\"logo\":{\"@type\":\"ImageObject\",\"inLanguage\":\"en-US\",\"@id\":\"https:\/\/estatal.gov.tl\/pt\/#\/schema\/logo\/image\/\",\"url\":\"https:\/\/estatal.gov.tl\/wp-content\/uploads\/2024\/09\/logo-municipality-1.png\",\"contentUrl\":\"https:\/\/estatal.gov.tl\/wp-content\/uploads\/2024\/09\/logo-municipality-1.png\",\"width\":250,\"height\":228,\"caption\":\"{:tm}Minist\u00e9riu Administrasaun Estatal{:}{:pt}Minist\u00e9rio da Administra\u00e7\u00e3o Estatal{:}{:en}Ministry of State Administration{:}\"},\"image\":{\"@id\":\"https:\/\/estatal.gov.tl\/pt\/#\/schema\/logo\/image\/\"}}]}<\/script>\n<!-- \/ Yoast SEO plugin. -->","yoast_head_json":{"title":"Direc\u00e7\u00e3o Geral Descentraliza\u00e7\u00e3o Administrativa - Ministry of State Administration","robots":{"index":"index","follow":"follow","max-snippet":"max-snippet:-1","max-image-preview":"max-image-preview:large","max-video-preview":"max-video-preview:-1"},"canonical":"https:\/\/estatal.gov.tl\/direccao-geral-descentralizacao-administrativa\/","og_locale":"en_US","og_type":"article","og_title":"Direc\u00e7\u00e3o Geral Descentraliza\u00e7\u00e3o Administrativa - Ministry of State Administration","og_url":"https:\/\/estatal.gov.tl\/direccao-geral-descentralizacao-administrativa\/","og_site_name":"Ministry of State Administration","article_modified_time":"2022-12-01T07:45:46+00:00","og_image":[{"width":2048,"height":1182,"url":"https:\/\/estatal.gov.tl\/wp-content\/uploads\/2025\/07\/edificio_mae.jpg","type":"image\/jpeg"}],"twitter_card":"summary_large_image","twitter_misc":{"Est. reading time":"6 minutes"},"schema":{"@context":"https:\/\/schema.org","@graph":[{"@type":"WebPage","@id":"https:\/\/estatal.gov.tl\/direccao-geral-descentralizacao-administrativa\/","url":"https:\/\/estatal.gov.tl\/direccao-geral-descentralizacao-administrativa\/","name":"Direc\u00e7\u00e3o Geral Descentraliza\u00e7\u00e3o Administrativa - Ministry of State Administration","isPartOf":{"@id":"https:\/\/estatal.gov.tl\/pt\/#website"},"datePublished":"2015-08-06T09:37:08+00:00","dateModified":"2022-12-01T07:45:46+00:00","breadcrumb":{"@id":"https:\/\/estatal.gov.tl\/direccao-geral-descentralizacao-administrativa\/#breadcrumb"},"inLanguage":"en-US","potentialAction":[{"@type":"ReadAction","target":["https:\/\/estatal.gov.tl\/direccao-geral-descentralizacao-administrativa\/"]}]},{"@type":"BreadcrumbList","@id":"https:\/\/estatal.gov.tl\/direccao-geral-descentralizacao-administrativa\/#breadcrumb","itemListElement":[{"@type":"ListItem","position":1,"name":"Home","item":"https:\/\/estatal.gov.tl\/pt\/"},{"@type":"ListItem","position":2,"name":"Direc\u00e7\u00e3o Geral Descentraliza\u00e7\u00e3o Administrativa"}]},{"@type":"WebSite","@id":"https:\/\/estatal.gov.tl\/pt\/#website","url":"https:\/\/estatal.gov.tl\/pt\/","name":"{:tm}Minist\u00e9riu Administrasaun Estatal{:}{:pt}Minist\u00e9rio da Administra\u00e7\u00e3o Estatal{:}{:en}Ministry of State Administration{:}","description":"Minist\u00e9riu Administrasaun Estatal","publisher":{"@id":"https:\/\/estatal.gov.tl\/pt\/#organization"},"potentialAction":[{"@type":"SearchAction","target":{"@type":"EntryPoint","urlTemplate":"https:\/\/estatal.gov.tl\/pt\/?s={search_term_string}"},"query-input":{"@type":"PropertyValueSpecification","valueRequired":true,"valueName":"search_term_string"}}],"inLanguage":"en-US"},{"@type":"Organization","@id":"https:\/\/estatal.gov.tl\/pt\/#organization","name":"{:tm}Minist\u00e9riu Administrasaun Estatal{:}{:pt}Minist\u00e9rio da Administra\u00e7\u00e3o Estatal{:}{:en}Ministry of State Administration{:}","url":"https:\/\/estatal.gov.tl\/pt\/","logo":{"@type":"ImageObject","inLanguage":"en-US","@id":"https:\/\/estatal.gov.tl\/pt\/#\/schema\/logo\/image\/","url":"https:\/\/estatal.gov.tl\/wp-content\/uploads\/2024\/09\/logo-municipality-1.png","contentUrl":"https:\/\/estatal.gov.tl\/wp-content\/uploads\/2024\/09\/logo-municipality-1.png","width":250,"height":228,"caption":"{:tm}Minist\u00e9riu Administrasaun Estatal{:}{:pt}Minist\u00e9rio da Administra\u00e7\u00e3o Estatal{:}{:en}Ministry of State Administration{:}"},"image":{"@id":"https:\/\/estatal.gov.tl\/pt\/#\/schema\/logo\/image\/"}}]}},"_links":{"self":[{"href":"https:\/\/estatal.gov.tl\/en\/wp-json\/wp\/v2\/pages\/11852","targetHints":{"allow":["GET"]}}],"collection":[{"href":"https:\/\/estatal.gov.tl\/en\/wp-json\/wp\/v2\/pages"}],"about":[{"href":"https:\/\/estatal.gov.tl\/en\/wp-json\/wp\/v2\/types\/page"}],"author":[{"embeddable":true,"href":"https:\/\/estatal.gov.tl\/en\/wp-json\/wp\/v2\/users\/2"}],"replies":[{"embeddable":true,"href":"https:\/\/estatal.gov.tl\/en\/wp-json\/wp\/v2\/comments?post=11852"}],"version-history":[{"count":16,"href":"https:\/\/estatal.gov.tl\/en\/wp-json\/wp\/v2\/pages\/11852\/revisions"}],"predecessor-version":[{"id":11854,"href":"https:\/\/estatal.gov.tl\/en\/wp-json\/wp\/v2\/pages\/11852\/revisions\/11854"}],"wp:attachment":[{"href":"https:\/\/estatal.gov.tl\/en\/wp-json\/wp\/v2\/media?parent=11852"}],"curies":[{"name":"wp","href":"https:\/\/api.w.org\/{rel}","templated":true}]}}