{"id":12099,"date":"2015-08-13T10:37:06","date_gmt":"2015-08-13T10:37:06","guid":{"rendered":"http:\/\/siteestatalgovtl.dreamhosters.com\/?page_id=12099"},"modified":"2019-10-03T18:48:03","modified_gmt":"2019-10-03T18:48:03","slug":"secretario-de-estado-da-administracao-estatal_tl","status":"publish","type":"page","link":"https:\/\/estatal.gov.tl\/en\/secretario-de-estado-da-administracao-estatal_tl\/","title":{"rendered":"Secretariu Estadu"},"content":{"rendered":"<p>[fusion_builder_container hundred_percent=&#8221;yes&#8221; overflow=&#8221;visible&#8221;][fusion_builder_row][fusion_builder_column type=&#8221;1_1&#8243; last=&#8221;yes&#8221; spacing=&#8221;yes&#8221; center_content=&#8221;no&#8221; hide_on_mobile=&#8221;no&#8221; background_color=&#8221;&#8221; background_image=&#8221;&#8221; background_repeat=&#8221;no-repeat&#8221; background_position=&#8221;left top&#8221; border_size=&#8221;0px&#8221; border_color=&#8221;&#8221; border_style=&#8221;&#8221; padding=&#8221;&#8221; margin_top=&#8221;&#8221; margin_bottom=&#8221;&#8221; animation_type=&#8221;&#8221; animation_direction=&#8221;&#8221; animation_speed=&#8221;0.1&#8243; class=&#8221;&#8221; id=&#8221;&#8221;][fusion_person name=&#8221;Samuel Mendon\u00e7a&#8221; title=&#8221;Secret\u00e1rio de Estado da Administra\u00e7\u00e3o Estatal&#8221; picture=&#8221;https:\/\/sestatal.gov.tl\/wp-content\/uploads\/2015\/08\/Sem-T\u00edtulo-190&#215;300.png&#8221; pic_link=&#8221;&#8221; linktarget=&#8221;_self&#8221; pic_style=&#8221;none&#8221; pic_style_color=&#8221;&#8221; pic_bordersize=&#8221;1px&#8221; pic_bordercolor=&#8221;#8e8e8e&#8221; pic_borderradius=&#8221;0&#8243; social_icon_boxed=&#8221;&#8221; social_icon_boxed_radius=&#8221;4px&#8221; social_icon_colors=&#8221;&#8221; social_icon_boxed_colors=&#8221;&#8221; social_icon_tooltip=&#8221; &#8221; email=&#8221;&#8221; facebook=&#8221;&#8221; twitter=&#8221;&#8221; instagram=&#8221;&#8221; dribbble=&#8221;&#8221; google=&#8221;&#8221; linkedin=&#8221;&#8221; blogger=&#8221;&#8221; tumblr=&#8221;&#8221; reddit=&#8221;&#8221; yahoo=&#8221;&#8221; deviantart=&#8221;&#8221; vimeo=&#8221;&#8221; youtube=&#8221;&#8221; pinterest=&#8221;&#8221; rss=&#8221;&#8221; digg=&#8221;&#8221; flickr=&#8221;&#8221; forrst=&#8221;&#8221; myspace=&#8221;&#8221; skype=&#8221;&#8221; paypal=&#8221;&#8221; dropbox=&#8221;&#8221; soundcloud=&#8221;&#8221; vk=&#8221;&#8221; class=&#8221;&#8221; id=&#8221;&#8221;][\/fusion_person][\/fusion_builder_column][fusion_builder_column type=&#8221;1_1&#8243; background_position=&#8221;left top&#8221; background_color=&#8221;&#8221; border_size=&#8221;&#8221; border_color=&#8221;&#8221; border_style=&#8221;solid&#8221; spacing=&#8221;yes&#8221; background_image=&#8221;&#8221; background_repeat=&#8221;no-repeat&#8221; padding=&#8221;&#8221; margin_top=&#8221;0px&#8221; margin_bottom=&#8221;0px&#8221; class=&#8221;&#8221; id=&#8221;&#8221; animation_type=&#8221;&#8221; animation_speed=&#8221;0.3&#8243; animation_direction=&#8221;left&#8221; hide_on_mobile=&#8221;no&#8221; center_content=&#8221;no&#8221; min_height=&#8221;none&#8221;][fusion_separator style_type=&#8221;single|dashed&#8221; top_margin=&#8221;&#8221; bottom_margin=&#8221;&#8221; sep_color=&#8221;#f4cd1f&#8221; border_size=&#8221;&#8221; icon=&#8221;&#8221; icon_circle=&#8221;&#8221; icon_circle_color=&#8221;&#8221; width=&#8221;&#8221; alignment=&#8221;center&#8221; class=&#8221;&#8221; id=&#8221;&#8221;\/][\/fusion_builder_column][fusion_builder_column type=&#8221;1_1&#8243; last=&#8221;yes&#8221; spacing=&#8221;yes&#8221; center_content=&#8221;no&#8221; hide_on_mobile=&#8221;no&#8221; background_color=&#8221;&#8221; background_image=&#8221;&#8221; background_repeat=&#8221;no-repeat&#8221; background_position=&#8221;left top&#8221; border_size=&#8221;0px&#8221; border_color=&#8221;&#8221; border_style=&#8221;&#8221; padding=&#8221;&#8221; margin_top=&#8221;&#8221; margin_bottom=&#8221;&#8221; animation_type=&#8221;&#8221; animation_direction=&#8221;&#8221; animation_speed=&#8221;0.1&#8243; class=&#8221;&#8221; id=&#8221;&#8221;][fusion_title size=&#8221;2&#8243; content_align=&#8221;left&#8221; style_type=&#8221;none&#8221; sep_color=&#8221;&#8221; class=&#8221;&#8221; id=&#8221;&#8221;]Nota Biogr\u00e1fica[\/fusion_title][\/fusion_builder_column][fusion_builder_column type=&#8221;1_1&#8243; last=&#8221;yes&#8221; spacing=&#8221;yes&#8221; center_content=&#8221;no&#8221; hide_on_mobile=&#8221;no&#8221; background_color=&#8221;&#8221; background_image=&#8221;&#8221; background_repeat=&#8221;no-repeat&#8221; background_position=&#8221;left top&#8221; border_size=&#8221;0px&#8221; border_color=&#8221;&#8221; border_style=&#8221;&#8221; padding=&#8221;&#8221; margin_top=&#8221;&#8221; margin_bottom=&#8221;&#8221; animation_type=&#8221;&#8221; animation_direction=&#8221;&#8221; animation_speed=&#8221;0.1&#8243; class=&#8221;&#8221; id=&#8221;&#8221;][fusion_text]Governu Konstitusional VI estabelese Sekret\u00e1riu Estadu Administrasaun Estatal (SEAE) ne\u2019ebe mak submete iha Ministeriu Administrasaun Estatal. Kargu ne\u2019e Assume hosi Sr. Samuel Mendon\u00e7a ne\u2019eb\u00e9 mak hetan tomada de posse iha loron 16 Fevereiro de 2015, Area servisu tuir kompetensia nebe delega husi Ministro da Administrasaun Estatal, mak hanesan servisu Organizasaun Urbana nebe fokus ba Higiene e Orden Publikas, Toponimia no Mobilidade Urbana.<br \/>\nIha V Governu Konstitusional, ne\u2019eb\u00e9 simu tomada de posse iha loron 8 Agostu 2012, Sr. Samuel Mendon\u00e7a assume kargu hanesan Sekret\u00e1riu Estadu Dezenvolvimentu Lok\u00e1l (SEDL), iha Ministeriu Administrasaun Estatal, no fokus iha Programa Nasional Dezenvolvimento Suku (PNDS) no Programa Dezenvolvimentu Integradu Municipiu (PDID).<br \/>\nSr. Samuel moris iha Maubisse, 24 Dezembru 1965.<br \/>\nHasai Lisensiatura iha area Si\u00e9nsia Pol\u00edtika iha UNTIM (Universitas Timor-Timur) iha tinan 1996.<br \/>\nIha tempu okupasaun Indonezia, servisu hanesan Funsionariu Indonezia iha Municipiu Ainaro hah\u00fa iha tinan 1985 to\u2019o 1999. Iha tempu ne\u2019eb\u00e1 assume kargu hanesan Sub Xefe Governu Lok\u00e1l iha Ainaro iha tinan 1986 to\u2019o 1987. Hafoin iha tinan 1987 to\u2019o 1989 sai hanesan Xefe Departamentu Governu Lok\u00e1l, no tinan 1989 to\u2019o 1991 sai hanesan Xefe Departamentu Dezenvolvimentu Governu Lok\u00e1l iha Ainaro.<br \/>\nWainhira remata eskola ensino secundaria iha tinan 1984, Sr. Samuel hah\u00fa envolve an iha vida pol\u00edtika, envolve iha membru klandestina iha Regi\u00e3o Cruzeiro no Regi\u00e3o IV hah\u00fa iha tinan 1985 to\u2019o 1999. Iha momentu Timor-Leste halo preparasaun ba referendum iha tinan 1999, kaer responsabilidade hanesan Koordenad\u00f3r ka porta vos ba Kampa\u00f1ia CNRT iha Posto Administrativu Maubisse, Municipiu Ainaro. Wainhira Timor-Leste hetan Independ\u00e9nsia, servisu hanesan membru Administrasaun Interna CNRT iha tinan 2000 to\u2019o 2002. Iha tinan 2000 liu husi eleisaun Assembleia Constituinte, Sr. Samuel Mendon\u00e7a eleitu hanesan Membro Assembleia Constituinte hodi hakerek Lei Inan Timor Leste (Konstituisaun RDTL), hafoin transforma ba Parlamentu Nasional 1\u00aa Legislatura, Sr. Samuel deside sai husi membrus Parlamentu Nasional hodi servisu deit ba Partidu Politika. Depoiz de ne\u2019e sai hanesan Fundador ba Partidu Demokr\u00e1tiku (PD), assume kargu hanesan Comissario Pol\u00edtica PD iha tinan 2001 to\u2019o 2006. Tinan 2006 to\u2019o 2012, liu hosi Kongresu Nasional Daruak Partidu Demokr\u00e1tiku, eleitu nudar 3a Vice Sekret\u00e1riu Geral Partidu Demokr\u00e1tiku, nune\u2019e m\u00f3s ejerse kargu nudar Sekr\u00e9tariu Geral Interino Partidu Demokr\u00e1tiku durante periodu ne\u2019e. Iha Kongresu Nasional Datoluk Partidu Demokr\u00e1tiku, re-eleitu hanesan 1a Vice Sekret\u00e1riu Geral Partidu Demokr\u00e1tiku, ba periodu tinan 2012 to\u2019o 2017.[\/fusion_text][\/fusion_builder_column][fusion_builder_column type=&#8221;1_1&#8243; background_position=&#8221;left top&#8221; background_color=&#8221;&#8221; border_size=&#8221;&#8221; border_color=&#8221;&#8221; border_style=&#8221;solid&#8221; spacing=&#8221;yes&#8221; background_image=&#8221;&#8221; background_repeat=&#8221;no-repeat&#8221; padding=&#8221;&#8221; margin_top=&#8221;0px&#8221; margin_bottom=&#8221;0px&#8221; class=&#8221;&#8221; id=&#8221;&#8221; animation_type=&#8221;&#8221; animation_speed=&#8221;0.3&#8243; animation_direction=&#8221;left&#8221; hide_on_mobile=&#8221;no&#8221; center_content=&#8221;no&#8221; min_height=&#8221;none&#8221;][fusion_separator style_type=&#8221;single|dashed&#8221; top_margin=&#8221;&#8221; bottom_margin=&#8221;&#8221; sep_color=&#8221;#f4cd1f&#8221; border_size=&#8221;&#8221; icon=&#8221;&#8221; icon_circle=&#8221;&#8221; icon_circle_color=&#8221;&#8221; width=&#8221;&#8221; alignment=&#8221;center&#8221; class=&#8221;&#8221; id=&#8221;&#8221;\/][\/fusion_builder_column][fusion_builder_column type=&#8221;1_1&#8243; last=&#8221;yes&#8221; spacing=&#8221;yes&#8221; center_content=&#8221;no&#8221; hide_on_mobile=&#8221;no&#8221; background_color=&#8221;&#8221; background_image=&#8221;&#8221; background_repeat=&#8221;no-repeat&#8221; background_position=&#8221;left top&#8221; border_size=&#8221;0px&#8221; border_color=&#8221;&#8221; border_style=&#8221;&#8221; padding=&#8221;&#8221; margin_top=&#8221;&#8221; margin_bottom=&#8221;&#8221; animation_type=&#8221;&#8221; animation_direction=&#8221;&#8221; animation_speed=&#8221;0.1&#8243; class=&#8221;&#8221; id=&#8221;&#8221;][fusion_title size=&#8221;2&#8243; content_align=&#8221;left&#8221; style_type=&#8221;none&#8221; sep_color=&#8221;&#8221; class=&#8221;&#8221; id=&#8221;&#8221;]Compet\u00eancias Delegadas[\/fusion_title][\/fusion_builder_column][fusion_builder_column type=&#8221;1_1&#8243; last=&#8221;yes&#8221; spacing=&#8221;yes&#8221; center_content=&#8221;no&#8221; hide_on_mobile=&#8221;no&#8221; background_color=&#8221;&#8221; background_image=&#8221;&#8221; background_repeat=&#8221;no-repeat&#8221; background_position=&#8221;left top&#8221; border_size=&#8221;0px&#8221; border_color=&#8221;&#8221; border_style=&#8221;&#8221; padding=&#8221;&#8221; margin_top=&#8221;&#8221; margin_bottom=&#8221;&#8221; animation_type=&#8221;&#8221; animation_direction=&#8221;&#8221; animation_speed=&#8221;0.1&#8243; class=&#8221;&#8221; id=&#8221;&#8221;][fusion_text]<\/p>\n<ol>\n<ol>\n<li>Praticar os actos necess\u00e1rios para assegurar a gest\u00e3o e o funcionamento dos sistemas de recolha e tratamento de res\u00edduos s\u00f3lidos urbanos e a manuten\u00e7\u00e3o da higiene e salubridade dos espa\u00e7os p\u00fablicos;<\/li>\n<li>Praticar os actos necess\u00e1rios para promover a cria\u00e7\u00e3o, a manuten\u00e7\u00e3o e a conserva\u00e7\u00e3o dos jardins e espa\u00e7os p\u00fablicos;<\/li>\n<li>Praticar os actos necess\u00e1rios para promover medidas de conserva\u00e7\u00e3o da higiene e ordem p\u00fablica urbana;<\/li>\n<li>Praticar os actos necess\u00e1rios para a cria\u00e7\u00e3o de um registo dos arruamentos dos principais aglomerados populacionais, bem como a atribui\u00e7\u00e3o de um n\u00famero de pol\u00edcia aos pr\u00e9dios urbanos constru\u00eddos;<\/li>\n<li>Acompanhar e orientar as pol\u00edticas relativas \u00e0 topon\u00edmia;<\/li>\n<li>Formular as iniciativas legislativas e as propostas de regulamenta\u00e7\u00e3o necess\u00e1rias ao cumprimento das atribui\u00e7\u00f5es da Direc\u00e7\u00e3o-Geral para a Higiene, Ordem P\u00fablica e Topon\u00edmia;<\/li>\n<li>Propor medidas de organiza\u00e7\u00e3o do espa\u00e7o urbano;<\/li>\n<li>Praticar os actos necess\u00e1rios para assegurar a organiza\u00e7\u00e3o da informa\u00e7\u00e3o geogr\u00e1fica e urban\u00edstica dispon\u00edvel;<\/li>\n<li>Representar o Minist\u00e9rio da Administra\u00e7\u00e3o Estatal nas quest\u00f5es relativas ao urbanismo e organiza\u00e7\u00e3o urbana;<\/li>\n<li>Praticar os actos necess\u00e1rios para a cria\u00e7\u00e3o dos mecanismos adequados \u00e0 garantia de boas pr\u00e1ticas e da transpar\u00eancia dos procedimentos da compet\u00eancia do servi\u00e7o sob a sua responsabilidade directa;<\/li>\n<li>Propor, definir, acompanhar e avaliar as propostas do plano, dos programas e do or\u00e7amento anual do servi\u00e7o sob a sua responsabilidade directa;<\/li>\n<li>Apresentar relat\u00f3rios peri\u00f3dicos de actividades do servi\u00e7o sob a sua responsabilidade directa ao Ministro da Administra\u00e7\u00e3o Estatal;<\/li>\n<li>Despachar a correspond\u00eancia e o expediente geral dos servi\u00e7os sob sua responsabilidade directa;<\/li>\n<li>Assinar of\u00edcios de mero expediente destinados aos \u00f3rg\u00e3os, organismos e servi\u00e7os do Minist\u00e9rio, a entidades p\u00fablicas nacionais, a representa\u00e7\u00f5es diplom\u00e1ticas, representantes e dirigentes de ag\u00eancias internacionais;<\/li>\n<li>Praticar os actos necess\u00e1rios para a gest\u00e3o dos recursos humanos e a promo\u00e7\u00e3o de programas de forma\u00e7\u00e3o e de especializa\u00e7\u00e3o dos funcion\u00e1rios dos servi\u00e7o sob a sua responsabilidade;<\/li>\n<li>Autorizar a realiza\u00e7\u00e3o de despesa, incluindo a assinatura dos formul\u00e1rios de compromisso de pagamento, at\u00e9 ao montante de US$ 5,000.00 (cinco mil d\u00f3lares americanos) e de acordo com o or\u00e7amento geral do Estado em vigor;<\/li>\n<li>Decidir sobre os assuntos relacionados com log\u00edstica, equipamentos e viaturas do servi\u00e7o sob a sua responsabilidade directa.<\/li>\n<\/ol>\n<\/ol>\n<p>[\/fusion_text][\/fusion_builder_column][fusion_builder_column type=&#8221;1_1&#8243; background_position=&#8221;left top&#8221; background_color=&#8221;&#8221; border_size=&#8221;&#8221; border_color=&#8221;&#8221; border_style=&#8221;solid&#8221; spacing=&#8221;yes&#8221; background_image=&#8221;&#8221; background_repeat=&#8221;no-repeat&#8221; padding=&#8221;&#8221; margin_top=&#8221;0px&#8221; margin_bottom=&#8221;0px&#8221; class=&#8221;&#8221; id=&#8221;&#8221; animation_type=&#8221;&#8221; animation_speed=&#8221;0.3&#8243; animation_direction=&#8221;left&#8221; hide_on_mobile=&#8221;no&#8221; center_content=&#8221;no&#8221; min_height=&#8221;none&#8221;][fusion_title size=&#8221;4&#8243; content_align=&#8221;right&#8221; style_type=&#8221;none&#8221; sep_color=&#8221;&#8221; class=&#8221;&#8221; id=&#8221;&#8221;]<em>(atrav\u00e9s do Despacho n.\u00ba 102\/GM-MAE\/VI\/2015)<\/em>[\/fusion_title][fusion_separator style_type=&#8221;single|dashed&#8221; top_margin=&#8221;&#8221; bottom_margin=&#8221;&#8221; sep_color=&#8221;#f4cd1f&#8221; border_size=&#8221;&#8221; icon=&#8221;&#8221; icon_circle=&#8221;&#8221; icon_circle_color=&#8221;&#8221; width=&#8221;&#8221; alignment=&#8221;center&#8221; class=&#8221;&#8221; id=&#8221;&#8221;\/][\/fusion_builder_column][fusion_builder_column type=&#8221;1_1&#8243; background_position=&#8221;left top&#8221; background_color=&#8221;&#8221; border_size=&#8221;&#8221; border_color=&#8221;&#8221; border_style=&#8221;solid&#8221; spacing=&#8221;yes&#8221; background_image=&#8221;&#8221; background_repeat=&#8221;no-repeat&#8221; padding=&#8221;&#8221; margin_top=&#8221;0px&#8221; margin_bottom=&#8221;0px&#8221; class=&#8221;&#8221; id=&#8221;&#8221; animation_type=&#8221;&#8221; animation_speed=&#8221;0.3&#8243; animation_direction=&#8221;left&#8221; hide_on_mobile=&#8221;no&#8221; center_content=&#8221;no&#8221; min_height=&#8221;none&#8221;][fusion_title size=&#8221;2&#8243; content_align=&#8221;left&#8221; style_type=&#8221;none&#8221; sep_color=&#8221;&#8221; class=&#8221;&#8221; id=&#8221;&#8221;]Kontaktu[\/fusion_title][fusion_text]<\/p>\n<p align=\"LEFT\">Email: <a href=\"mailto:ministro.mae@estatal.gov.tl\">gab.seae@estatal.gov.tl<\/a><\/p>\n<p align=\"LEFT\">Telem.: (+670) 773 124 21<\/p>\n<p>[\/fusion_text][\/fusion_builder_column][\/fusion_builder_row][\/fusion_builder_container]<\/p>\n","protected":false},"excerpt":{"rendered":"<p>[fusion_builder_container hundred_percent=&#8221;yes&#8221; overflow=&#8221;visible&#8221;][fusion_builder_row][fusion_builder_column type=&#8221;1_1&#8243; last=&#8221;yes&#8221; spacing=&#8221;yes&#8221; center_content=&#8221;no&#8221; hide_on_mobile=&#8221;no&#8221; background_color=&#8221;&#8221; background_image=&#8221;&#8221; background_repeat=&#8221;no-repeat&#8221; background_position=&#8221;left top&#8221; border_size=&#8221;0px&#8221; border_color=&#8221;&#8221; border_style=&#8221;&#8221; padding=&#8221;&#8221; margin_top=&#8221;&#8221; margin_bottom=&#8221;&#8221; animation_type=&#8221;&#8221; animation_direction=&#8221;&#8221; animation_speed=&#8221;0.1&#8243; class=&#8221;&#8221; id=&#8221;&#8221;][fusion_person name=&#8221;Samuel Mendon\u00e7a&#8221; title=&#8221;Secret\u00e1rio de Estado da Administra\u00e7\u00e3o Estatal&#8221; picture=&#8221;https:\/\/sestatal.gov.tl\/wp-content\/uploads\/2015\/08\/Sem-T\u00edtulo-190&#215;300.png&#8221; pic_link=&#8221;&#8221; linktarget=&#8221;_self&#8221; pic_style=&#8221;none&#8221; pic_style_color=&#8221;&#8221; pic_bordersize=&#8221;1px&#8221; pic_bordercolor=&#8221;#8e8e8e&#8221; pic_borderradius=&#8221;0&#8243; social_icon_boxed=&#8221;&#8221; social_icon_boxed_radius=&#8221;4px&#8221; social_icon_colors=&#8221;&#8221; social_icon_boxed_colors=&#8221;&#8221; social_icon_tooltip=&#8221; &#8221; email=&#8221;&#8221; facebook=&#8221;&#8221; twitter=&#8221;&#8221; instagram=&#8221;&#8221; dribbble=&#8221;&#8221; google=&#8221;&#8221; linkedin=&#8221;&#8221; blogger=&#8221;&#8221; tumblr=&#8221;&#8221; [&hellip;]<\/p>\n","protected":false},"author":2,"featured_media":0,"parent":0,"menu_order":0,"comment_status":"closed","ping_status":"closed","template":"","meta":{"footnotes":""},"class_list":["post-12099","page","type-page","status-publish","hentry"],"translation":{"provider":"WPGlobus","version":"3.0.0","language":"en","enabled_languages":["tm","pt","en"],"languages":{"tm":{"title":true,"content":true,"excerpt":false},"pt":{"title":false,"content":false,"excerpt":false},"en":{"title":false,"content":false,"excerpt":false}}},"yoast_head":"<!-- This site is optimized with the Yoast SEO plugin v26.5 - https:\/\/yoast.com\/wordpress\/plugins\/seo\/ -->\n<title>Secretariu Estadu - Ministry of State Administration<\/title>\n<meta name=\"robots\" content=\"index, follow, max-snippet:-1, max-image-preview:large, max-video-preview:-1\" \/>\n<link rel=\"canonical\" href=\"https:\/\/estatal.gov.tl\/secretario-de-estado-da-administracao-estatal_tl\/\" \/>\n<meta property=\"og:locale\" content=\"en_US\" \/>\n<meta property=\"og:type\" content=\"article\" \/>\n<meta property=\"og:title\" content=\"Secretariu Estadu - Ministry of State Administration\" \/>\n<meta property=\"og:url\" content=\"https:\/\/estatal.gov.tl\/secretario-de-estado-da-administracao-estatal_tl\/\" \/>\n<meta property=\"og:site_name\" content=\"Ministry of State Administration\" \/>\n<meta property=\"article:modified_time\" content=\"2019-10-03T18:48:03+00:00\" \/>\n<meta property=\"og:image\" content=\"https:\/\/estatal.gov.tl\/wp-content\/uploads\/2025\/07\/edificio_mae.jpg\" \/>\n\t<meta property=\"og:image:width\" content=\"2048\" \/>\n\t<meta property=\"og:image:height\" content=\"1182\" \/>\n\t<meta property=\"og:image:type\" content=\"image\/jpeg\" \/>\n<meta name=\"twitter:card\" content=\"summary_large_image\" \/>\n<meta name=\"twitter:label1\" content=\"Est. reading time\" \/>\n\t<meta name=\"twitter:data1\" content=\"8 minutes\" \/>\n<script type=\"application\/ld+json\" class=\"yoast-schema-graph\">{\"@context\":\"https:\/\/schema.org\",\"@graph\":[{\"@type\":\"WebPage\",\"@id\":\"https:\/\/estatal.gov.tl\/secretario-de-estado-da-administracao-estatal_tl\/\",\"url\":\"https:\/\/estatal.gov.tl\/secretario-de-estado-da-administracao-estatal_tl\/\",\"name\":\"Secretariu Estadu - Ministry of State Administration\",\"isPartOf\":{\"@id\":\"https:\/\/estatal.gov.tl\/pt\/#website\"},\"datePublished\":\"2015-08-13T10:37:06+00:00\",\"dateModified\":\"2019-10-03T18:48:03+00:00\",\"breadcrumb\":{\"@id\":\"https:\/\/estatal.gov.tl\/secretario-de-estado-da-administracao-estatal_tl\/#breadcrumb\"},\"inLanguage\":\"en-US\",\"potentialAction\":[{\"@type\":\"ReadAction\",\"target\":[\"https:\/\/estatal.gov.tl\/secretario-de-estado-da-administracao-estatal_tl\/\"]}]},{\"@type\":\"BreadcrumbList\",\"@id\":\"https:\/\/estatal.gov.tl\/secretario-de-estado-da-administracao-estatal_tl\/#breadcrumb\",\"itemListElement\":[{\"@type\":\"ListItem\",\"position\":1,\"name\":\"Home\",\"item\":\"https:\/\/estatal.gov.tl\/pt\/\"},{\"@type\":\"ListItem\",\"position\":2,\"name\":\"Secretariu Estadu\"}]},{\"@type\":\"WebSite\",\"@id\":\"https:\/\/estatal.gov.tl\/pt\/#website\",\"url\":\"https:\/\/estatal.gov.tl\/pt\/\",\"name\":\"{:tm}Minist\u00e9riu Administrasaun Estatal{:}{:pt}Minist\u00e9rio da Administra\u00e7\u00e3o Estatal{:}{:en}Ministry of State Administration{:}\",\"description\":\"Minist\u00e9riu Administrasaun Estatal\",\"publisher\":{\"@id\":\"https:\/\/estatal.gov.tl\/pt\/#organization\"},\"potentialAction\":[{\"@type\":\"SearchAction\",\"target\":{\"@type\":\"EntryPoint\",\"urlTemplate\":\"https:\/\/estatal.gov.tl\/pt\/?s={search_term_string}\"},\"query-input\":{\"@type\":\"PropertyValueSpecification\",\"valueRequired\":true,\"valueName\":\"search_term_string\"}}],\"inLanguage\":\"en-US\"},{\"@type\":\"Organization\",\"@id\":\"https:\/\/estatal.gov.tl\/pt\/#organization\",\"name\":\"{:tm}Minist\u00e9riu Administrasaun Estatal{:}{:pt}Minist\u00e9rio da Administra\u00e7\u00e3o Estatal{:}{:en}Ministry of State Administration{:}\",\"url\":\"https:\/\/estatal.gov.tl\/pt\/\",\"logo\":{\"@type\":\"ImageObject\",\"inLanguage\":\"en-US\",\"@id\":\"https:\/\/estatal.gov.tl\/pt\/#\/schema\/logo\/image\/\",\"url\":\"https:\/\/estatal.gov.tl\/wp-content\/uploads\/2024\/09\/logo-municipality-1.png\",\"contentUrl\":\"https:\/\/estatal.gov.tl\/wp-content\/uploads\/2024\/09\/logo-municipality-1.png\",\"width\":250,\"height\":228,\"caption\":\"{:tm}Minist\u00e9riu Administrasaun Estatal{:}{:pt}Minist\u00e9rio da Administra\u00e7\u00e3o Estatal{:}{:en}Ministry of State Administration{:}\"},\"image\":{\"@id\":\"https:\/\/estatal.gov.tl\/pt\/#\/schema\/logo\/image\/\"}}]}<\/script>\n<!-- \/ Yoast SEO plugin. -->","yoast_head_json":{"title":"Secretariu Estadu - Ministry of State Administration","robots":{"index":"index","follow":"follow","max-snippet":"max-snippet:-1","max-image-preview":"max-image-preview:large","max-video-preview":"max-video-preview:-1"},"canonical":"https:\/\/estatal.gov.tl\/secretario-de-estado-da-administracao-estatal_tl\/","og_locale":"en_US","og_type":"article","og_title":"Secretariu Estadu - Ministry of State Administration","og_url":"https:\/\/estatal.gov.tl\/secretario-de-estado-da-administracao-estatal_tl\/","og_site_name":"Ministry of State Administration","article_modified_time":"2019-10-03T18:48:03+00:00","og_image":[{"width":2048,"height":1182,"url":"https:\/\/estatal.gov.tl\/wp-content\/uploads\/2025\/07\/edificio_mae.jpg","type":"image\/jpeg"}],"twitter_card":"summary_large_image","twitter_misc":{"Est. reading time":"8 minutes"},"schema":{"@context":"https:\/\/schema.org","@graph":[{"@type":"WebPage","@id":"https:\/\/estatal.gov.tl\/secretario-de-estado-da-administracao-estatal_tl\/","url":"https:\/\/estatal.gov.tl\/secretario-de-estado-da-administracao-estatal_tl\/","name":"Secretariu Estadu - Ministry of State Administration","isPartOf":{"@id":"https:\/\/estatal.gov.tl\/pt\/#website"},"datePublished":"2015-08-13T10:37:06+00:00","dateModified":"2019-10-03T18:48:03+00:00","breadcrumb":{"@id":"https:\/\/estatal.gov.tl\/secretario-de-estado-da-administracao-estatal_tl\/#breadcrumb"},"inLanguage":"en-US","potentialAction":[{"@type":"ReadAction","target":["https:\/\/estatal.gov.tl\/secretario-de-estado-da-administracao-estatal_tl\/"]}]},{"@type":"BreadcrumbList","@id":"https:\/\/estatal.gov.tl\/secretario-de-estado-da-administracao-estatal_tl\/#breadcrumb","itemListElement":[{"@type":"ListItem","position":1,"name":"Home","item":"https:\/\/estatal.gov.tl\/pt\/"},{"@type":"ListItem","position":2,"name":"Secretariu Estadu"}]},{"@type":"WebSite","@id":"https:\/\/estatal.gov.tl\/pt\/#website","url":"https:\/\/estatal.gov.tl\/pt\/","name":"{:tm}Minist\u00e9riu Administrasaun Estatal{:}{:pt}Minist\u00e9rio da Administra\u00e7\u00e3o Estatal{:}{:en}Ministry of State Administration{:}","description":"Minist\u00e9riu Administrasaun Estatal","publisher":{"@id":"https:\/\/estatal.gov.tl\/pt\/#organization"},"potentialAction":[{"@type":"SearchAction","target":{"@type":"EntryPoint","urlTemplate":"https:\/\/estatal.gov.tl\/pt\/?s={search_term_string}"},"query-input":{"@type":"PropertyValueSpecification","valueRequired":true,"valueName":"search_term_string"}}],"inLanguage":"en-US"},{"@type":"Organization","@id":"https:\/\/estatal.gov.tl\/pt\/#organization","name":"{:tm}Minist\u00e9riu Administrasaun Estatal{:}{:pt}Minist\u00e9rio da Administra\u00e7\u00e3o Estatal{:}{:en}Ministry of State Administration{:}","url":"https:\/\/estatal.gov.tl\/pt\/","logo":{"@type":"ImageObject","inLanguage":"en-US","@id":"https:\/\/estatal.gov.tl\/pt\/#\/schema\/logo\/image\/","url":"https:\/\/estatal.gov.tl\/wp-content\/uploads\/2024\/09\/logo-municipality-1.png","contentUrl":"https:\/\/estatal.gov.tl\/wp-content\/uploads\/2024\/09\/logo-municipality-1.png","width":250,"height":228,"caption":"{:tm}Minist\u00e9riu Administrasaun Estatal{:}{:pt}Minist\u00e9rio da Administra\u00e7\u00e3o Estatal{:}{:en}Ministry of State Administration{:}"},"image":{"@id":"https:\/\/estatal.gov.tl\/pt\/#\/schema\/logo\/image\/"}}]}},"_links":{"self":[{"href":"https:\/\/estatal.gov.tl\/en\/wp-json\/wp\/v2\/pages\/12099","targetHints":{"allow":["GET"]}}],"collection":[{"href":"https:\/\/estatal.gov.tl\/en\/wp-json\/wp\/v2\/pages"}],"about":[{"href":"https:\/\/estatal.gov.tl\/en\/wp-json\/wp\/v2\/types\/page"}],"author":[{"embeddable":true,"href":"https:\/\/estatal.gov.tl\/en\/wp-json\/wp\/v2\/users\/2"}],"replies":[{"embeddable":true,"href":"https:\/\/estatal.gov.tl\/en\/wp-json\/wp\/v2\/comments?post=12099"}],"version-history":[{"count":7,"href":"https:\/\/estatal.gov.tl\/en\/wp-json\/wp\/v2\/pages\/12099\/revisions"}],"predecessor-version":[{"id":16148,"href":"https:\/\/estatal.gov.tl\/en\/wp-json\/wp\/v2\/pages\/12099\/revisions\/16148"}],"wp:attachment":[{"href":"https:\/\/estatal.gov.tl\/en\/wp-json\/wp\/v2\/media?parent=12099"}],"curies":[{"name":"wp","href":"https:\/\/api.w.org\/{rel}","templated":true}]}}