{"id":12324,"date":"2015-08-14T10:33:41","date_gmt":"2015-08-14T10:33:41","guid":{"rendered":"http:\/\/siteestatalgovtl.dreamhosters.com\/?page_id=12324"},"modified":"2019-10-03T18:47:59","modified_gmt":"2019-10-03T18:47:59","slug":"stae-secretariado-tecnico-da-administracao-eleitoral","status":"publish","type":"page","link":"https:\/\/estatal.gov.tl\/en\/stae-secretariado-tecnico-da-administracao-eleitoral\/","title":{"rendered":"STAE &#8211; Secretariado T\u00e9cnico da Administra\u00e7\u00e3o Eleitoral"},"content":{"rendered":"<p>[fusion_builder_container hundred_percent=&#8221;yes&#8221; overflow=&#8221;visible&#8221;][fusion_builder_row][fusion_builder_column type=&#8221;1_5&#8243; last=&#8221;no&#8221; spacing=&#8221;yes&#8221; center_content=&#8221;no&#8221; hide_on_mobile=&#8221;no&#8221; background_color=&#8221;&#8221; background_image=&#8221;&#8221; background_repeat=&#8221;no-repeat&#8221; background_position=&#8221;left top&#8221; border_size=&#8221;0px&#8221; border_color=&#8221;&#8221; border_style=&#8221;solid&#8221; padding=&#8221;&#8221; margin_top=&#8221;&#8221; margin_bottom=&#8221;&#8221; animation_type=&#8221;0&#8243; animation_direction=&#8221;down&#8221; animation_speed=&#8221;0.1&#8243; class=&#8221;&#8221; id=&#8221;&#8221;][fusion_person name=&#8221;Acilino Manuel Branco&#8221; title=&#8221;Director-Geral do STAE&#8221; picture=&#8221;https:\/\/sestatal.gov.tl\/wp-content\/uploads\/2015\/08\/Acilino-Branco-STAE-201&#215;300.png&#8221; pic_link=&#8221;&#8221; linktarget=&#8221;_self&#8221; pic_style=&#8221;none&#8221; pic_style_color=&#8221;&#8221; pic_bordersize=&#8221;1px&#8221; pic_bordercolor=&#8221;#8e8e8e&#8221; pic_borderradius=&#8221;0&#8243; social_icon_boxed=&#8221;&#8221; social_icon_boxed_radius=&#8221;4px&#8221; social_icon_colors=&#8221;&#8221; social_icon_boxed_colors=&#8221;&#8221; social_icon_tooltip=&#8221; &#8221; email=&#8221;&#8221; facebook=&#8221;&#8221; twitter=&#8221;&#8221; instagram=&#8221;&#8221; dribbble=&#8221;&#8221; google=&#8221;&#8221; linkedin=&#8221;&#8221; blogger=&#8221;&#8221; tumblr=&#8221;&#8221; reddit=&#8221;&#8221; yahoo=&#8221;&#8221; deviantart=&#8221;&#8221; vimeo=&#8221;&#8221; youtube=&#8221;&#8221; pinterest=&#8221;&#8221; rss=&#8221;&#8221; digg=&#8221;&#8221; flickr=&#8221;&#8221; forrst=&#8221;&#8221; myspace=&#8221;&#8221; skype=&#8221;&#8221; paypal=&#8221;&#8221; dropbox=&#8221;&#8221; soundcloud=&#8221;&#8221; vk=&#8221;&#8221; class=&#8221;&#8221; id=&#8221;&#8221;][\/fusion_person][\/fusion_builder_column][fusion_builder_column type=&#8221;3_4&#8243; last=&#8221;yes&#8221; spacing=&#8221;yes&#8221; center_content=&#8221;no&#8221; hide_on_mobile=&#8221;no&#8221; background_color=&#8221;&#8221; background_image=&#8221;&#8221; background_repeat=&#8221;no-repeat&#8221; background_position=&#8221;left top&#8221; border_size=&#8221;0px&#8221; border_color=&#8221;&#8221; border_style=&#8221;&#8221; padding=&#8221;&#8221; margin_top=&#8221;&#8221; margin_bottom=&#8221;&#8221; animation_type=&#8221;&#8221; animation_direction=&#8221;&#8221; animation_speed=&#8221;0.1&#8243; class=&#8221;&#8221; id=&#8221;&#8221;][fusion_title size=&#8221;2&#8243; content_align=&#8221;left&#8221; style_type=&#8221;none&#8221; sep_color=&#8221;&#8221; class=&#8221;&#8221; id=&#8221;&#8221;]Contactos[\/fusion_title][fusion_text]<\/p>\n<p align=\"LEFT\">Email: <a href=\"mailto:ministro.mae@estatal.gov.tl\">gabinete.vice-ministro@estatal.gov.tl<\/a><\/p>\n<p align=\"LEFT\">Telem.: (+670) 773 040 58<\/p>\n<p align=\"LEFT\">Facebook: <a href=\"https:\/\/www.facebook.com\/STAE.TL\" target=\"_blank\" rel=\"noopener noreferrer\">facebook STAE<\/a><\/p>\n<p>[\/fusion_text][\/fusion_builder_column][fusion_builder_column type=&#8221;1_1&#8243; background_position=&#8221;left top&#8221; background_color=&#8221;&#8221; border_size=&#8221;&#8221; border_color=&#8221;&#8221; border_style=&#8221;solid&#8221; spacing=&#8221;yes&#8221; background_image=&#8221;&#8221; background_repeat=&#8221;no-repeat&#8221; padding=&#8221;&#8221; margin_top=&#8221;0px&#8221; margin_bottom=&#8221;0px&#8221; class=&#8221;&#8221; id=&#8221;&#8221; animation_type=&#8221;&#8221; animation_speed=&#8221;0.3&#8243; animation_direction=&#8221;left&#8221; hide_on_mobile=&#8221;no&#8221; center_content=&#8221;no&#8221; min_height=&#8221;none&#8221;][fusion_separator style_type=&#8221;single|dashed&#8221; top_margin=&#8221;&#8221; bottom_margin=&#8221;&#8221; sep_color=&#8221;#f4cd1f&#8221; border_size=&#8221;&#8221; icon=&#8221;&#8221; icon_circle=&#8221;&#8221; icon_circle_color=&#8221;&#8221; width=&#8221;&#8221; alignment=&#8221;center&#8221; class=&#8221;&#8221; id=&#8221;&#8221;\/][\/fusion_builder_column][fusion_builder_column type=&#8221;1_1&#8243; last=&#8221;yes&#8221; spacing=&#8221;yes&#8221; center_content=&#8221;no&#8221; hide_on_mobile=&#8221;no&#8221; background_color=&#8221;&#8221; background_image=&#8221;&#8221; background_repeat=&#8221;no-repeat&#8221; background_position=&#8221;left top&#8221; border_size=&#8221;0px&#8221; border_color=&#8221;&#8221; border_style=&#8221;solid&#8221; padding=&#8221;&#8221; margin_top=&#8221;&#8221; margin_bottom=&#8221;&#8221; animation_type=&#8221;0&#8243; animation_direction=&#8221;down&#8221; animation_speed=&#8221;0.1&#8243; class=&#8221;&#8221; id=&#8221;&#8221;][fusion_title size=&#8221;2&#8243; content_align=&#8221;left&#8221; style_type=&#8221;none&#8221; sep_color=&#8221;&#8221; class=&#8221;&#8221; id=&#8221;&#8221;]Miss\u00e3o<br \/>\n[\/fusion_title][\/fusion_builder_column][fusion_builder_column type=&#8221;1_1&#8243; last=&#8221;yes&#8221; spacing=&#8221;yes&#8221; center_content=&#8221;no&#8221; hide_on_mobile=&#8221;no&#8221; background_color=&#8221;&#8221; background_image=&#8221;&#8221; background_repeat=&#8221;no-repeat&#8221; background_position=&#8221;left top&#8221; border_size=&#8221;0px&#8221; border_color=&#8221;&#8221; border_style=&#8221;&#8221; padding=&#8221;&#8221; margin_top=&#8221;&#8221; margin_bottom=&#8221;&#8221; animation_type=&#8221;&#8221; animation_direction=&#8221;&#8221; animation_speed=&#8221;0.1&#8243; class=&#8221;&#8221; id=&#8221;&#8221;][fusion_text]O STAE \u00e9 um servi\u00e7o aut\u00f3nomo que, sob a tutela e superintend\u00eancia do Ministro, tem por miss\u00e3o organizar, apoiar e executar os processos eleitorais e referend\u00e1rios da Rep\u00fablica Democr\u00e1tica de Timor-Leste e realizar de estudos em mat\u00e9ria eleitoral.[\/fusion_text][\/fusion_builder_column][fusion_builder_column type=&#8221;1_1&#8243; background_position=&#8221;left top&#8221; background_color=&#8221;&#8221; border_size=&#8221;&#8221; border_color=&#8221;&#8221; border_style=&#8221;solid&#8221; spacing=&#8221;yes&#8221; background_image=&#8221;&#8221; background_repeat=&#8221;no-repeat&#8221; padding=&#8221;&#8221; margin_top=&#8221;0px&#8221; margin_bottom=&#8221;0px&#8221; class=&#8221;&#8221; id=&#8221;&#8221; animation_type=&#8221;&#8221; animation_speed=&#8221;0.3&#8243; animation_direction=&#8221;left&#8221; hide_on_mobile=&#8221;no&#8221; center_content=&#8221;no&#8221; min_height=&#8221;none&#8221;][fusion_separator style_type=&#8221;single|dashed&#8221; top_margin=&#8221;&#8221; bottom_margin=&#8221;&#8221; sep_color=&#8221;#f4cd1f&#8221; border_size=&#8221;&#8221; icon=&#8221;&#8221; icon_circle=&#8221;&#8221; icon_circle_color=&#8221;&#8221; width=&#8221;&#8221; alignment=&#8221;center&#8221; class=&#8221;&#8221; id=&#8221;&#8221;\/][\/fusion_builder_column][fusion_builder_column type=&#8221;1_1&#8243; last=&#8221;yes&#8221; spacing=&#8221;yes&#8221; center_content=&#8221;no&#8221; hide_on_mobile=&#8221;no&#8221; background_color=&#8221;&#8221; background_image=&#8221;&#8221; background_repeat=&#8221;no-repeat&#8221; background_position=&#8221;left top&#8221; border_size=&#8221;0px&#8221; border_color=&#8221;&#8221; border_style=&#8221;&#8221; padding=&#8221;&#8221; margin_top=&#8221;&#8221; margin_bottom=&#8221;&#8221; animation_type=&#8221;&#8221; animation_direction=&#8221;&#8221; animation_speed=&#8221;0.1&#8243; class=&#8221;&#8221; id=&#8221;&#8221;][fusion_title size=&#8221;2&#8243; content_align=&#8221;left&#8221; style_type=&#8221;none&#8221; sep_color=&#8221;&#8221; class=&#8221;&#8221; id=&#8221;&#8221;]Compet\u00eancias[\/fusion_title][\/fusion_builder_column][fusion_builder_column type=&#8221;1_1&#8243; last=&#8221;yes&#8221; spacing=&#8221;yes&#8221; center_content=&#8221;no&#8221; hide_on_mobile=&#8221;no&#8221; background_color=&#8221;&#8221; background_image=&#8221;&#8221; background_repeat=&#8221;no-repeat&#8221; background_position=&#8221;left top&#8221; border_size=&#8221;0px&#8221; border_color=&#8221;&#8221; border_style=&#8221;&#8221; padding=&#8221;&#8221; margin_top=&#8221;&#8221; margin_bottom=&#8221;&#8221; animation_type=&#8221;&#8221; animation_direction=&#8221;&#8221; animation_speed=&#8221;0.1&#8243; class=&#8221;&#8221; id=&#8221;&#8221;][fusion_text]<\/p>\n<ol>\n<li>Assegurar a execu\u00e7\u00e3o das linhas de orienta\u00e7\u00e3o estrat\u00e9gica do STAE definidas superiormente;<\/li>\n<li>Aprovar as directrizes adequadas \u00e0 concretiza\u00e7\u00e3o dos objectivos consagrados nas linhas de orienta\u00e7\u00e3o estrat\u00e9gica e no plano de actividades;<\/li>\n<li>Assegurar e executar as ac\u00e7\u00f5es necess\u00e1rias para a realiza\u00e7\u00e3o atempada dos actos eleitorais, de referendos e actualiza\u00e7\u00f5es do recenseamento eleitoral;<\/li>\n<li>Propor medidas de esclarecimento, forma\u00e7\u00e3o e informa\u00e7\u00e3o adequados \u00e0 participa\u00e7\u00e3o dos cidad\u00e3os nos actos eleitorais, referendos e recenseamento eleitoral, bem como assegurar a correcta actua\u00e7\u00e3o dos diversos agentes da administra\u00e7\u00e3o eleitoral e o funcionamento dos servi\u00e7os;<\/li>\n<li>Planificar, executar e apoiar tecnicamente a realiza\u00e7\u00e3o das elei\u00e7\u00f5es e referendos, bem como as actualiza\u00e7\u00f5es do recenseamento eleitoral, quer a n\u00edvel nacional, quer a n\u00edvel local, recorrendo, para o efeito, \u00e0 colabora\u00e7\u00e3o das estruturas administrativas existentes;<\/li>\n<li>Assegurar as estat\u00edsticas do recenseamento, dos actos eleitorais e referend\u00e1rios e promover a publica\u00e7\u00e3o dos respectivos resultados;<\/li>\n<li>Organizar o registo dos cidad\u00e3os eleitos para os \u00f3rg\u00e3os de soberania e \u00f3rg\u00e3os locais;<\/li>\n<li>Apoiar e colaborar com a Comiss\u00e3o Nacional de Elei\u00e7\u00f5es, adiante designada por CNE, nos termos das disposi\u00e7\u00f5es legais aplic\u00e1veis;<\/li>\n<li>Organizar e actualizar, sob supervis\u00e3o da CNE, o recenseamento eleitoral, propondo e executando os respectivos procedimentos t\u00e9cnicos e procedendo \u00e0 organiza\u00e7\u00e3o, manuten\u00e7\u00e3o e gest\u00e3o da respectiva base de dados central dos eleitores inscritos;<\/li>\n<li>Elaborar o regulamento interno e o quadro de pessoal do STAE para ser aprovado superiormente;<\/li>\n<li>Propor superiormente a abertura ou o encerramento de delega\u00e7\u00f5es no Pa\u00eds ou no estrangeiro do STAE;<\/li>\n<li>Propor superiormente a celebra\u00e7\u00e3o de acordos de coopera\u00e7\u00e3o com outras entidades nacionais ou estrangeiras;<\/li>\n<li>Desempenhar as demais compet\u00eancias previstas nas leis e regulamentos aplic\u00e1veis.<\/li>\n<\/ol>\n<p>&nbsp;<\/p>\n<p>[\/fusion_text][fusion_title size=&#8221;4&#8243; content_align=&#8221;right&#8221; style_type=&#8221;none&#8221; sep_color=&#8221;&#8221; class=&#8221;&#8221; id=&#8221;&#8221;]<a href=\"http:\/\/www.jornal.gov.tl\/public\/docs\/2007\/serie_1\/serie1_no1.pdf\" target=\"_blank\" rel=\"noopener noreferrer\"><em>Ver mais em: (Decreto-Lei n.\u00ba 1\/2007, de 18 de Janeiro)<\/em><\/a>[\/fusion_title][\/fusion_builder_column][fusion_builder_column type=&#8221;1_1&#8243; background_position=&#8221;left top&#8221; background_color=&#8221;&#8221; border_size=&#8221;&#8221; border_color=&#8221;&#8221; border_style=&#8221;solid&#8221; spacing=&#8221;yes&#8221; background_image=&#8221;&#8221; background_repeat=&#8221;no-repeat&#8221; padding=&#8221;&#8221; margin_top=&#8221;0px&#8221; margin_bottom=&#8221;0px&#8221; class=&#8221;&#8221; id=&#8221;&#8221; animation_type=&#8221;&#8221; animation_speed=&#8221;0.3&#8243; animation_direction=&#8221;left&#8221; hide_on_mobile=&#8221;no&#8221; center_content=&#8221;no&#8221; min_height=&#8221;none&#8221;][fusion_separator style_type=&#8221;single|dashed&#8221; top_margin=&#8221;&#8221; bottom_margin=&#8221;&#8221; sep_color=&#8221;#f4cd1f&#8221; border_size=&#8221;&#8221; icon=&#8221;&#8221; icon_circle=&#8221;&#8221; icon_circle_color=&#8221;&#8221; width=&#8221;&#8221; alignment=&#8221;center&#8221; class=&#8221;&#8221; id=&#8221;&#8221;\/][\/fusion_builder_column][fusion_builder_column type=&#8221;1_1&#8243; last=&#8221;yes&#8221; spacing=&#8221;yes&#8221; center_content=&#8221;no&#8221; hide_on_mobile=&#8221;no&#8221; background_color=&#8221;&#8221; background_image=&#8221;&#8221; background_repeat=&#8221;no-repeat&#8221; background_position=&#8221;left top&#8221; border_size=&#8221;0px&#8221; border_color=&#8221;&#8221; border_style=&#8221;&#8221; padding=&#8221;&#8221; margin_top=&#8221;&#8221; margin_bottom=&#8221;&#8221; animation_type=&#8221;&#8221; animation_direction=&#8221;&#8221; animation_speed=&#8221;0.1&#8243; class=&#8221;&#8221; id=&#8221;&#8221;][\/fusion_builder_column][fusion_builder_column type=&#8221;1_2&#8243; last=&#8221;yes&#8221; spacing=&#8221;yes&#8221; center_content=&#8221;no&#8221; hide_on_mobile=&#8221;no&#8221; background_color=&#8221;&#8221; background_image=&#8221;&#8221; background_repeat=&#8221;no-repeat&#8221; background_position=&#8221;left top&#8221; border_size=&#8221;0px&#8221; border_color=&#8221;&#8221; border_style=&#8221;&#8221; padding=&#8221;&#8221; margin_top=&#8221;&#8221; margin_bottom=&#8221;&#8221; animation_type=&#8221;&#8221; animation_direction=&#8221;&#8221; animation_speed=&#8221;0.1&#8243; class=&#8221;&#8221; id=&#8221;&#8221;][fusion_imageframe lightbox=&#8221;yes&#8221; lightbox_image=&#8221;https:\/\/sestatal.gov.tl\/wp-content\/uploads\/2015\/08\/Org\u00e2nica-STAE-1024&#215;611.jpg&#8221; style_type=&#8221;none&#8221; bordercolor=&#8221;&#8221; bordersize=&#8221;0px&#8221; borderradius=&#8221;0&#8243; stylecolor=&#8221;&#8221; align=&#8221;none&#8221; link=&#8221;&#8221; linktarget=&#8221;_self&#8221; animation_type=&#8221;0&#8243; animation_direction=&#8221;down&#8221; animation_speed=&#8221;0.1&#8243; hide_on_mobile=&#8221;no&#8221; class=&#8221;&#8221; id=&#8221;&#8221;] <img decoding=\"async\" src=\"https:\/\/sestatal.gov.tl\/wp-content\/uploads\/2015\/08\/Org\u00e2nica-STAE-1024x611.jpg\" alt=\"\" \/>[\/fusion_imageframe][\/fusion_builder_column][\/fusion_builder_row][\/fusion_builder_container]<\/p>\n","protected":false},"excerpt":{"rendered":"<p>[fusion_builder_container hundred_percent=&#8221;yes&#8221; overflow=&#8221;visible&#8221;][fusion_builder_row][fusion_builder_column type=&#8221;1_5&#8243; last=&#8221;no&#8221; spacing=&#8221;yes&#8221; center_content=&#8221;no&#8221; hide_on_mobile=&#8221;no&#8221; background_color=&#8221;&#8221; background_image=&#8221;&#8221; background_repeat=&#8221;no-repeat&#8221; background_position=&#8221;left top&#8221; border_size=&#8221;0px&#8221; border_color=&#8221;&#8221; border_style=&#8221;solid&#8221; padding=&#8221;&#8221; margin_top=&#8221;&#8221; margin_bottom=&#8221;&#8221; animation_type=&#8221;0&#8243; animation_direction=&#8221;down&#8221; animation_speed=&#8221;0.1&#8243; class=&#8221;&#8221; id=&#8221;&#8221;][fusion_person name=&#8221;Acilino Manuel Branco&#8221; title=&#8221;Director-Geral do STAE&#8221; picture=&#8221;https:\/\/sestatal.gov.tl\/wp-content\/uploads\/2015\/08\/Acilino-Branco-STAE-201&#215;300.png&#8221; pic_link=&#8221;&#8221; linktarget=&#8221;_self&#8221; pic_style=&#8221;none&#8221; pic_style_color=&#8221;&#8221; pic_bordersize=&#8221;1px&#8221; pic_bordercolor=&#8221;#8e8e8e&#8221; pic_borderradius=&#8221;0&#8243; social_icon_boxed=&#8221;&#8221; social_icon_boxed_radius=&#8221;4px&#8221; social_icon_colors=&#8221;&#8221; social_icon_boxed_colors=&#8221;&#8221; social_icon_tooltip=&#8221; &#8221; email=&#8221;&#8221; facebook=&#8221;&#8221; twitter=&#8221;&#8221; instagram=&#8221;&#8221; dribbble=&#8221;&#8221; google=&#8221;&#8221; linkedin=&#8221;&#8221; blogger=&#8221;&#8221; tumblr=&#8221;&#8221; reddit=&#8221;&#8221; yahoo=&#8221;&#8221; [&hellip;]<\/p>\n","protected":false},"author":2,"featured_media":0,"parent":0,"menu_order":0,"comment_status":"closed","ping_status":"closed","template":"","meta":{"footnotes":""},"class_list":["post-12324","page","type-page","status-publish","hentry"],"translation":{"provider":"WPGlobus","version":"3.0.0","language":"en","enabled_languages":["tm","pt","en"],"languages":{"tm":{"title":true,"content":true,"excerpt":false},"pt":{"title":false,"content":false,"excerpt":false},"en":{"title":false,"content":false,"excerpt":false}}},"yoast_head":"<!-- This site is optimized with the Yoast SEO plugin v26.5 - https:\/\/yoast.com\/wordpress\/plugins\/seo\/ -->\n<title>STAE - Secretariado T\u00e9cnico da Administra\u00e7\u00e3o Eleitoral - Ministry of State Administration<\/title>\n<meta name=\"robots\" content=\"index, follow, max-snippet:-1, max-image-preview:large, max-video-preview:-1\" \/>\n<link rel=\"canonical\" href=\"https:\/\/estatal.gov.tl\/stae-secretariado-tecnico-da-administracao-eleitoral\/\" \/>\n<meta property=\"og:locale\" content=\"en_US\" \/>\n<meta property=\"og:type\" content=\"article\" \/>\n<meta property=\"og:title\" content=\"STAE - Secretariado T\u00e9cnico da Administra\u00e7\u00e3o Eleitoral - Ministry of State Administration\" \/>\n<meta property=\"og:url\" content=\"https:\/\/estatal.gov.tl\/stae-secretariado-tecnico-da-administracao-eleitoral\/\" \/>\n<meta property=\"og:site_name\" content=\"Ministry of State Administration\" \/>\n<meta property=\"article:modified_time\" content=\"2019-10-03T18:47:59+00:00\" \/>\n<meta property=\"og:image\" content=\"https:\/\/estatal.gov.tl\/wp-content\/uploads\/2025\/07\/edificio_mae.jpg\" \/>\n\t<meta property=\"og:image:width\" content=\"2048\" \/>\n\t<meta property=\"og:image:height\" content=\"1182\" \/>\n\t<meta property=\"og:image:type\" content=\"image\/jpeg\" \/>\n<meta name=\"twitter:card\" content=\"summary_large_image\" \/>\n<meta name=\"twitter:label1\" content=\"Est. reading time\" \/>\n\t<meta name=\"twitter:data1\" content=\"6 minutes\" \/>\n<script type=\"application\/ld+json\" class=\"yoast-schema-graph\">{\"@context\":\"https:\/\/schema.org\",\"@graph\":[{\"@type\":\"WebPage\",\"@id\":\"https:\/\/estatal.gov.tl\/stae-secretariado-tecnico-da-administracao-eleitoral\/\",\"url\":\"https:\/\/estatal.gov.tl\/stae-secretariado-tecnico-da-administracao-eleitoral\/\",\"name\":\"STAE - Secretariado T\u00e9cnico da Administra\u00e7\u00e3o Eleitoral - Ministry of State Administration\",\"isPartOf\":{\"@id\":\"https:\/\/estatal.gov.tl\/pt\/#website\"},\"datePublished\":\"2015-08-14T10:33:41+00:00\",\"dateModified\":\"2019-10-03T18:47:59+00:00\",\"breadcrumb\":{\"@id\":\"https:\/\/estatal.gov.tl\/stae-secretariado-tecnico-da-administracao-eleitoral\/#breadcrumb\"},\"inLanguage\":\"en-US\",\"potentialAction\":[{\"@type\":\"ReadAction\",\"target\":[\"https:\/\/estatal.gov.tl\/stae-secretariado-tecnico-da-administracao-eleitoral\/\"]}]},{\"@type\":\"BreadcrumbList\",\"@id\":\"https:\/\/estatal.gov.tl\/stae-secretariado-tecnico-da-administracao-eleitoral\/#breadcrumb\",\"itemListElement\":[{\"@type\":\"ListItem\",\"position\":1,\"name\":\"Home\",\"item\":\"https:\/\/estatal.gov.tl\/pt\/\"},{\"@type\":\"ListItem\",\"position\":2,\"name\":\"STAE &#8211; Secretariado T\u00e9cnico da Administra\u00e7\u00e3o Eleitoral\"}]},{\"@type\":\"WebSite\",\"@id\":\"https:\/\/estatal.gov.tl\/pt\/#website\",\"url\":\"https:\/\/estatal.gov.tl\/pt\/\",\"name\":\"{:tm}Minist\u00e9riu Administrasaun Estatal{:}{:pt}Minist\u00e9rio da Administra\u00e7\u00e3o Estatal{:}{:en}Ministry of State Administration{:}\",\"description\":\"Minist\u00e9riu Administrasaun Estatal\",\"publisher\":{\"@id\":\"https:\/\/estatal.gov.tl\/pt\/#organization\"},\"potentialAction\":[{\"@type\":\"SearchAction\",\"target\":{\"@type\":\"EntryPoint\",\"urlTemplate\":\"https:\/\/estatal.gov.tl\/pt\/?s={search_term_string}\"},\"query-input\":{\"@type\":\"PropertyValueSpecification\",\"valueRequired\":true,\"valueName\":\"search_term_string\"}}],\"inLanguage\":\"en-US\"},{\"@type\":\"Organization\",\"@id\":\"https:\/\/estatal.gov.tl\/pt\/#organization\",\"name\":\"{:tm}Minist\u00e9riu Administrasaun Estatal{:}{:pt}Minist\u00e9rio da Administra\u00e7\u00e3o Estatal{:}{:en}Ministry of State Administration{:}\",\"url\":\"https:\/\/estatal.gov.tl\/pt\/\",\"logo\":{\"@type\":\"ImageObject\",\"inLanguage\":\"en-US\",\"@id\":\"https:\/\/estatal.gov.tl\/pt\/#\/schema\/logo\/image\/\",\"url\":\"https:\/\/estatal.gov.tl\/wp-content\/uploads\/2024\/09\/logo-municipality-1.png\",\"contentUrl\":\"https:\/\/estatal.gov.tl\/wp-content\/uploads\/2024\/09\/logo-municipality-1.png\",\"width\":250,\"height\":228,\"caption\":\"{:tm}Minist\u00e9riu Administrasaun Estatal{:}{:pt}Minist\u00e9rio da Administra\u00e7\u00e3o Estatal{:}{:en}Ministry of State Administration{:}\"},\"image\":{\"@id\":\"https:\/\/estatal.gov.tl\/pt\/#\/schema\/logo\/image\/\"}}]}<\/script>\n<!-- \/ Yoast SEO plugin. -->","yoast_head_json":{"title":"STAE - Secretariado T\u00e9cnico da Administra\u00e7\u00e3o Eleitoral - Ministry of State Administration","robots":{"index":"index","follow":"follow","max-snippet":"max-snippet:-1","max-image-preview":"max-image-preview:large","max-video-preview":"max-video-preview:-1"},"canonical":"https:\/\/estatal.gov.tl\/stae-secretariado-tecnico-da-administracao-eleitoral\/","og_locale":"en_US","og_type":"article","og_title":"STAE - Secretariado T\u00e9cnico da Administra\u00e7\u00e3o Eleitoral - Ministry of State Administration","og_url":"https:\/\/estatal.gov.tl\/stae-secretariado-tecnico-da-administracao-eleitoral\/","og_site_name":"Ministry of State Administration","article_modified_time":"2019-10-03T18:47:59+00:00","og_image":[{"width":2048,"height":1182,"url":"https:\/\/estatal.gov.tl\/wp-content\/uploads\/2025\/07\/edificio_mae.jpg","type":"image\/jpeg"}],"twitter_card":"summary_large_image","twitter_misc":{"Est. reading time":"6 minutes"},"schema":{"@context":"https:\/\/schema.org","@graph":[{"@type":"WebPage","@id":"https:\/\/estatal.gov.tl\/stae-secretariado-tecnico-da-administracao-eleitoral\/","url":"https:\/\/estatal.gov.tl\/stae-secretariado-tecnico-da-administracao-eleitoral\/","name":"STAE - Secretariado T\u00e9cnico da Administra\u00e7\u00e3o Eleitoral - Ministry of State Administration","isPartOf":{"@id":"https:\/\/estatal.gov.tl\/pt\/#website"},"datePublished":"2015-08-14T10:33:41+00:00","dateModified":"2019-10-03T18:47:59+00:00","breadcrumb":{"@id":"https:\/\/estatal.gov.tl\/stae-secretariado-tecnico-da-administracao-eleitoral\/#breadcrumb"},"inLanguage":"en-US","potentialAction":[{"@type":"ReadAction","target":["https:\/\/estatal.gov.tl\/stae-secretariado-tecnico-da-administracao-eleitoral\/"]}]},{"@type":"BreadcrumbList","@id":"https:\/\/estatal.gov.tl\/stae-secretariado-tecnico-da-administracao-eleitoral\/#breadcrumb","itemListElement":[{"@type":"ListItem","position":1,"name":"Home","item":"https:\/\/estatal.gov.tl\/pt\/"},{"@type":"ListItem","position":2,"name":"STAE &#8211; Secretariado T\u00e9cnico da Administra\u00e7\u00e3o Eleitoral"}]},{"@type":"WebSite","@id":"https:\/\/estatal.gov.tl\/pt\/#website","url":"https:\/\/estatal.gov.tl\/pt\/","name":"{:tm}Minist\u00e9riu Administrasaun Estatal{:}{:pt}Minist\u00e9rio da Administra\u00e7\u00e3o Estatal{:}{:en}Ministry of State Administration{:}","description":"Minist\u00e9riu Administrasaun Estatal","publisher":{"@id":"https:\/\/estatal.gov.tl\/pt\/#organization"},"potentialAction":[{"@type":"SearchAction","target":{"@type":"EntryPoint","urlTemplate":"https:\/\/estatal.gov.tl\/pt\/?s={search_term_string}"},"query-input":{"@type":"PropertyValueSpecification","valueRequired":true,"valueName":"search_term_string"}}],"inLanguage":"en-US"},{"@type":"Organization","@id":"https:\/\/estatal.gov.tl\/pt\/#organization","name":"{:tm}Minist\u00e9riu Administrasaun Estatal{:}{:pt}Minist\u00e9rio da Administra\u00e7\u00e3o Estatal{:}{:en}Ministry of State Administration{:}","url":"https:\/\/estatal.gov.tl\/pt\/","logo":{"@type":"ImageObject","inLanguage":"en-US","@id":"https:\/\/estatal.gov.tl\/pt\/#\/schema\/logo\/image\/","url":"https:\/\/estatal.gov.tl\/wp-content\/uploads\/2024\/09\/logo-municipality-1.png","contentUrl":"https:\/\/estatal.gov.tl\/wp-content\/uploads\/2024\/09\/logo-municipality-1.png","width":250,"height":228,"caption":"{:tm}Minist\u00e9riu Administrasaun Estatal{:}{:pt}Minist\u00e9rio da Administra\u00e7\u00e3o Estatal{:}{:en}Ministry of State Administration{:}"},"image":{"@id":"https:\/\/estatal.gov.tl\/pt\/#\/schema\/logo\/image\/"}}]}},"_links":{"self":[{"href":"https:\/\/estatal.gov.tl\/en\/wp-json\/wp\/v2\/pages\/12324","targetHints":{"allow":["GET"]}}],"collection":[{"href":"https:\/\/estatal.gov.tl\/en\/wp-json\/wp\/v2\/pages"}],"about":[{"href":"https:\/\/estatal.gov.tl\/en\/wp-json\/wp\/v2\/types\/page"}],"author":[{"embeddable":true,"href":"https:\/\/estatal.gov.tl\/en\/wp-json\/wp\/v2\/users\/2"}],"replies":[{"embeddable":true,"href":"https:\/\/estatal.gov.tl\/en\/wp-json\/wp\/v2\/comments?post=12324"}],"version-history":[{"count":11,"href":"https:\/\/estatal.gov.tl\/en\/wp-json\/wp\/v2\/pages\/12324\/revisions"}],"predecessor-version":[{"id":16124,"href":"https:\/\/estatal.gov.tl\/en\/wp-json\/wp\/v2\/pages\/12324\/revisions\/16124"}],"wp:attachment":[{"href":"https:\/\/estatal.gov.tl\/en\/wp-json\/wp\/v2\/media?parent=12324"}],"curies":[{"name":"wp","href":"https:\/\/api.w.org\/{rel}","templated":true}]}}