{"id":13153,"date":"2015-09-25T09:36:26","date_gmt":"2015-09-25T09:36:26","guid":{"rendered":"http:\/\/siteestatalgovtl.dreamhosters.com\/?page_id=13153"},"modified":"2019-10-03T18:42:38","modified_gmt":"2019-10-03T18:42:38","slug":"objectivos_tl","status":"publish","type":"page","link":"https:\/\/estatal.gov.tl\/en\/objectivos_tl\/","title":{"rendered":"Objektivus"},"content":{"rendered":"<p>[fusion_builder_container hundred_percent=&#8221;yes&#8221; overflow=&#8221;visible&#8221;][fusion_builder_row][fusion_builder_column type=&#8221;3_4&#8243; last=&#8221;yes&#8221; spacing=&#8221;yes&#8221; center_content=&#8221;no&#8221; hide_on_mobile=&#8221;no&#8221; background_color=&#8221;&#8221; background_image=&#8221;&#8221; background_repeat=&#8221;no-repeat&#8221; background_position=&#8221;left top&#8221; border_size=&#8221;0px&#8221; border_color=&#8221;&#8221; border_style=&#8221;&#8221; padding=&#8221;&#8221; margin_top=&#8221;&#8221; margin_bottom=&#8221;&#8221; animation_type=&#8221;&#8221; animation_direction=&#8221;&#8221; animation_speed=&#8221;0.1&#8243; class=&#8221;&#8221; id=&#8221;&#8221;][fusion_separator style_type=&#8221;single|dashed&#8221; top_margin=&#8221;&#8221; bottom_margin=&#8221;&#8221; sep_color=&#8221;#f4cd1f&#8221; border_size=&#8221;&#8221; icon=&#8221;&#8221; icon_circle=&#8221;&#8221; icon_circle_color=&#8221;&#8221; width=&#8221;&#8221; alignment=&#8221;center&#8221; class=&#8221;&#8221; id=&#8221;&#8221;\/][\/fusion_builder_column][fusion_builder_column type=&#8221;3_4&#8243; last=&#8221;yes&#8221; spacing=&#8221;yes&#8221; center_content=&#8221;no&#8221; hide_on_mobile=&#8221;no&#8221; background_color=&#8221;&#8221; background_image=&#8221;&#8221; background_repeat=&#8221;no-repeat&#8221; background_position=&#8221;left top&#8221; border_size=&#8221;0px&#8221; border_color=&#8221;&#8221; border_style=&#8221;&#8221; padding=&#8221;&#8221; margin_top=&#8221;&#8221; margin_bottom=&#8221;&#8221; animation_type=&#8221;&#8221; animation_direction=&#8221;&#8221; animation_speed=&#8221;0.1&#8243; class=&#8221;&#8221; id=&#8221;&#8221;][fusion_text]<\/p>\n<ol>\n<li>Promove no konduz procesu desentralizasaun administrativa no estabelecimento \u00f3rgaun no servisu sira Poder Lokal nian;<\/li>\n<li>Apoia formasaun no asist\u00eancia permanente nebe konduz procesu deskoncentrasaun no desentralizasaun administrativa, iha koordenasaun ho Minist\u00e9rios no entidade relevante sira seluk;<\/li>\n<li>Koordena no fiskaliza actividades servisus perif\u00e9rikos Minist\u00e9rio nian;<\/li>\n<li>Koordena no fiskaliza actividades servisus perif\u00e9rikos MAE nian;<\/li>\n<li>Koordena ho Autoridade Regiaun Especial Oe-cusse Ambeno iha procesu aprofundamento autonomia administrativa regiaun;<\/li>\n<li>Estabelece no operacionaliza mekanismos kolaborasaun no koordenasaun ho \u00f3rgauns no servisus Administrasaun P\u00fablika ho tutela kona ba \u00e1reas nebe iha ligasaun;<\/li>\n<li>Halo proposta pol\u00edtikas p\u00fablikas no iniciativas legislativas relativas ba \u00e1reas nebe nia tutela;<\/li>\n<li>Halo proposta no aplika legislasaun ba promosaun higiene no ordem p\u00fablika urbana;<\/li>\n<li>Halo proposta no aplika normas jur\u00eddikas relativas ba topon\u00edmia;<\/li>\n<li>Fo garantia ba apoio t\u00e9cniko iha procesu eleitorais no referend\u00e1rios;<\/li>\n<li>Promove pol\u00edtikas dezenvolvimento lokal no rural, atu reduz dezigualdades ekon\u00f3mico-sociais no koopera ho organismos governamentais seluk ba nia ezekusaun;<\/li>\n<li>Estabelece no operacionaliza mekanismos kolaborasaun no apoio t\u00e9cniko ba lideransas komunit\u00e1rias tradicionais;<\/li>\n<li>Promove kursus formasaun no kapacita Rekursos Humanos iha Administrasaun P\u00fablika;<\/li>\n<li>Halo proposta no dezenvolve normas no instrusoens t\u00e9cnikas klasifikasaun, tratamento no arquivo ba dokumentos ist\u00f3rikos no dokumentos Estado nian;<\/li>\n<li>Promove rekuperasaun, prezervasaun no rai didi\u2019ak dokumentos ist\u00f3rikos no dokumentos Estado nian.<\/li>\n<\/ol>\n<p>[\/fusion_text][\/fusion_builder_column][\/fusion_builder_row][\/fusion_builder_container]<\/p>\n","protected":false},"excerpt":{"rendered":"<p>[fusion_builder_container hundred_percent=&#8221;yes&#8221; overflow=&#8221;visible&#8221;][fusion_builder_row][fusion_builder_column type=&#8221;3_4&#8243; last=&#8221;yes&#8221; spacing=&#8221;yes&#8221; center_content=&#8221;no&#8221; hide_on_mobile=&#8221;no&#8221; background_color=&#8221;&#8221; background_image=&#8221;&#8221; background_repeat=&#8221;no-repeat&#8221; background_position=&#8221;left top&#8221; border_size=&#8221;0px&#8221; border_color=&#8221;&#8221; border_style=&#8221;&#8221; padding=&#8221;&#8221; margin_top=&#8221;&#8221; margin_bottom=&#8221;&#8221; animation_type=&#8221;&#8221; animation_direction=&#8221;&#8221; animation_speed=&#8221;0.1&#8243; class=&#8221;&#8221; id=&#8221;&#8221;][fusion_separator style_type=&#8221;single|dashed&#8221; top_margin=&#8221;&#8221; bottom_margin=&#8221;&#8221; sep_color=&#8221;#f4cd1f&#8221; border_size=&#8221;&#8221; icon=&#8221;&#8221; icon_circle=&#8221;&#8221; icon_circle_color=&#8221;&#8221; width=&#8221;&#8221; alignment=&#8221;center&#8221; class=&#8221;&#8221; id=&#8221;&#8221;\/][\/fusion_builder_column][fusion_builder_column type=&#8221;3_4&#8243; last=&#8221;yes&#8221; spacing=&#8221;yes&#8221; center_content=&#8221;no&#8221; hide_on_mobile=&#8221;no&#8221; background_color=&#8221;&#8221; background_image=&#8221;&#8221; background_repeat=&#8221;no-repeat&#8221; background_position=&#8221;left top&#8221; border_size=&#8221;0px&#8221; border_color=&#8221;&#8221; border_style=&#8221;&#8221; padding=&#8221;&#8221; margin_top=&#8221;&#8221; margin_bottom=&#8221;&#8221; animation_type=&#8221;&#8221; animation_direction=&#8221;&#8221; animation_speed=&#8221;0.1&#8243; [&hellip;]<\/p>\n","protected":false},"author":2,"featured_media":0,"parent":0,"menu_order":0,"comment_status":"open","ping_status":"open","template":"","meta":{"footnotes":""},"class_list":["post-13153","page","type-page","status-publish","hentry"],"translation":{"provider":"WPGlobus","version":"3.0.0","language":"en","enabled_languages":["tm","pt","en"],"languages":{"tm":{"title":true,"content":true,"excerpt":false},"pt":{"title":false,"content":false,"excerpt":false},"en":{"title":false,"content":false,"excerpt":false}}},"yoast_head":"<!-- This site is optimized with the Yoast SEO plugin v26.5 - https:\/\/yoast.com\/wordpress\/plugins\/seo\/ -->\n<title>Objektivus - Ministry of State Administration<\/title>\n<meta name=\"robots\" content=\"index, follow, max-snippet:-1, max-image-preview:large, max-video-preview:-1\" \/>\n<link rel=\"canonical\" href=\"https:\/\/estatal.gov.tl\/objectivos_tl\/\" \/>\n<meta property=\"og:locale\" content=\"en_US\" \/>\n<meta property=\"og:type\" content=\"article\" \/>\n<meta property=\"og:title\" content=\"Objektivus - Ministry of State Administration\" \/>\n<meta property=\"og:url\" content=\"https:\/\/estatal.gov.tl\/objectivos_tl\/\" \/>\n<meta property=\"og:site_name\" content=\"Ministry of State Administration\" \/>\n<meta property=\"article:modified_time\" content=\"2019-10-03T18:42:38+00:00\" \/>\n<meta property=\"og:image\" content=\"https:\/\/estatal.gov.tl\/wp-content\/uploads\/2025\/07\/edificio_mae.jpg\" \/>\n\t<meta property=\"og:image:width\" content=\"2048\" \/>\n\t<meta property=\"og:image:height\" content=\"1182\" \/>\n\t<meta property=\"og:image:type\" content=\"image\/jpeg\" \/>\n<meta name=\"twitter:card\" content=\"summary_large_image\" \/>\n<meta name=\"twitter:label1\" content=\"Est. reading time\" \/>\n\t<meta name=\"twitter:data1\" content=\"2 minutes\" \/>\n<script type=\"application\/ld+json\" class=\"yoast-schema-graph\">{\"@context\":\"https:\/\/schema.org\",\"@graph\":[{\"@type\":\"WebPage\",\"@id\":\"https:\/\/estatal.gov.tl\/objectivos_tl\/\",\"url\":\"https:\/\/estatal.gov.tl\/objectivos_tl\/\",\"name\":\"Objektivus - Ministry of State Administration\",\"isPartOf\":{\"@id\":\"https:\/\/estatal.gov.tl\/pt\/#website\"},\"datePublished\":\"2015-09-25T09:36:26+00:00\",\"dateModified\":\"2019-10-03T18:42:38+00:00\",\"breadcrumb\":{\"@id\":\"https:\/\/estatal.gov.tl\/objectivos_tl\/#breadcrumb\"},\"inLanguage\":\"en-US\",\"potentialAction\":[{\"@type\":\"ReadAction\",\"target\":[\"https:\/\/estatal.gov.tl\/objectivos_tl\/\"]}]},{\"@type\":\"BreadcrumbList\",\"@id\":\"https:\/\/estatal.gov.tl\/objectivos_tl\/#breadcrumb\",\"itemListElement\":[{\"@type\":\"ListItem\",\"position\":1,\"name\":\"Home\",\"item\":\"https:\/\/estatal.gov.tl\/pt\/\"},{\"@type\":\"ListItem\",\"position\":2,\"name\":\"Objektivus\"}]},{\"@type\":\"WebSite\",\"@id\":\"https:\/\/estatal.gov.tl\/pt\/#website\",\"url\":\"https:\/\/estatal.gov.tl\/pt\/\",\"name\":\"{:tm}Minist\u00e9riu Administrasaun Estatal{:}{:pt}Minist\u00e9rio da Administra\u00e7\u00e3o Estatal{:}{:en}Ministry of State Administration{:}\",\"description\":\"Minist\u00e9riu Administrasaun Estatal\",\"publisher\":{\"@id\":\"https:\/\/estatal.gov.tl\/pt\/#organization\"},\"potentialAction\":[{\"@type\":\"SearchAction\",\"target\":{\"@type\":\"EntryPoint\",\"urlTemplate\":\"https:\/\/estatal.gov.tl\/pt\/?s={search_term_string}\"},\"query-input\":{\"@type\":\"PropertyValueSpecification\",\"valueRequired\":true,\"valueName\":\"search_term_string\"}}],\"inLanguage\":\"en-US\"},{\"@type\":\"Organization\",\"@id\":\"https:\/\/estatal.gov.tl\/pt\/#organization\",\"name\":\"{:tm}Minist\u00e9riu Administrasaun Estatal{:}{:pt}Minist\u00e9rio da Administra\u00e7\u00e3o Estatal{:}{:en}Ministry of State Administration{:}\",\"url\":\"https:\/\/estatal.gov.tl\/pt\/\",\"logo\":{\"@type\":\"ImageObject\",\"inLanguage\":\"en-US\",\"@id\":\"https:\/\/estatal.gov.tl\/pt\/#\/schema\/logo\/image\/\",\"url\":\"https:\/\/estatal.gov.tl\/wp-content\/uploads\/2024\/09\/logo-municipality-1.png\",\"contentUrl\":\"https:\/\/estatal.gov.tl\/wp-content\/uploads\/2024\/09\/logo-municipality-1.png\",\"width\":250,\"height\":228,\"caption\":\"{:tm}Minist\u00e9riu Administrasaun Estatal{:}{:pt}Minist\u00e9rio da Administra\u00e7\u00e3o Estatal{:}{:en}Ministry of State Administration{:}\"},\"image\":{\"@id\":\"https:\/\/estatal.gov.tl\/pt\/#\/schema\/logo\/image\/\"}}]}<\/script>\n<!-- \/ Yoast SEO plugin. -->","yoast_head_json":{"title":"Objektivus - Ministry of State Administration","robots":{"index":"index","follow":"follow","max-snippet":"max-snippet:-1","max-image-preview":"max-image-preview:large","max-video-preview":"max-video-preview:-1"},"canonical":"https:\/\/estatal.gov.tl\/objectivos_tl\/","og_locale":"en_US","og_type":"article","og_title":"Objektivus - Ministry of State Administration","og_url":"https:\/\/estatal.gov.tl\/objectivos_tl\/","og_site_name":"Ministry of State Administration","article_modified_time":"2019-10-03T18:42:38+00:00","og_image":[{"width":2048,"height":1182,"url":"https:\/\/estatal.gov.tl\/wp-content\/uploads\/2025\/07\/edificio_mae.jpg","type":"image\/jpeg"}],"twitter_card":"summary_large_image","twitter_misc":{"Est. reading time":"2 minutes"},"schema":{"@context":"https:\/\/schema.org","@graph":[{"@type":"WebPage","@id":"https:\/\/estatal.gov.tl\/objectivos_tl\/","url":"https:\/\/estatal.gov.tl\/objectivos_tl\/","name":"Objektivus - Ministry of State Administration","isPartOf":{"@id":"https:\/\/estatal.gov.tl\/pt\/#website"},"datePublished":"2015-09-25T09:36:26+00:00","dateModified":"2019-10-03T18:42:38+00:00","breadcrumb":{"@id":"https:\/\/estatal.gov.tl\/objectivos_tl\/#breadcrumb"},"inLanguage":"en-US","potentialAction":[{"@type":"ReadAction","target":["https:\/\/estatal.gov.tl\/objectivos_tl\/"]}]},{"@type":"BreadcrumbList","@id":"https:\/\/estatal.gov.tl\/objectivos_tl\/#breadcrumb","itemListElement":[{"@type":"ListItem","position":1,"name":"Home","item":"https:\/\/estatal.gov.tl\/pt\/"},{"@type":"ListItem","position":2,"name":"Objektivus"}]},{"@type":"WebSite","@id":"https:\/\/estatal.gov.tl\/pt\/#website","url":"https:\/\/estatal.gov.tl\/pt\/","name":"{:tm}Minist\u00e9riu Administrasaun Estatal{:}{:pt}Minist\u00e9rio da Administra\u00e7\u00e3o Estatal{:}{:en}Ministry of State Administration{:}","description":"Minist\u00e9riu Administrasaun Estatal","publisher":{"@id":"https:\/\/estatal.gov.tl\/pt\/#organization"},"potentialAction":[{"@type":"SearchAction","target":{"@type":"EntryPoint","urlTemplate":"https:\/\/estatal.gov.tl\/pt\/?s={search_term_string}"},"query-input":{"@type":"PropertyValueSpecification","valueRequired":true,"valueName":"search_term_string"}}],"inLanguage":"en-US"},{"@type":"Organization","@id":"https:\/\/estatal.gov.tl\/pt\/#organization","name":"{:tm}Minist\u00e9riu Administrasaun Estatal{:}{:pt}Minist\u00e9rio da Administra\u00e7\u00e3o Estatal{:}{:en}Ministry of State Administration{:}","url":"https:\/\/estatal.gov.tl\/pt\/","logo":{"@type":"ImageObject","inLanguage":"en-US","@id":"https:\/\/estatal.gov.tl\/pt\/#\/schema\/logo\/image\/","url":"https:\/\/estatal.gov.tl\/wp-content\/uploads\/2024\/09\/logo-municipality-1.png","contentUrl":"https:\/\/estatal.gov.tl\/wp-content\/uploads\/2024\/09\/logo-municipality-1.png","width":250,"height":228,"caption":"{:tm}Minist\u00e9riu Administrasaun Estatal{:}{:pt}Minist\u00e9rio da Administra\u00e7\u00e3o Estatal{:}{:en}Ministry of State Administration{:}"},"image":{"@id":"https:\/\/estatal.gov.tl\/pt\/#\/schema\/logo\/image\/"}}]}},"_links":{"self":[{"href":"https:\/\/estatal.gov.tl\/en\/wp-json\/wp\/v2\/pages\/13153","targetHints":{"allow":["GET"]}}],"collection":[{"href":"https:\/\/estatal.gov.tl\/en\/wp-json\/wp\/v2\/pages"}],"about":[{"href":"https:\/\/estatal.gov.tl\/en\/wp-json\/wp\/v2\/types\/page"}],"author":[{"embeddable":true,"href":"https:\/\/estatal.gov.tl\/en\/wp-json\/wp\/v2\/users\/2"}],"replies":[{"embeddable":true,"href":"https:\/\/estatal.gov.tl\/en\/wp-json\/wp\/v2\/comments?post=13153"}],"version-history":[{"count":6,"href":"https:\/\/estatal.gov.tl\/en\/wp-json\/wp\/v2\/pages\/13153\/revisions"}],"predecessor-version":[{"id":16083,"href":"https:\/\/estatal.gov.tl\/en\/wp-json\/wp\/v2\/pages\/13153\/revisions\/16083"}],"wp:attachment":[{"href":"https:\/\/estatal.gov.tl\/en\/wp-json\/wp\/v2\/media?parent=13153"}],"curies":[{"name":"wp","href":"https:\/\/api.w.org\/{rel}","templated":true}]}}