{"id":13283,"date":"2015-09-25T18:36:10","date_gmt":"2015-09-25T18:36:10","guid":{"rendered":"http:\/\/siteestatalgovtl.dreamhosters.com\/?page_id=13283"},"modified":"2019-10-03T18:42:34","modified_gmt":"2019-10-03T18:42:34","slug":"posto-administrativo-vemasse","status":"publish","type":"page","link":"https:\/\/estatal.gov.tl\/en\/posto-administrativo-vemasse\/","title":{"rendered":"Posto Administrativo Vemasse"},"content":{"rendered":"<p>[fusion_builder_container hundred_percent=&#8221;yes&#8221; overflow=&#8221;visible&#8221;][fusion_builder_row][fusion_builder_column type=&#8221;1_3&#8243; last=&#8221;no&#8221; spacing=&#8221;yes&#8221; center_content=&#8221;no&#8221; hide_on_mobile=&#8221;no&#8221; background_color=&#8221;&#8221; background_image=&#8221;&#8221; background_repeat=&#8221;no-repeat&#8221; background_position=&#8221;left top&#8221; border_size=&#8221;0px&#8221; border_color=&#8221;&#8221; border_style=&#8221;&#8221; padding=&#8221;&#8221; margin_top=&#8221;&#8221; margin_bottom=&#8221;&#8221; animation_type=&#8221;&#8221; animation_direction=&#8221;&#8221; animation_speed=&#8221;0.1&#8243; class=&#8221;&#8221; id=&#8221;&#8221;][fusion_title size=&#8221;2&#8243; content_align=&#8221;left&#8221; style_type=&#8221;none&#8221; sep_color=&#8221;&#8221; class=&#8221;&#8221; id=&#8221;&#8221;]Sebasti\u00e3o Filomeno Correia[\/fusion_title][fusion_text]<\/p>\n<p align=\"LEFT\">Administrador do Posto Administrativo de Vemasse<\/p>\n<p>[\/fusion_text][\/fusion_builder_column][fusion_builder_column type=&#8221;1_3&#8243; last=&#8221;yes&#8221; spacing=&#8221;yes&#8221; center_content=&#8221;no&#8221; hide_on_mobile=&#8221;no&#8221; background_color=&#8221;&#8221; background_image=&#8221;&#8221; background_repeat=&#8221;no-repeat&#8221; background_position=&#8221;left top&#8221; border_size=&#8221;0px&#8221; border_color=&#8221;&#8221; border_style=&#8221;&#8221; padding=&#8221;&#8221; margin_top=&#8221;&#8221; margin_bottom=&#8221;&#8221; animation_type=&#8221;&#8221; animation_direction=&#8221;&#8221; animation_speed=&#8221;0.1&#8243; class=&#8221;&#8221; id=&#8221;&#8221;][fusion_title size=&#8221;2&#8243; content_align=&#8221;left&#8221; style_type=&#8221;none&#8221; sep_color=&#8221;&#8221; class=&#8221;&#8221; id=&#8221;&#8221;]Contactos[\/fusion_title][fusion_text]<\/p>\n<p align=\"LEFT\">Telem.: (+670) 773 041\u00a020<\/p>\n<p>[\/fusion_text][\/fusion_builder_column][fusion_builder_column type=&#8221;2_3&#8243; last=&#8221;yes&#8221; spacing=&#8221;yes&#8221; center_content=&#8221;no&#8221; hide_on_mobile=&#8221;no&#8221; background_color=&#8221;&#8221; background_image=&#8221;&#8221; background_repeat=&#8221;no-repeat&#8221; background_position=&#8221;left top&#8221; border_size=&#8221;0px&#8221; border_color=&#8221;&#8221; border_style=&#8221;&#8221; padding=&#8221;&#8221; margin_top=&#8221;&#8221; margin_bottom=&#8221;&#8221; animation_type=&#8221;&#8221; animation_direction=&#8221;&#8221; animation_speed=&#8221;0.1&#8243; class=&#8221;&#8221; id=&#8221;&#8221;][fusion_separator style_type=&#8221;single|dashed&#8221; top_margin=&#8221;&#8221; bottom_margin=&#8221;&#8221; sep_color=&#8221;#f4cd1f&#8221; border_size=&#8221;&#8221; icon=&#8221;&#8221; icon_circle=&#8221;&#8221; icon_circle_color=&#8221;&#8221; width=&#8221;&#8221; alignment=&#8221;center&#8221; class=&#8221;&#8221; id=&#8221;&#8221;\/][\/fusion_builder_column][fusion_builder_column type=&#8221;1_2&#8243; last=&#8221;yes&#8221; spacing=&#8221;yes&#8221; center_content=&#8221;no&#8221; hide_on_mobile=&#8221;no&#8221; background_color=&#8221;&#8221; background_image=&#8221;&#8221; background_repeat=&#8221;no-repeat&#8221; background_position=&#8221;left top&#8221; border_size=&#8221;0px&#8221; border_color=&#8221;&#8221; border_style=&#8221;&#8221; padding=&#8221;&#8221; margin_top=&#8221;&#8221; margin_bottom=&#8221;&#8221; animation_type=&#8221;&#8221; animation_direction=&#8221;&#8221; animation_speed=&#8221;0.1&#8243; class=&#8221;&#8221; id=&#8221;&#8221;][fusion_imageframe lightbox=&#8221;no&#8221; lightbox_image=&#8221;&#8221; style_type=&#8221;none&#8221; bordercolor=&#8221;&#8221; bordersize=&#8221;0px&#8221; borderradius=&#8221;0&#8243; stylecolor=&#8221;&#8221; align=&#8221;none&#8221; link=&#8221;https:\/\/sestatal.gov.tl\/wp-content\/uploads\/2015\/11\/0305_Vemasse.pdf&#8221; linktarget=&#8221;_self&#8221; animation_type=&#8221;0&#8243; animation_direction=&#8221;down&#8221; animation_speed=&#8221;0.1&#8243; hide_on_mobile=&#8221;no&#8221; class=&#8221;&#8221; id=&#8221;&#8221;] <img decoding=\"async\" alt=\"\" src=\"https:\/\/sestatal.gov.tl\/wp-content\/uploads\/2015\/11\/Vemasse.png\" \/>[\/fusion_imageframe][fusion_title size=&#8221;3&#8243; content_align=&#8221;left&#8221; style_type=&#8221;none&#8221; sep_color=&#8221;&#8221; class=&#8221;&#8221; id=&#8221;&#8221;]<a href=\"https:\/\/sestatal.gov.tl\/wp-content\/uploads\/2015\/11\/0305_Vemasse.pdf\">Mapa de Vemasse (censos de 2015)<\/a>[\/fusion_title][\/fusion_builder_column][\/fusion_builder_row][\/fusion_builder_container]<\/p>\n","protected":false},"excerpt":{"rendered":"<p>[fusion_builder_container hundred_percent=&#8221;yes&#8221; overflow=&#8221;visible&#8221;][fusion_builder_row][fusion_builder_column type=&#8221;1_3&#8243; last=&#8221;no&#8221; spacing=&#8221;yes&#8221; center_content=&#8221;no&#8221; hide_on_mobile=&#8221;no&#8221; background_color=&#8221;&#8221; background_image=&#8221;&#8221; background_repeat=&#8221;no-repeat&#8221; background_position=&#8221;left top&#8221; border_size=&#8221;0px&#8221; border_color=&#8221;&#8221; border_style=&#8221;&#8221; padding=&#8221;&#8221; margin_top=&#8221;&#8221; margin_bottom=&#8221;&#8221; animation_type=&#8221;&#8221; animation_direction=&#8221;&#8221; animation_speed=&#8221;0.1&#8243; class=&#8221;&#8221; id=&#8221;&#8221;][fusion_title size=&#8221;2&#8243; content_align=&#8221;left&#8221; style_type=&#8221;none&#8221; sep_color=&#8221;&#8221; class=&#8221;&#8221; id=&#8221;&#8221;]Sebasti\u00e3o Filomeno Correia[\/fusion_title][fusion_text] Administrador do Posto Administrativo de Vemasse [\/fusion_text][\/fusion_builder_column][fusion_builder_column type=&#8221;1_3&#8243; last=&#8221;yes&#8221; spacing=&#8221;yes&#8221; center_content=&#8221;no&#8221; hide_on_mobile=&#8221;no&#8221; background_color=&#8221;&#8221; background_image=&#8221;&#8221; background_repeat=&#8221;no-repeat&#8221; background_position=&#8221;left top&#8221; border_size=&#8221;0px&#8221; border_color=&#8221;&#8221; border_style=&#8221;&#8221; padding=&#8221;&#8221; margin_top=&#8221;&#8221; margin_bottom=&#8221;&#8221; [&hellip;]<\/p>\n","protected":false},"author":2,"featured_media":0,"parent":0,"menu_order":0,"comment_status":"closed","ping_status":"closed","template":"","meta":{"footnotes":""},"class_list":["post-13283","page","type-page","status-publish","hentry"],"translation":{"provider":"WPGlobus","version":"3.0.0","language":"en","enabled_languages":["tm","pt","en"],"languages":{"tm":{"title":true,"content":true,"excerpt":false},"pt":{"title":false,"content":false,"excerpt":false},"en":{"title":false,"content":false,"excerpt":false}}},"yoast_head":"<!-- This site is optimized with the Yoast SEO plugin v26.5 - https:\/\/yoast.com\/wordpress\/plugins\/seo\/ -->\n<title>Posto Administrativo Vemasse - Ministry of State Administration<\/title>\n<meta name=\"robots\" content=\"index, follow, max-snippet:-1, max-image-preview:large, max-video-preview:-1\" \/>\n<link rel=\"canonical\" href=\"https:\/\/estatal.gov.tl\/posto-administrativo-vemasse\/\" \/>\n<meta property=\"og:locale\" content=\"en_US\" \/>\n<meta property=\"og:type\" content=\"article\" \/>\n<meta property=\"og:title\" content=\"Posto Administrativo Vemasse - Ministry of State Administration\" \/>\n<meta property=\"og:url\" content=\"https:\/\/estatal.gov.tl\/posto-administrativo-vemasse\/\" \/>\n<meta property=\"og:site_name\" content=\"Ministry of State Administration\" \/>\n<meta property=\"article:modified_time\" content=\"2019-10-03T18:42:34+00:00\" \/>\n<meta property=\"og:image\" content=\"https:\/\/sestatal.gov.tl\/wp-content\/uploads\/2015\/11\/Vemasse.png\" \/>\n<meta name=\"twitter:card\" content=\"summary_large_image\" \/>\n<meta name=\"twitter:label1\" content=\"Est. reading time\" \/>\n\t<meta name=\"twitter:data1\" content=\"2 minutes\" \/>\n<script type=\"application\/ld+json\" class=\"yoast-schema-graph\">{\"@context\":\"https:\/\/schema.org\",\"@graph\":[{\"@type\":\"WebPage\",\"@id\":\"https:\/\/estatal.gov.tl\/posto-administrativo-vemasse\/\",\"url\":\"https:\/\/estatal.gov.tl\/posto-administrativo-vemasse\/\",\"name\":\"Posto Administrativo Vemasse - Ministry of State Administration\",\"isPartOf\":{\"@id\":\"https:\/\/estatal.gov.tl\/pt\/#website\"},\"primaryImageOfPage\":{\"@id\":\"https:\/\/estatal.gov.tl\/posto-administrativo-vemasse\/#primaryimage\"},\"image\":{\"@id\":\"https:\/\/estatal.gov.tl\/posto-administrativo-vemasse\/#primaryimage\"},\"thumbnailUrl\":\"https:\/\/sestatal.gov.tl\/wp-content\/uploads\/2015\/11\/Vemasse.png\",\"datePublished\":\"2015-09-25T18:36:10+00:00\",\"dateModified\":\"2019-10-03T18:42:34+00:00\",\"breadcrumb\":{\"@id\":\"https:\/\/estatal.gov.tl\/posto-administrativo-vemasse\/#breadcrumb\"},\"inLanguage\":\"en-US\",\"potentialAction\":[{\"@type\":\"ReadAction\",\"target\":[\"https:\/\/estatal.gov.tl\/posto-administrativo-vemasse\/\"]}]},{\"@type\":\"ImageObject\",\"inLanguage\":\"en-US\",\"@id\":\"https:\/\/estatal.gov.tl\/posto-administrativo-vemasse\/#primaryimage\",\"url\":\"https:\/\/sestatal.gov.tl\/wp-content\/uploads\/2015\/11\/Vemasse.png\",\"contentUrl\":\"https:\/\/sestatal.gov.tl\/wp-content\/uploads\/2015\/11\/Vemasse.png\"},{\"@type\":\"BreadcrumbList\",\"@id\":\"https:\/\/estatal.gov.tl\/posto-administrativo-vemasse\/#breadcrumb\",\"itemListElement\":[{\"@type\":\"ListItem\",\"position\":1,\"name\":\"Home\",\"item\":\"https:\/\/estatal.gov.tl\/pt\/\"},{\"@type\":\"ListItem\",\"position\":2,\"name\":\"Posto Administrativo Vemasse\"}]},{\"@type\":\"WebSite\",\"@id\":\"https:\/\/estatal.gov.tl\/pt\/#website\",\"url\":\"https:\/\/estatal.gov.tl\/pt\/\",\"name\":\"{:tm}Minist\u00e9riu Administrasaun Estatal{:}{:pt}Minist\u00e9rio da Administra\u00e7\u00e3o Estatal{:}{:en}Ministry of State Administration{:}\",\"description\":\"Minist\u00e9riu Administrasaun Estatal\",\"publisher\":{\"@id\":\"https:\/\/estatal.gov.tl\/pt\/#organization\"},\"potentialAction\":[{\"@type\":\"SearchAction\",\"target\":{\"@type\":\"EntryPoint\",\"urlTemplate\":\"https:\/\/estatal.gov.tl\/pt\/?s={search_term_string}\"},\"query-input\":{\"@type\":\"PropertyValueSpecification\",\"valueRequired\":true,\"valueName\":\"search_term_string\"}}],\"inLanguage\":\"en-US\"},{\"@type\":\"Organization\",\"@id\":\"https:\/\/estatal.gov.tl\/pt\/#organization\",\"name\":\"{:tm}Minist\u00e9riu Administrasaun Estatal{:}{:pt}Minist\u00e9rio da Administra\u00e7\u00e3o Estatal{:}{:en}Ministry of State Administration{:}\",\"url\":\"https:\/\/estatal.gov.tl\/pt\/\",\"logo\":{\"@type\":\"ImageObject\",\"inLanguage\":\"en-US\",\"@id\":\"https:\/\/estatal.gov.tl\/pt\/#\/schema\/logo\/image\/\",\"url\":\"https:\/\/estatal.gov.tl\/wp-content\/uploads\/2024\/09\/logo-municipality-1.png\",\"contentUrl\":\"https:\/\/estatal.gov.tl\/wp-content\/uploads\/2024\/09\/logo-municipality-1.png\",\"width\":250,\"height\":228,\"caption\":\"{:tm}Minist\u00e9riu Administrasaun Estatal{:}{:pt}Minist\u00e9rio da Administra\u00e7\u00e3o Estatal{:}{:en}Ministry of State Administration{:}\"},\"image\":{\"@id\":\"https:\/\/estatal.gov.tl\/pt\/#\/schema\/logo\/image\/\"}}]}<\/script>\n<!-- \/ Yoast SEO plugin. -->","yoast_head_json":{"title":"Posto Administrativo Vemasse - Ministry of State Administration","robots":{"index":"index","follow":"follow","max-snippet":"max-snippet:-1","max-image-preview":"max-image-preview:large","max-video-preview":"max-video-preview:-1"},"canonical":"https:\/\/estatal.gov.tl\/posto-administrativo-vemasse\/","og_locale":"en_US","og_type":"article","og_title":"Posto Administrativo Vemasse - Ministry of State Administration","og_url":"https:\/\/estatal.gov.tl\/posto-administrativo-vemasse\/","og_site_name":"Ministry of State Administration","article_modified_time":"2019-10-03T18:42:34+00:00","og_image":[{"url":"https:\/\/sestatal.gov.tl\/wp-content\/uploads\/2015\/11\/Vemasse.png","type":"","width":"","height":""}],"twitter_card":"summary_large_image","twitter_misc":{"Est. reading time":"2 minutes"},"schema":{"@context":"https:\/\/schema.org","@graph":[{"@type":"WebPage","@id":"https:\/\/estatal.gov.tl\/posto-administrativo-vemasse\/","url":"https:\/\/estatal.gov.tl\/posto-administrativo-vemasse\/","name":"Posto Administrativo Vemasse - Ministry of State Administration","isPartOf":{"@id":"https:\/\/estatal.gov.tl\/pt\/#website"},"primaryImageOfPage":{"@id":"https:\/\/estatal.gov.tl\/posto-administrativo-vemasse\/#primaryimage"},"image":{"@id":"https:\/\/estatal.gov.tl\/posto-administrativo-vemasse\/#primaryimage"},"thumbnailUrl":"https:\/\/sestatal.gov.tl\/wp-content\/uploads\/2015\/11\/Vemasse.png","datePublished":"2015-09-25T18:36:10+00:00","dateModified":"2019-10-03T18:42:34+00:00","breadcrumb":{"@id":"https:\/\/estatal.gov.tl\/posto-administrativo-vemasse\/#breadcrumb"},"inLanguage":"en-US","potentialAction":[{"@type":"ReadAction","target":["https:\/\/estatal.gov.tl\/posto-administrativo-vemasse\/"]}]},{"@type":"ImageObject","inLanguage":"en-US","@id":"https:\/\/estatal.gov.tl\/posto-administrativo-vemasse\/#primaryimage","url":"https:\/\/sestatal.gov.tl\/wp-content\/uploads\/2015\/11\/Vemasse.png","contentUrl":"https:\/\/sestatal.gov.tl\/wp-content\/uploads\/2015\/11\/Vemasse.png"},{"@type":"BreadcrumbList","@id":"https:\/\/estatal.gov.tl\/posto-administrativo-vemasse\/#breadcrumb","itemListElement":[{"@type":"ListItem","position":1,"name":"Home","item":"https:\/\/estatal.gov.tl\/pt\/"},{"@type":"ListItem","position":2,"name":"Posto Administrativo Vemasse"}]},{"@type":"WebSite","@id":"https:\/\/estatal.gov.tl\/pt\/#website","url":"https:\/\/estatal.gov.tl\/pt\/","name":"{:tm}Minist\u00e9riu Administrasaun Estatal{:}{:pt}Minist\u00e9rio da Administra\u00e7\u00e3o Estatal{:}{:en}Ministry of State Administration{:}","description":"Minist\u00e9riu Administrasaun Estatal","publisher":{"@id":"https:\/\/estatal.gov.tl\/pt\/#organization"},"potentialAction":[{"@type":"SearchAction","target":{"@type":"EntryPoint","urlTemplate":"https:\/\/estatal.gov.tl\/pt\/?s={search_term_string}"},"query-input":{"@type":"PropertyValueSpecification","valueRequired":true,"valueName":"search_term_string"}}],"inLanguage":"en-US"},{"@type":"Organization","@id":"https:\/\/estatal.gov.tl\/pt\/#organization","name":"{:tm}Minist\u00e9riu Administrasaun Estatal{:}{:pt}Minist\u00e9rio da Administra\u00e7\u00e3o Estatal{:}{:en}Ministry of State Administration{:}","url":"https:\/\/estatal.gov.tl\/pt\/","logo":{"@type":"ImageObject","inLanguage":"en-US","@id":"https:\/\/estatal.gov.tl\/pt\/#\/schema\/logo\/image\/","url":"https:\/\/estatal.gov.tl\/wp-content\/uploads\/2024\/09\/logo-municipality-1.png","contentUrl":"https:\/\/estatal.gov.tl\/wp-content\/uploads\/2024\/09\/logo-municipality-1.png","width":250,"height":228,"caption":"{:tm}Minist\u00e9riu Administrasaun Estatal{:}{:pt}Minist\u00e9rio da Administra\u00e7\u00e3o Estatal{:}{:en}Ministry of State Administration{:}"},"image":{"@id":"https:\/\/estatal.gov.tl\/pt\/#\/schema\/logo\/image\/"}}]}},"_links":{"self":[{"href":"https:\/\/estatal.gov.tl\/en\/wp-json\/wp\/v2\/pages\/13283","targetHints":{"allow":["GET"]}}],"collection":[{"href":"https:\/\/estatal.gov.tl\/en\/wp-json\/wp\/v2\/pages"}],"about":[{"href":"https:\/\/estatal.gov.tl\/en\/wp-json\/wp\/v2\/types\/page"}],"author":[{"embeddable":true,"href":"https:\/\/estatal.gov.tl\/en\/wp-json\/wp\/v2\/users\/2"}],"replies":[{"embeddable":true,"href":"https:\/\/estatal.gov.tl\/en\/wp-json\/wp\/v2\/comments?post=13283"}],"version-history":[{"count":4,"href":"https:\/\/estatal.gov.tl\/en\/wp-json\/wp\/v2\/pages\/13283\/revisions"}],"predecessor-version":[{"id":16059,"href":"https:\/\/estatal.gov.tl\/en\/wp-json\/wp\/v2\/pages\/13283\/revisions\/16059"}],"wp:attachment":[{"href":"https:\/\/estatal.gov.tl\/en\/wp-json\/wp\/v2\/media?parent=13283"}],"curies":[{"name":"wp","href":"https:\/\/api.w.org\/{rel}","templated":true}]}}