{"id":164,"date":"2024-09-04T18:13:26","date_gmt":"2024-09-04T09:13:26","guid":{"rendered":"http:\/\/estatal.gov.test\/?page_id=164"},"modified":"2025-07-04T00:55:45","modified_gmt":"2025-07-03T15:55:45","slug":"organizational-structure","status":"publish","type":"page","link":"https:\/\/estatal.gov.tl\/en\/organizational-structure\/","title":{"rendered":"Organizational Structure"},"content":{"rendered":"<p><\/p>\r\n<p>O Decreto-Lei n.\u00ba 49\/2023, de 23 de agosto, aprovou a Org\u00e2nica do Minist\u00e9rio da Administra\u00e7\u00e3o Estatal. O artigo 63.\u00ba do Decreto-Lei n.\u00ba 49\/2023, de 23 de agosto, determinou que as normas relativas \u00e0 organiza\u00e7\u00e3o funcional do Minist\u00e9rio da Administra\u00e7\u00e3o Estatal fossem aprovadas por diploma ministerial. Assim, e, por conseguinte, melhorias na qualidade e rapidez com que os servi\u00e7os s\u00e3o prestados ao p\u00fablico; mas tamb\u00e9m uma segrega\u00e7\u00e3o de fun\u00e7\u00f5es que sendo conforme com as melhores pr\u00e1ticas internacionais, visa a promo\u00e7\u00e3o da boa governan\u00e7a, sem preju\u00edzo do respeito pelo olimite m\u00e1ximo de tr\u00eas departamentos por cada uma das dire\u00e7\u00f5es nacionais, sendo que algumas desta n\u00e3o compreendem a exist\u00eancia de departamentos por n\u00e3o se justificar qualquer segrega\u00e7\u00e3o de fun\u00e7\u00f5es ou especializa\u00e7\u00e3o do trabalho. O Governo, pelo Ministro da Administra\u00e7\u00e3o Estatal, manda, ao abrigo do previsto no artigo 63.\u00ba do Decretro-Lei n.\u00ba 49\/ 2023, de 23 de agosto e do n.\u00ba 1 do artigo 15.\u00ba Decreto-Lei n.\u00ba 25\/2021, de 17 de novembro, publicar o seguinte diploma:<\/p>\r\n<p><\/p>\r\n<p><\/p>\r\n<div data-wp-interactive=\"core\/file\" class=\"wp-block-file\"><object data-wp-bind--hidden=\"!state.hasPdfPreview\" hidden class=\"wp-block-file__embed\" style=\"width: 100%; height: 1174px;\" data=\"https:\/\/sestatal.gov.tl\/wp-content\/uploads\/2024\/12\/MAE_diploma_ministerial_no_38_2023_6_setembro.pdf\" type=\"application\/pdf\" width=\"300\" height=\"150\" aria-label=\"Embed of MAE_diploma_ministerial_no_38_2023_6_setembro.\"><\/object><a id=\"wp-block-file--media-dc57aa6c-cfe4-44fe-b2f0-e7e2398413a6\" href=\"https:\/\/sestatal.gov.tl\/wp-content\/uploads\/2024\/12\/MAE_diploma_ministerial_no_38_2023_6_setembro.pdf\">MAE_diploma_ministerial_no_38_2023_6_setembro<\/a><\/div>\r\n<p><\/p>","protected":false},"excerpt":{"rendered":"<p>O Decreto-Lei n.\u00ba 49\/2023, de 23 de agosto, aprovou a Org\u00e2nica do Minist\u00e9rio da Administra\u00e7\u00e3o Estatal. O artigo 63.\u00ba do Decreto-Lei n.\u00ba 49\/2023, de 23 de agosto, determinou que as normas relativas \u00e0 organiza\u00e7\u00e3o funcional do Minist\u00e9rio da Administra\u00e7\u00e3o Estatal fossem aprovadas por diploma ministerial. Assim, e, por conseguinte, melhorias na qualidade e rapidez com [&hellip;]<\/p>\n","protected":false},"author":2,"featured_media":0,"parent":0,"menu_order":0,"comment_status":"closed","ping_status":"closed","template":"templates\/template_organizational_structure.php","meta":{"footnotes":""},"class_list":["post-164","page","type-page","status-publish","hentry"],"translation":{"provider":"WPGlobus","version":"3.0.0","language":"en","enabled_languages":["tm","pt","en"],"languages":{"tm":{"title":true,"content":true,"excerpt":false},"pt":{"title":true,"content":false,"excerpt":false},"en":{"title":true,"content":false,"excerpt":false}}},"yoast_head":"<!-- This site is optimized with the Yoast SEO plugin v26.5 - https:\/\/yoast.com\/wordpress\/plugins\/seo\/ -->\n<title>Organizational Structure - Ministry of State Administration<\/title>\n<meta name=\"robots\" content=\"index, follow, max-snippet:-1, max-image-preview:large, max-video-preview:-1\" \/>\n<link rel=\"canonical\" href=\"https:\/\/estatal.gov.tl\/organizational-structure\/\" \/>\n<meta property=\"og:locale\" content=\"en_US\" \/>\n<meta property=\"og:type\" content=\"article\" \/>\n<meta property=\"og:title\" content=\"Organizational Structure - Ministry of State Administration\" \/>\n<meta property=\"og:url\" content=\"https:\/\/estatal.gov.tl\/organizational-structure\/\" \/>\n<meta property=\"og:site_name\" content=\"Ministry of State Administration\" \/>\n<meta property=\"article:modified_time\" content=\"2025-07-03T15:55:45+00:00\" \/>\n<meta property=\"og:image\" content=\"https:\/\/estatal.gov.tl\/wp-content\/uploads\/2025\/07\/edificio_mae.jpg\" \/>\n\t<meta property=\"og:image:width\" content=\"2048\" \/>\n\t<meta property=\"og:image:height\" content=\"1182\" \/>\n\t<meta property=\"og:image:type\" content=\"image\/jpeg\" \/>\n<meta name=\"twitter:card\" content=\"summary_large_image\" \/>\n<meta name=\"twitter:label1\" content=\"Est. reading time\" \/>\n\t<meta name=\"twitter:data1\" content=\"1 minute\" \/>\n<script type=\"application\/ld+json\" class=\"yoast-schema-graph\">{\"@context\":\"https:\/\/schema.org\",\"@graph\":[{\"@type\":\"WebPage\",\"@id\":\"https:\/\/estatal.gov.tl\/organizational-structure\/\",\"url\":\"https:\/\/estatal.gov.tl\/organizational-structure\/\",\"name\":\"Organizational Structure - Ministry of State Administration\",\"isPartOf\":{\"@id\":\"https:\/\/estatal.gov.tl\/pt\/#website\"},\"datePublished\":\"2024-09-04T09:13:26+00:00\",\"dateModified\":\"2025-07-03T15:55:45+00:00\",\"breadcrumb\":{\"@id\":\"https:\/\/estatal.gov.tl\/organizational-structure\/#breadcrumb\"},\"inLanguage\":\"en-US\",\"potentialAction\":[{\"@type\":\"ReadAction\",\"target\":[\"https:\/\/estatal.gov.tl\/organizational-structure\/\"]}]},{\"@type\":\"BreadcrumbList\",\"@id\":\"https:\/\/estatal.gov.tl\/organizational-structure\/#breadcrumb\",\"itemListElement\":[{\"@type\":\"ListItem\",\"position\":1,\"name\":\"Home\",\"item\":\"https:\/\/estatal.gov.tl\/pt\/\"},{\"@type\":\"ListItem\",\"position\":2,\"name\":\"Estrutura Organizasional\"}]},{\"@type\":\"WebSite\",\"@id\":\"https:\/\/estatal.gov.tl\/pt\/#website\",\"url\":\"https:\/\/estatal.gov.tl\/pt\/\",\"name\":\"{:tm}Minist\u00e9riu Administrasaun Estatal{:}{:pt}Minist\u00e9rio da Administra\u00e7\u00e3o Estatal{:}{:en}Ministry of State Administration{:}\",\"description\":\"Minist\u00e9riu Administrasaun Estatal\",\"publisher\":{\"@id\":\"https:\/\/estatal.gov.tl\/pt\/#organization\"},\"potentialAction\":[{\"@type\":\"SearchAction\",\"target\":{\"@type\":\"EntryPoint\",\"urlTemplate\":\"https:\/\/estatal.gov.tl\/pt\/?s={search_term_string}\"},\"query-input\":{\"@type\":\"PropertyValueSpecification\",\"valueRequired\":true,\"valueName\":\"search_term_string\"}}],\"inLanguage\":\"en-US\"},{\"@type\":\"Organization\",\"@id\":\"https:\/\/estatal.gov.tl\/pt\/#organization\",\"name\":\"{:tm}Minist\u00e9riu Administrasaun Estatal{:}{:pt}Minist\u00e9rio da Administra\u00e7\u00e3o Estatal{:}{:en}Ministry of State Administration{:}\",\"url\":\"https:\/\/estatal.gov.tl\/pt\/\",\"logo\":{\"@type\":\"ImageObject\",\"inLanguage\":\"en-US\",\"@id\":\"https:\/\/estatal.gov.tl\/pt\/#\/schema\/logo\/image\/\",\"url\":\"https:\/\/estatal.gov.tl\/wp-content\/uploads\/2024\/09\/logo-municipality-1.png\",\"contentUrl\":\"https:\/\/estatal.gov.tl\/wp-content\/uploads\/2024\/09\/logo-municipality-1.png\",\"width\":250,\"height\":228,\"caption\":\"{:tm}Minist\u00e9riu Administrasaun Estatal{:}{:pt}Minist\u00e9rio da Administra\u00e7\u00e3o Estatal{:}{:en}Ministry of State Administration{:}\"},\"image\":{\"@id\":\"https:\/\/estatal.gov.tl\/pt\/#\/schema\/logo\/image\/\"}}]}<\/script>\n<!-- \/ Yoast SEO plugin. -->","yoast_head_json":{"title":"Organizational Structure - Ministry of State Administration","robots":{"index":"index","follow":"follow","max-snippet":"max-snippet:-1","max-image-preview":"max-image-preview:large","max-video-preview":"max-video-preview:-1"},"canonical":"https:\/\/estatal.gov.tl\/organizational-structure\/","og_locale":"en_US","og_type":"article","og_title":"Organizational Structure - Ministry of State Administration","og_url":"https:\/\/estatal.gov.tl\/organizational-structure\/","og_site_name":"Ministry of State Administration","article_modified_time":"2025-07-03T15:55:45+00:00","og_image":[{"width":2048,"height":1182,"url":"https:\/\/estatal.gov.tl\/wp-content\/uploads\/2025\/07\/edificio_mae.jpg","type":"image\/jpeg"}],"twitter_card":"summary_large_image","twitter_misc":{"Est. reading time":"1 minute"},"schema":{"@context":"https:\/\/schema.org","@graph":[{"@type":"WebPage","@id":"https:\/\/estatal.gov.tl\/organizational-structure\/","url":"https:\/\/estatal.gov.tl\/organizational-structure\/","name":"Organizational Structure - Ministry of State Administration","isPartOf":{"@id":"https:\/\/estatal.gov.tl\/pt\/#website"},"datePublished":"2024-09-04T09:13:26+00:00","dateModified":"2025-07-03T15:55:45+00:00","breadcrumb":{"@id":"https:\/\/estatal.gov.tl\/organizational-structure\/#breadcrumb"},"inLanguage":"en-US","potentialAction":[{"@type":"ReadAction","target":["https:\/\/estatal.gov.tl\/organizational-structure\/"]}]},{"@type":"BreadcrumbList","@id":"https:\/\/estatal.gov.tl\/organizational-structure\/#breadcrumb","itemListElement":[{"@type":"ListItem","position":1,"name":"Home","item":"https:\/\/estatal.gov.tl\/pt\/"},{"@type":"ListItem","position":2,"name":"Estrutura Organizasional"}]},{"@type":"WebSite","@id":"https:\/\/estatal.gov.tl\/pt\/#website","url":"https:\/\/estatal.gov.tl\/pt\/","name":"{:tm}Minist\u00e9riu Administrasaun Estatal{:}{:pt}Minist\u00e9rio da Administra\u00e7\u00e3o Estatal{:}{:en}Ministry of State Administration{:}","description":"Minist\u00e9riu Administrasaun Estatal","publisher":{"@id":"https:\/\/estatal.gov.tl\/pt\/#organization"},"potentialAction":[{"@type":"SearchAction","target":{"@type":"EntryPoint","urlTemplate":"https:\/\/estatal.gov.tl\/pt\/?s={search_term_string}"},"query-input":{"@type":"PropertyValueSpecification","valueRequired":true,"valueName":"search_term_string"}}],"inLanguage":"en-US"},{"@type":"Organization","@id":"https:\/\/estatal.gov.tl\/pt\/#organization","name":"{:tm}Minist\u00e9riu Administrasaun Estatal{:}{:pt}Minist\u00e9rio da Administra\u00e7\u00e3o Estatal{:}{:en}Ministry of State Administration{:}","url":"https:\/\/estatal.gov.tl\/pt\/","logo":{"@type":"ImageObject","inLanguage":"en-US","@id":"https:\/\/estatal.gov.tl\/pt\/#\/schema\/logo\/image\/","url":"https:\/\/estatal.gov.tl\/wp-content\/uploads\/2024\/09\/logo-municipality-1.png","contentUrl":"https:\/\/estatal.gov.tl\/wp-content\/uploads\/2024\/09\/logo-municipality-1.png","width":250,"height":228,"caption":"{:tm}Minist\u00e9riu Administrasaun Estatal{:}{:pt}Minist\u00e9rio da Administra\u00e7\u00e3o Estatal{:}{:en}Ministry of State Administration{:}"},"image":{"@id":"https:\/\/estatal.gov.tl\/pt\/#\/schema\/logo\/image\/"}}]}},"_links":{"self":[{"href":"https:\/\/estatal.gov.tl\/en\/wp-json\/wp\/v2\/pages\/164","targetHints":{"allow":["GET"]}}],"collection":[{"href":"https:\/\/estatal.gov.tl\/en\/wp-json\/wp\/v2\/pages"}],"about":[{"href":"https:\/\/estatal.gov.tl\/en\/wp-json\/wp\/v2\/types\/page"}],"author":[{"embeddable":true,"href":"https:\/\/estatal.gov.tl\/en\/wp-json\/wp\/v2\/users\/2"}],"replies":[{"embeddable":true,"href":"https:\/\/estatal.gov.tl\/en\/wp-json\/wp\/v2\/comments?post=164"}],"version-history":[{"count":16,"href":"https:\/\/estatal.gov.tl\/en\/wp-json\/wp\/v2\/pages\/164\/revisions"}],"predecessor-version":[{"id":18871,"href":"https:\/\/estatal.gov.tl\/en\/wp-json\/wp\/v2\/pages\/164\/revisions\/18871"}],"wp:attachment":[{"href":"https:\/\/estatal.gov.tl\/en\/wp-json\/wp\/v2\/media?parent=164"}],"curies":[{"name":"wp","href":"https:\/\/api.w.org\/{rel}","templated":true}]}}