{"id":12617,"date":"2015-08-24T17:06:05","date_gmt":"2015-08-24T17:06:05","guid":{"rendered":"http:\/\/siteestatalgovtl.dreamhosters.com\/?page_id=12617"},"modified":"2024-10-22T23:36:39","modified_gmt":"2024-10-22T14:36:39","slug":"administracao-municipal","status":"publish","type":"page","link":"https:\/\/estatal.gov.tl\/pt\/administracao-municipal\/","title":{"rendered":"Administra\u00e7\u00e3o Municipal"},"content":{"rendered":"\n<p>Estatuto Administrac\u0327o\u0303es Municipais, Autoridades Municipais e Grupo Te\u0301cnico Interministerial Descentralizac\u0327a\u0303o Administrativa<br>(Segunda alterac\u0327a\u0303o ao Decreto Lei n.\u00ba 3\/2016, de 16 de marc\u0327o)<br><a href=\"https:\/\/sestatal.gov.tl\/wp-content\/uploads\/2020\/11\/x.pdf\">Decreto-Lei n.\u00ba 54\/2020, de 28 de Outubro<\/a><br><span style=\"background-color: rgba(255, 255, 255, 0); color: var(--body_typography-color); font-family: var(--body_typography-font-family); font-size: var(--body_typography-font-size); font-style: var(--body_typography-font-style,normal); font-weight: var(--body_typography-font-weight); letter-spacing: var(--body_typography-letter-spacing);\"><a href=\"https:\/\/sestatal.gov.tl\/wp-content\/uploads\/2021\/02\/Declarac%CC%A7a%CC%83o-de-Rectificac%CC%A7a%CC%83o-n.%C2%BA-42020-de-16-de-dezembro-do-DL-n.%C2%BA-542020-de-28-de-outubro.pdf\">Declarac\u0327a\u0303o de Rectificac\u0327a\u0303o n.\u00ba 4\/2020, de 16 de dezembro<\/a>, do DL n.\u00ba 54\/2020, de 28 de outubro<\/span><\/p>\n\n\n\n<p>Artigo 3.\u00ba<br>Institui\u00e7\u00e3o das administra\u00e7\u00f5es municipais e autoridades municipais<br>1. S\u00e3o institu\u00eddas as seguintes administra\u00e7\u00f5es municipais:<br>&nbsp; &nbsp; &#8211; Administra\u00e7\u00e3o Municipal de Aileu;<br>&nbsp; &nbsp; &#8211; Administra\u00e7\u00e3o Municipal de Ainaro;<br>&nbsp; &nbsp; &#8211; Administra\u00e7\u00e3o Municipal de Covalima;<br>&nbsp; &nbsp; &#8211; Administra\u00e7\u00e3o Municipal de Laut\u00e9m;<br>&nbsp; &nbsp; &#8211; Administra\u00e7\u00e3o Municipal de Liqui\u00e7\u00e1;<br>&nbsp; &nbsp; &#8211; Administra\u00e7\u00e3o Municipal de Manufahi;<br>&nbsp; &nbsp; &#8211; Administra\u00e7\u00e3o Municipal de Manatuto;<br>&nbsp; &nbsp; &#8211; Administra\u00e7\u00e3o Municipal de Viqueque.<\/p>\n\n\n\n<p>2. S\u00e3o institu\u00eddas as seguintes autoridades municipais:<br>&nbsp; &nbsp; &#8211; Autoridade Municipal de Baucau;<br>&nbsp; &nbsp; &#8211; Autoridade Municipal de Bobonaro;<br>&nbsp; &nbsp; &#8211; Autoridade Municipal de D\u00edli;<br>&nbsp; &nbsp; &#8211; Autoridade Municipal de Ermera.<\/p>\n\n\n\n<p>&nbsp;<\/p>\n\n\n\n<p>Oe-cusse Ambeno, constitui uma Regi\u00e3o Administrativa Especial<br>&#8211; Lei n.\u00ba 3\/2014, de 18 de junho &#8211; Cria a Regi\u00e3o Administrativa Especial de Oe-Cusse Ambeno e estabelece a Zona Especial de Economia Social de Mercado<br>&#8211; Decreto-Lei n.\u00ba5\/2015, de 22 de janeiro &#8211; Estatuto da Regi\u00e3o Administrativa Especial de Oe-Cusse Ambeno.<\/p>\n\n\n\n<p>&nbsp;<\/p>\n\n\n\n<p>Estatuto Administrac\u0327o\u0303es Municipais, Autoridades Municipais e Grupo Te\u0301cnico Interministerial Descentralizac\u0327a\u0303o Administrativa<br>(Segunda alterac\u0327a\u0303o ao Decreto Lei n.\u00ba 3\/2016, de 16 de marc\u0327o)<br><a href=\"https:\/\/sestatal.gov.tl\/wp-content\/uploads\/2020\/11\/x.pdf\">Decreto-Lei n.\u00ba 54\/2020, de 28 de Outubro<\/a><br><a href=\"https:\/\/sestatal.gov.tl\/wp-content\/uploads\/2021\/02\/Declarac%CC%A7a%CC%83o-de-Rectificac%CC%A7a%CC%83o-n.%C2%BA-42020-de-16-de-dezembro-do-DL-n.%C2%BA-542020-de-28-de-outubro.pdf\">Declarac\u0327a\u0303o de Rectificac\u0327a\u0303o n.\u00ba 4\/2020, de 16 de dezembro<\/a>, do DL n.\u00ba 54\/2020, de 28 de outubro<\/p>\n\n\n\n<p>&nbsp;<\/p>\n","protected":false},"excerpt":{"rendered":"<p>Estatuto Administrac\u0327o\u0303es Municipais, Autoridades Municipais e Grupo Te\u0301cnico Interministerial Descentralizac\u0327a\u0303o Administrativa(Segunda alterac\u0327a\u0303o ao Decreto Lei n.\u00ba 3\/2016, de 16 de marc\u0327o)Decreto-Lei n.\u00ba 54\/2020, de 28 de OutubroDeclarac\u0327a\u0303o de Rectificac\u0327a\u0303o n.\u00ba 4\/2020, de 16 de dezembro, do DL n.\u00ba 54\/2020, de 28 de outubro Artigo 3.\u00baInstitui\u00e7\u00e3o das administra\u00e7\u00f5es municipais e autoridades municipais1. S\u00e3o institu\u00eddas as seguintes [&hellip;]<\/p>\n","protected":false},"author":2,"featured_media":0,"parent":0,"menu_order":0,"comment_status":"closed","ping_status":"closed","template":"","meta":{"footnotes":""},"class_list":["post-12617","page","type-page","status-publish","hentry"],"translation":{"provider":"WPGlobus","version":"3.0.0","language":"pt","enabled_languages":["tm","pt","en"],"languages":{"tm":{"title":true,"content":false,"excerpt":false},"pt":{"title":true,"content":true,"excerpt":false},"en":{"title":false,"content":false,"excerpt":false}}},"yoast_head":"<!-- This site is optimized with the Yoast SEO plugin v26.5 - https:\/\/yoast.com\/wordpress\/plugins\/seo\/ -->\n<title>Administra\u00e7\u00e3o Municipal - Minist\u00e9rio da Administra\u00e7\u00e3o Estatal<\/title>\n<meta name=\"robots\" content=\"index, follow, max-snippet:-1, max-image-preview:large, max-video-preview:-1\" \/>\n<link rel=\"canonical\" href=\"https:\/\/estatal.gov.tl\/administracao-municipal\/\" \/>\n<meta property=\"og:locale\" content=\"pt_PT\" \/>\n<meta property=\"og:type\" content=\"article\" \/>\n<meta property=\"og:title\" content=\"Administra\u00e7\u00e3o Municipal - Minist\u00e9rio da Administra\u00e7\u00e3o Estatal\" \/>\n<meta property=\"og:url\" content=\"https:\/\/estatal.gov.tl\/administracao-municipal\/\" \/>\n<meta property=\"og:site_name\" content=\"Minist\u00e9rio da Administra\u00e7\u00e3o Estatal\" \/>\n<meta property=\"article:modified_time\" content=\"2024-10-22T14:36:39+00:00\" \/>\n<meta property=\"og:image\" content=\"https:\/\/estatal.gov.tl\/wp-content\/uploads\/2025\/07\/edificio_mae.jpg\" \/>\n\t<meta property=\"og:image:width\" content=\"2048\" \/>\n\t<meta property=\"og:image:height\" content=\"1182\" \/>\n\t<meta property=\"og:image:type\" content=\"image\/jpeg\" \/>\n<meta name=\"twitter:card\" content=\"summary_large_image\" \/>\n<meta name=\"twitter:label1\" content=\"Est. reading time\" \/>\n\t<meta name=\"twitter:data1\" content=\"1 minute\" \/>\n<script type=\"application\/ld+json\" class=\"yoast-schema-graph\">{\"@context\":\"https:\/\/schema.org\",\"@graph\":[{\"@type\":\"WebPage\",\"@id\":\"https:\/\/estatal.gov.tl\/administracao-municipal\/\",\"url\":\"https:\/\/estatal.gov.tl\/administracao-municipal\/\",\"name\":\"Administra\u00e7\u00e3o Municipal - Minist\u00e9rio da Administra\u00e7\u00e3o Estatal\",\"isPartOf\":{\"@id\":\"https:\/\/estatal.gov.tl\/pt\/#website\"},\"datePublished\":\"2015-08-24T17:06:05+00:00\",\"dateModified\":\"2024-10-22T14:36:39+00:00\",\"breadcrumb\":{\"@id\":\"https:\/\/estatal.gov.tl\/administracao-municipal\/#breadcrumb\"},\"inLanguage\":\"pt-PT\",\"potentialAction\":[{\"@type\":\"ReadAction\",\"target\":[\"https:\/\/estatal.gov.tl\/administracao-municipal\/\"]}]},{\"@type\":\"BreadcrumbList\",\"@id\":\"https:\/\/estatal.gov.tl\/administracao-municipal\/#breadcrumb\",\"itemListElement\":[{\"@type\":\"ListItem\",\"position\":1,\"name\":\"Home\",\"item\":\"https:\/\/estatal.gov.tl\/pt\/\"},{\"@type\":\"ListItem\",\"position\":2,\"name\":\"Administra\u00e7\u00e3o Municipal\"}]},{\"@type\":\"WebSite\",\"@id\":\"https:\/\/estatal.gov.tl\/pt\/#website\",\"url\":\"https:\/\/estatal.gov.tl\/pt\/\",\"name\":\"{:tm}Minist\u00e9riu Administrasaun Estatal{:}{:pt}Minist\u00e9rio da Administra\u00e7\u00e3o Estatal{:}{:en}Ministry of State Administration{:}\",\"description\":\"Minist\u00e9rio da Administra\u00e7\u00e3o Estatal\",\"publisher\":{\"@id\":\"https:\/\/estatal.gov.tl\/pt\/#organization\"},\"potentialAction\":[{\"@type\":\"SearchAction\",\"target\":{\"@type\":\"EntryPoint\",\"urlTemplate\":\"https:\/\/estatal.gov.tl\/pt\/?s={search_term_string}\"},\"query-input\":{\"@type\":\"PropertyValueSpecification\",\"valueRequired\":true,\"valueName\":\"search_term_string\"}}],\"inLanguage\":\"pt-PT\"},{\"@type\":\"Organization\",\"@id\":\"https:\/\/estatal.gov.tl\/pt\/#organization\",\"name\":\"{:tm}Minist\u00e9riu Administrasaun Estatal{:}{:pt}Minist\u00e9rio da Administra\u00e7\u00e3o Estatal{:}{:en}Ministry of State Administration{:}\",\"url\":\"https:\/\/estatal.gov.tl\/pt\/\",\"logo\":{\"@type\":\"ImageObject\",\"inLanguage\":\"pt-PT\",\"@id\":\"https:\/\/estatal.gov.tl\/pt\/#\/schema\/logo\/image\/\",\"url\":\"https:\/\/estatal.gov.tl\/wp-content\/uploads\/2024\/09\/logo-municipality-1.png\",\"contentUrl\":\"https:\/\/estatal.gov.tl\/wp-content\/uploads\/2024\/09\/logo-municipality-1.png\",\"width\":250,\"height\":228,\"caption\":\"{:tm}Minist\u00e9riu Administrasaun Estatal{:}{:pt}Minist\u00e9rio da Administra\u00e7\u00e3o Estatal{:}{:en}Ministry of State Administration{:}\"},\"image\":{\"@id\":\"https:\/\/estatal.gov.tl\/pt\/#\/schema\/logo\/image\/\"}}]}<\/script>\n<!-- \/ Yoast SEO plugin. -->","yoast_head_json":{"title":"Administra\u00e7\u00e3o Municipal - Minist\u00e9rio da Administra\u00e7\u00e3o Estatal","robots":{"index":"index","follow":"follow","max-snippet":"max-snippet:-1","max-image-preview":"max-image-preview:large","max-video-preview":"max-video-preview:-1"},"canonical":"https:\/\/estatal.gov.tl\/administracao-municipal\/","og_locale":"pt_PT","og_type":"article","og_title":"Administra\u00e7\u00e3o Municipal - Minist\u00e9rio da Administra\u00e7\u00e3o Estatal","og_url":"https:\/\/estatal.gov.tl\/administracao-municipal\/","og_site_name":"Minist\u00e9rio da Administra\u00e7\u00e3o Estatal","article_modified_time":"2024-10-22T14:36:39+00:00","og_image":[{"width":2048,"height":1182,"url":"https:\/\/estatal.gov.tl\/wp-content\/uploads\/2025\/07\/edificio_mae.jpg","type":"image\/jpeg"}],"twitter_card":"summary_large_image","twitter_misc":{"Est. reading time":"1 minute"},"schema":{"@context":"https:\/\/schema.org","@graph":[{"@type":"WebPage","@id":"https:\/\/estatal.gov.tl\/administracao-municipal\/","url":"https:\/\/estatal.gov.tl\/administracao-municipal\/","name":"Administra\u00e7\u00e3o Municipal - Minist\u00e9rio da Administra\u00e7\u00e3o Estatal","isPartOf":{"@id":"https:\/\/estatal.gov.tl\/pt\/#website"},"datePublished":"2015-08-24T17:06:05+00:00","dateModified":"2024-10-22T14:36:39+00:00","breadcrumb":{"@id":"https:\/\/estatal.gov.tl\/administracao-municipal\/#breadcrumb"},"inLanguage":"pt-PT","potentialAction":[{"@type":"ReadAction","target":["https:\/\/estatal.gov.tl\/administracao-municipal\/"]}]},{"@type":"BreadcrumbList","@id":"https:\/\/estatal.gov.tl\/administracao-municipal\/#breadcrumb","itemListElement":[{"@type":"ListItem","position":1,"name":"Home","item":"https:\/\/estatal.gov.tl\/pt\/"},{"@type":"ListItem","position":2,"name":"Administra\u00e7\u00e3o Municipal"}]},{"@type":"WebSite","@id":"https:\/\/estatal.gov.tl\/pt\/#website","url":"https:\/\/estatal.gov.tl\/pt\/","name":"{:tm}Minist\u00e9riu Administrasaun Estatal{:}{:pt}Minist\u00e9rio da Administra\u00e7\u00e3o Estatal{:}{:en}Ministry of State Administration{:}","description":"Minist\u00e9rio da Administra\u00e7\u00e3o Estatal","publisher":{"@id":"https:\/\/estatal.gov.tl\/pt\/#organization"},"potentialAction":[{"@type":"SearchAction","target":{"@type":"EntryPoint","urlTemplate":"https:\/\/estatal.gov.tl\/pt\/?s={search_term_string}"},"query-input":{"@type":"PropertyValueSpecification","valueRequired":true,"valueName":"search_term_string"}}],"inLanguage":"pt-PT"},{"@type":"Organization","@id":"https:\/\/estatal.gov.tl\/pt\/#organization","name":"{:tm}Minist\u00e9riu Administrasaun Estatal{:}{:pt}Minist\u00e9rio da Administra\u00e7\u00e3o Estatal{:}{:en}Ministry of State Administration{:}","url":"https:\/\/estatal.gov.tl\/pt\/","logo":{"@type":"ImageObject","inLanguage":"pt-PT","@id":"https:\/\/estatal.gov.tl\/pt\/#\/schema\/logo\/image\/","url":"https:\/\/estatal.gov.tl\/wp-content\/uploads\/2024\/09\/logo-municipality-1.png","contentUrl":"https:\/\/estatal.gov.tl\/wp-content\/uploads\/2024\/09\/logo-municipality-1.png","width":250,"height":228,"caption":"{:tm}Minist\u00e9riu Administrasaun Estatal{:}{:pt}Minist\u00e9rio da Administra\u00e7\u00e3o Estatal{:}{:en}Ministry of State Administration{:}"},"image":{"@id":"https:\/\/estatal.gov.tl\/pt\/#\/schema\/logo\/image\/"}}]}},"_links":{"self":[{"href":"https:\/\/estatal.gov.tl\/pt\/wp-json\/wp\/v2\/pages\/12617","targetHints":{"allow":["GET"]}}],"collection":[{"href":"https:\/\/estatal.gov.tl\/pt\/wp-json\/wp\/v2\/pages"}],"about":[{"href":"https:\/\/estatal.gov.tl\/pt\/wp-json\/wp\/v2\/types\/page"}],"author":[{"embeddable":true,"href":"https:\/\/estatal.gov.tl\/pt\/wp-json\/wp\/v2\/users\/2"}],"replies":[{"embeddable":true,"href":"https:\/\/estatal.gov.tl\/pt\/wp-json\/wp\/v2\/comments?post=12617"}],"version-history":[{"count":14,"href":"https:\/\/estatal.gov.tl\/pt\/wp-json\/wp\/v2\/pages\/12617\/revisions"}],"predecessor-version":[{"id":18105,"href":"https:\/\/estatal.gov.tl\/pt\/wp-json\/wp\/v2\/pages\/12617\/revisions\/18105"}],"wp:attachment":[{"href":"https:\/\/estatal.gov.tl\/pt\/wp-json\/wp\/v2\/media?parent=12617"}],"curies":[{"name":"wp","href":"https:\/\/api.w.org\/{rel}","templated":true}]}}