{"id":13232,"date":"2015-09-25T16:05:24","date_gmt":"2015-09-25T16:05:24","guid":{"rendered":"http:\/\/siteestatalgovtl.dreamhosters.com\/?page_id=13232"},"modified":"2022-12-01T08:42:56","modified_gmt":"2022-12-01T08:42:56","slug":"stpnds-secretariado-tecnico-do-programa-nacional-de-desenvolvimento-dos-sucos","status":"publish","type":"page","link":"https:\/\/estatal.gov.tl\/pt\/stpnds-secretariado-tecnico-do-programa-nacional-de-desenvolvimento-dos-sucos\/","title":{"rendered":"STPNDS &#8211; Secretariado T\u00e9cnico do Programa Nacional de Desenvolvimento dos Sucos"},"content":{"rendered":"<p>[fusion_builder_container hundred_percent=&#8221;yes&#8221; overflow=&#8221;visible&#8221;][fusion_builder_row][fusion_builder_column type=&#8221;1_5&#8243; type=&#8221;1_5&#8243; layout=&#8221;1_5&#8243; last=&#8221;false&#8221; spacing=&#8221;yes&#8221; center_content=&#8221;no&#8221; hide_on_mobile=&#8221;no&#8221; background_color=&#8221;&#8221; background_image=&#8221;&#8221; background_repeat=&#8221;no-repeat&#8221; background_position=&#8221;left top&#8221; border_size=&#8221;0px&#8221; border_color=&#8221;&#8221; border_style=&#8221;solid&#8221; padding_top=&#8221;&#8221; padding_right=&#8221;&#8221; padding_bottom=&#8221;&#8221; padding_left=&#8221;&#8221; margin_top=&#8221;&#8221; margin_bottom=&#8221;&#8221; animation_type=&#8221;0&#8243; animation_direction=&#8221;down&#8221; animation_speed=&#8221;0.1&#8243; class=&#8221;&#8221; id=&#8221;&#8221; min_height=&#8221;&#8221; hover_type=&#8221;none&#8221; link=&#8221;&#8221; border_position=&#8221;all&#8221; first=&#8221;true&#8221;][fusion_person name=&#8221;Claudina Soares Pinto&#8221; title=&#8221;DirectorNacional do ST-PNDS&#8221; picture=&#8221;&#8221; pic_link=&#8221;&#8221; linktarget=&#8221;_self&#8221; pic_style=&#8221;none&#8221; pic_style_color=&#8221;&#8221; pic_bordersize=&#8221;1px&#8221; pic_bordercolor=&#8221;#8e8e8e&#8221; pic_borderradius=&#8221;0&#8243; social_icon_boxed=&#8221;&#8221; social_icon_boxed_radius=&#8221;4px&#8221; social_icon_colors=&#8221;&#8221; social_icon_boxed_colors=&#8221;&#8221; social_icon_tooltip=&#8221; &#8221; email=&#8221;&#8221; facebook=&#8221;&#8221; twitter=&#8221;&#8221; instagram=&#8221;&#8221; dribbble=&#8221;&#8221; google=&#8221;&#8221; linkedin=&#8221;&#8221; blogger=&#8221;&#8221; tumblr=&#8221;&#8221; reddit=&#8221;&#8221; yahoo=&#8221;&#8221; deviantart=&#8221;&#8221; vimeo=&#8221;&#8221; youtube=&#8221;&#8221; pinterest=&#8221;&#8221; rss=&#8221;&#8221; digg=&#8221;&#8221; flickr=&#8221;&#8221; forrst=&#8221;&#8221; myspace=&#8221;&#8221; skype=&#8221;&#8221; paypal=&#8221;&#8221; dropbox=&#8221;&#8221; soundcloud=&#8221;&#8221; vk=&#8221;&#8221; class=&#8221;&#8221; id=&#8221;&#8221; \/][\/fusion_builder_column][fusion_builder_column type=&#8221;3_4&#8243; type=&#8221;3_4&#8243; layout=&#8221;3_4&#8243; last=&#8221;true&#8221; spacing=&#8221;yes&#8221; center_content=&#8221;no&#8221; hide_on_mobile=&#8221;no&#8221; background_color=&#8221;&#8221; background_image=&#8221;&#8221; background_repeat=&#8221;no-repeat&#8221; background_position=&#8221;left top&#8221; border_size=&#8221;0px&#8221; border_color=&#8221;&#8221; border_style=&#8221;&#8221; padding_top=&#8221;&#8221; padding_right=&#8221;&#8221; padding_bottom=&#8221;&#8221; padding_left=&#8221;&#8221; margin_top=&#8221;&#8221; margin_bottom=&#8221;&#8221; animation_type=&#8221;&#8221; animation_direction=&#8221;&#8221; animation_speed=&#8221;0.1&#8243; class=&#8221;&#8221; id=&#8221;&#8221; min_height=&#8221;&#8221; hover_type=&#8221;none&#8221; link=&#8221;&#8221; border_position=&#8221;all&#8221; first=&#8221;false&#8221;][fusion_title size=&#8221;2&#8243; content_align=&#8221;left&#8221; style_type=&#8221;none&#8221; sep_color=&#8221;&#8221; class=&#8221;&#8221; id=&#8221;&#8221;]Contactos[\/fusion_title][fusion_text]<\/p>\n<p align=\"LEFT\">Email: <a href=\"mailto:ninapinto747@gmail.com\">ninapinto747@gmail.com<\/a><\/p>\n<p align=\"LEFT\">Telem.: (+670) 77349710<\/p>\n<p>[\/fusion_text][\/fusion_builder_column][fusion_builder_column type=&#8221;1_1&#8243; type=&#8221;1_1&#8243; layout=&#8221;1_1&#8243; background_position=&#8221;left top&#8221; background_color=&#8221;&#8221; border_size=&#8221;&#8221; border_color=&#8221;&#8221; border_style=&#8221;solid&#8221; spacing=&#8221;yes&#8221; background_image=&#8221;&#8221; background_repeat=&#8221;no-repeat&#8221; padding_top=&#8221;&#8221; padding_right=&#8221;&#8221; padding_bottom=&#8221;&#8221; padding_left=&#8221;&#8221; margin_top=&#8221;0px&#8221; margin_bottom=&#8221;0px&#8221; class=&#8221;&#8221; id=&#8221;&#8221; animation_type=&#8221;&#8221; animation_speed=&#8221;0.3&#8243; animation_direction=&#8221;left&#8221; hide_on_mobile=&#8221;no&#8221; center_content=&#8221;no&#8221; min_height=&#8221;none&#8221; last=&#8221;true&#8221; hover_type=&#8221;none&#8221; link=&#8221;&#8221; border_position=&#8221;all&#8221; first=&#8221;true&#8221;][fusion_separator style_type=&#8221;single|dashed&#8221; top_margin=&#8221;&#8221; bottom_margin=&#8221;&#8221; sep_color=&#8221;#f4cd1f&#8221; border_size=&#8221;&#8221; icon=&#8221;&#8221; icon_circle=&#8221;&#8221; icon_circle_color=&#8221;&#8221; width=&#8221;&#8221; alignment=&#8221;center&#8221; class=&#8221;&#8221; id=&#8221;&#8221; \/][\/fusion_builder_column][fusion_builder_column type=&#8221;1_1&#8243; type=&#8221;1_1&#8243; layout=&#8221;1_1&#8243; last=&#8221;true&#8221; spacing=&#8221;yes&#8221; center_content=&#8221;no&#8221; hide_on_mobile=&#8221;no&#8221; background_color=&#8221;&#8221; background_image=&#8221;&#8221; background_repeat=&#8221;no-repeat&#8221; background_position=&#8221;left top&#8221; border_size=&#8221;0px&#8221; border_color=&#8221;&#8221; border_style=&#8221;solid&#8221; padding_top=&#8221;&#8221; padding_right=&#8221;&#8221; padding_bottom=&#8221;&#8221; padding_left=&#8221;&#8221; margin_top=&#8221;&#8221; margin_bottom=&#8221;&#8221; animation_type=&#8221;0&#8243; animation_direction=&#8221;down&#8221; animation_speed=&#8221;0.1&#8243; class=&#8221;&#8221; id=&#8221;&#8221; min_height=&#8221;&#8221; hover_type=&#8221;none&#8221; link=&#8221;&#8221; border_position=&#8221;all&#8221; first=&#8221;true&#8221;][fusion_title size=&#8221;2&#8243; content_align=&#8221;left&#8221; style_type=&#8221;none&#8221; sep_color=&#8221;&#8221; class=&#8221;&#8221; id=&#8221;&#8221;]Miss\u00e3o[\/fusion_title][\/fusion_builder_column][fusion_builder_column type=&#8221;1_1&#8243; type=&#8221;1_1&#8243; layout=&#8221;1_1&#8243; last=&#8221;true&#8221; spacing=&#8221;yes&#8221; center_content=&#8221;no&#8221; hide_on_mobile=&#8221;no&#8221; background_color=&#8221;&#8221; background_image=&#8221;&#8221; background_repeat=&#8221;no-repeat&#8221; background_position=&#8221;left top&#8221; border_size=&#8221;0px&#8221; border_color=&#8221;&#8221; border_style=&#8221;&#8221; padding_top=&#8221;&#8221; padding_right=&#8221;&#8221; padding_bottom=&#8221;&#8221; padding_left=&#8221;&#8221; margin_top=&#8221;&#8221; margin_bottom=&#8221;&#8221; animation_type=&#8221;&#8221; animation_direction=&#8221;&#8221; animation_speed=&#8221;0.1&#8243; class=&#8221;&#8221; id=&#8221;&#8221; min_height=&#8221;&#8221; hover_type=&#8221;none&#8221; link=&#8221;&#8221; border_position=&#8221;all&#8221; first=&#8221;true&#8221;][fusion_text]O Secretariado de Apoio \u00e0 Instala\u00e7\u00e3o dos Munic\u00edpios tem por miss\u00e3o apoiar a execu\u00e7\u00e3o das pol\u00edticas de descentraliza\u00e7\u00e3o administrativa[\/fusion_text][\/fusion_builder_column][fusion_builder_column type=&#8221;1_1&#8243; type=&#8221;1_1&#8243; layout=&#8221;1_1&#8243; background_position=&#8221;left top&#8221; background_color=&#8221;&#8221; border_size=&#8221;&#8221; border_color=&#8221;&#8221; border_style=&#8221;solid&#8221; spacing=&#8221;yes&#8221; background_image=&#8221;&#8221; background_repeat=&#8221;no-repeat&#8221; padding_top=&#8221;&#8221; padding_right=&#8221;&#8221; padding_bottom=&#8221;&#8221; padding_left=&#8221;&#8221; margin_top=&#8221;0px&#8221; margin_bottom=&#8221;0px&#8221; class=&#8221;&#8221; id=&#8221;&#8221; animation_type=&#8221;&#8221; animation_speed=&#8221;0.3&#8243; animation_direction=&#8221;left&#8221; hide_on_mobile=&#8221;no&#8221; center_content=&#8221;no&#8221; min_height=&#8221;none&#8221; last=&#8221;true&#8221; hover_type=&#8221;none&#8221; link=&#8221;&#8221; border_position=&#8221;all&#8221; first=&#8221;true&#8221;][fusion_separator style_type=&#8221;single|dashed&#8221; top_margin=&#8221;&#8221; bottom_margin=&#8221;&#8221; sep_color=&#8221;#f4cd1f&#8221; border_size=&#8221;&#8221; icon=&#8221;&#8221; icon_circle=&#8221;&#8221; icon_circle_color=&#8221;&#8221; width=&#8221;&#8221; alignment=&#8221;center&#8221; class=&#8221;&#8221; id=&#8221;&#8221; \/][\/fusion_builder_column][fusion_builder_column type=&#8221;1_1&#8243; type=&#8221;1_1&#8243; layout=&#8221;1_1&#8243; last=&#8221;true&#8221; spacing=&#8221;yes&#8221; center_content=&#8221;no&#8221; hide_on_mobile=&#8221;no&#8221; background_color=&#8221;&#8221; background_image=&#8221;&#8221; background_repeat=&#8221;no-repeat&#8221; background_position=&#8221;left top&#8221; border_size=&#8221;0px&#8221; border_color=&#8221;&#8221; border_style=&#8221;&#8221; padding_top=&#8221;&#8221; padding_right=&#8221;&#8221; padding_bottom=&#8221;&#8221; padding_left=&#8221;&#8221; margin_top=&#8221;&#8221; margin_bottom=&#8221;&#8221; animation_type=&#8221;&#8221; animation_direction=&#8221;&#8221; animation_speed=&#8221;0.1&#8243; class=&#8221;&#8221; id=&#8221;&#8221; min_height=&#8221;&#8221; hover_type=&#8221;none&#8221; link=&#8221;&#8221; border_position=&#8221;all&#8221; first=&#8221;true&#8221;][fusion_title size=&#8221;2&#8243; content_align=&#8221;left&#8221; style_type=&#8221;none&#8221; sep_color=&#8221;&#8221; class=&#8221;&#8221; id=&#8221;&#8221;]Compet\u00eancias[\/fusion_title][\/fusion_builder_column][fusion_builder_column type=&#8221;1_1&#8243; type=&#8221;1_1&#8243; layout=&#8221;1_1&#8243; last=&#8221;true&#8221; spacing=&#8221;yes&#8221; center_content=&#8221;no&#8221; hide_on_mobile=&#8221;no&#8221; background_color=&#8221;&#8221; background_image=&#8221;&#8221; background_repeat=&#8221;no-repeat&#8221; background_position=&#8221;left top&#8221; border_size=&#8221;0px&#8221; border_color=&#8221;&#8221; border_style=&#8221;&#8221; padding_top=&#8221;&#8221; padding_right=&#8221;&#8221; padding_bottom=&#8221;&#8221; padding_left=&#8221;&#8221; margin_top=&#8221;&#8221; margin_bottom=&#8221;&#8221; animation_type=&#8221;&#8221; animation_direction=&#8221;&#8221; animation_speed=&#8221;0.1&#8243; class=&#8221;&#8221; id=&#8221;&#8221; min_height=&#8221;&#8221; hover_type=&#8221;none&#8221; link=&#8221;&#8221; border_position=&#8221;all&#8221; first=&#8221;true&#8221;][fusion_text]<\/p>\n<ol>\n<li style=\"list-style-type: none;\">\n<ol>\n<li>Apoiar os servi\u00e7os perif\u00e9ricos do MAE na execu\u00e7\u00e3o do Programa Nacional de Desconcentra\u00e7\u00e3o Administrativa, da Pol\u00edtica de Descentraliza\u00e7\u00e3o Administrativa e instala\u00e7\u00e3o dos \u00f3rg\u00e3os e servi\u00e7os do Poder Local;<\/li>\n<li>Conceber e executar campanhas de informa\u00e7\u00e3o p\u00fablica sobre o Programa Nacional de Desconcentra\u00e7\u00e3o Administrativa, sobre a Pol\u00edtica de Descentraliza\u00e7\u00e3o Administrativa e instala\u00e7\u00e3o dos \u00f3rg\u00e3os e servi\u00e7os do Poder Local e sobre o quadro jur\u00eddico de organiza\u00e7\u00e3o e funcionamento da Administra\u00e7\u00e3o Local;<\/li>\n<li>Em articula\u00e7\u00e3o com a DNPCS, divulgar as actividades realizadas no \u00e2mbito da execu\u00e7\u00e3o do Programa Nacional de Desconcentra\u00e7\u00e3o Administrativa, da Pol\u00edtica de Descentraliza\u00e7\u00e3o Administrativa e de instala\u00e7\u00e3o dos \u00f3rg\u00e3os e servi\u00e7os da Administra\u00e7\u00e3o Local junto dos \u00f3rg\u00e3os de comunica\u00e7\u00e3o social;<\/li>\n<li>Organizar e apoiar o expediente administrativo do Grupo T\u00e9cnico Permanente, do Grupo T\u00e9cnico Interministerial, dos Grupos T\u00e9cnicos Locais e dos Conselhos Consultivos Locais;<\/li>\n<li>Criar e gerir uma base de dados contendo a identifica\u00e7\u00e3o e actividades dos membros dos Conselhos Municipais, das Assembleias de Posto Administrativo, dos Grupos T\u00e9cnicos Municipais e dos Conselhos Consultivos Locais;<\/li>\n<li>Receber as actas e relat\u00f3rios de actividades dos Conselhos Municipais, das Assembleias de Posto Administrativo, dos Grupos T\u00e9cnicos Locais e dos Conselhos Consultivos Locais e elaborar relat\u00f3rios peri\u00f3dicos sobre o conte\u00fado e recomenda\u00e7\u00f5es das mesmas;<\/li>\n<li>\u00a0xecutar as demais tarefas que lhe sejam atribu\u00eddas e que n\u00e3o sejam compet\u00eancia de outro servi\u00e7o.<\/li>\n<\/ol>\n<\/li>\n<\/ol>\n<p>[\/fusion_text][\/fusion_builder_column][\/fusion_builder_row][\/fusion_builder_container]<\/p>\n","protected":false},"excerpt":{"rendered":"<p>[fusion_builder_container hundred_percent=&#8221;yes&#8221; overflow=&#8221;visible&#8221;][fusion_builder_row][fusion_builder_column type=&#8221;1_5&#8243; type=&#8221;1_5&#8243; layout=&#8221;1_5&#8243; last=&#8221;false&#8221; spacing=&#8221;yes&#8221; center_content=&#8221;no&#8221; hide_on_mobile=&#8221;no&#8221; background_color=&#8221;&#8221; background_image=&#8221;&#8221; background_repeat=&#8221;no-repeat&#8221; background_position=&#8221;left top&#8221; border_size=&#8221;0px&#8221; border_color=&#8221;&#8221; border_style=&#8221;solid&#8221; padding_top=&#8221;&#8221; padding_right=&#8221;&#8221; padding_bottom=&#8221;&#8221; padding_left=&#8221;&#8221; margin_top=&#8221;&#8221; margin_bottom=&#8221;&#8221; animation_type=&#8221;0&#8243; animation_direction=&#8221;down&#8221; animation_speed=&#8221;0.1&#8243; class=&#8221;&#8221; id=&#8221;&#8221; min_height=&#8221;&#8221; hover_type=&#8221;none&#8221; link=&#8221;&#8221; border_position=&#8221;all&#8221; first=&#8221;true&#8221;][fusion_person name=&#8221;Claudina Soares Pinto&#8221; title=&#8221;DirectorNacional do ST-PNDS&#8221; picture=&#8221;&#8221; pic_link=&#8221;&#8221; linktarget=&#8221;_self&#8221; pic_style=&#8221;none&#8221; pic_style_color=&#8221;&#8221; pic_bordersize=&#8221;1px&#8221; pic_bordercolor=&#8221;#8e8e8e&#8221; pic_borderradius=&#8221;0&#8243; social_icon_boxed=&#8221;&#8221; social_icon_boxed_radius=&#8221;4px&#8221; social_icon_colors=&#8221;&#8221; social_icon_boxed_colors=&#8221;&#8221; social_icon_tooltip=&#8221; &#8221; email=&#8221;&#8221; [&hellip;]<\/p>\n","protected":false},"author":2,"featured_media":0,"parent":0,"menu_order":0,"comment_status":"closed","ping_status":"closed","template":"","meta":{"footnotes":""},"class_list":["post-13232","page","type-page","status-publish","hentry"],"translation":{"provider":"WPGlobus","version":"3.0.0","language":"pt","enabled_languages":["tm","pt","en"],"languages":{"tm":{"title":true,"content":true,"excerpt":false},"pt":{"title":false,"content":false,"excerpt":false},"en":{"title":false,"content":false,"excerpt":false}}},"yoast_head":"<!-- This site is optimized with the Yoast SEO plugin v26.5 - https:\/\/yoast.com\/wordpress\/plugins\/seo\/ -->\n<title>STPNDS - Secretariado T\u00e9cnico do Programa Nacional de Desenvolvimento dos Sucos - Minist\u00e9rio da Administra\u00e7\u00e3o Estatal<\/title>\n<meta name=\"robots\" content=\"index, follow, max-snippet:-1, max-image-preview:large, max-video-preview:-1\" \/>\n<link rel=\"canonical\" href=\"https:\/\/estatal.gov.tl\/stpnds-secretariado-tecnico-do-programa-nacional-de-desenvolvimento-dos-sucos\/\" \/>\n<meta property=\"og:locale\" content=\"pt_PT\" \/>\n<meta property=\"og:type\" content=\"article\" \/>\n<meta property=\"og:title\" content=\"STPNDS - Secretariado T\u00e9cnico do Programa Nacional de Desenvolvimento dos Sucos - Minist\u00e9rio da Administra\u00e7\u00e3o Estatal\" \/>\n<meta property=\"og:url\" content=\"https:\/\/estatal.gov.tl\/stpnds-secretariado-tecnico-do-programa-nacional-de-desenvolvimento-dos-sucos\/\" \/>\n<meta property=\"og:site_name\" content=\"Minist\u00e9rio da Administra\u00e7\u00e3o Estatal\" \/>\n<meta property=\"article:modified_time\" content=\"2022-12-01T08:42:56+00:00\" \/>\n<meta property=\"og:image\" content=\"https:\/\/estatal.gov.tl\/wp-content\/uploads\/2025\/07\/edificio_mae.jpg\" \/>\n\t<meta property=\"og:image:width\" content=\"2048\" \/>\n\t<meta property=\"og:image:height\" content=\"1182\" \/>\n\t<meta property=\"og:image:type\" content=\"image\/jpeg\" \/>\n<meta name=\"twitter:card\" content=\"summary_large_image\" \/>\n<meta name=\"twitter:label1\" content=\"Est. reading time\" \/>\n\t<meta name=\"twitter:data1\" content=\"5 minutes\" \/>\n<script type=\"application\/ld+json\" class=\"yoast-schema-graph\">{\"@context\":\"https:\/\/schema.org\",\"@graph\":[{\"@type\":\"WebPage\",\"@id\":\"https:\/\/estatal.gov.tl\/stpnds-secretariado-tecnico-do-programa-nacional-de-desenvolvimento-dos-sucos\/\",\"url\":\"https:\/\/estatal.gov.tl\/stpnds-secretariado-tecnico-do-programa-nacional-de-desenvolvimento-dos-sucos\/\",\"name\":\"STPNDS - Secretariado T\u00e9cnico do Programa Nacional de Desenvolvimento dos Sucos - Minist\u00e9rio da Administra\u00e7\u00e3o Estatal\",\"isPartOf\":{\"@id\":\"https:\/\/estatal.gov.tl\/pt\/#website\"},\"datePublished\":\"2015-09-25T16:05:24+00:00\",\"dateModified\":\"2022-12-01T08:42:56+00:00\",\"breadcrumb\":{\"@id\":\"https:\/\/estatal.gov.tl\/stpnds-secretariado-tecnico-do-programa-nacional-de-desenvolvimento-dos-sucos\/#breadcrumb\"},\"inLanguage\":\"pt-PT\",\"potentialAction\":[{\"@type\":\"ReadAction\",\"target\":[\"https:\/\/estatal.gov.tl\/stpnds-secretariado-tecnico-do-programa-nacional-de-desenvolvimento-dos-sucos\/\"]}]},{\"@type\":\"BreadcrumbList\",\"@id\":\"https:\/\/estatal.gov.tl\/stpnds-secretariado-tecnico-do-programa-nacional-de-desenvolvimento-dos-sucos\/#breadcrumb\",\"itemListElement\":[{\"@type\":\"ListItem\",\"position\":1,\"name\":\"Home\",\"item\":\"https:\/\/estatal.gov.tl\/pt\/\"},{\"@type\":\"ListItem\",\"position\":2,\"name\":\"STPNDS &#8211; Secretariado T\u00e9cnico do Programa Nacional de Desenvolvimento dos Sucos\"}]},{\"@type\":\"WebSite\",\"@id\":\"https:\/\/estatal.gov.tl\/pt\/#website\",\"url\":\"https:\/\/estatal.gov.tl\/pt\/\",\"name\":\"{:tm}Minist\u00e9riu Administrasaun Estatal{:}{:pt}Minist\u00e9rio da Administra\u00e7\u00e3o Estatal{:}{:en}Ministry of State Administration{:}\",\"description\":\"Minist\u00e9rio da Administra\u00e7\u00e3o Estatal\",\"publisher\":{\"@id\":\"https:\/\/estatal.gov.tl\/pt\/#organization\"},\"potentialAction\":[{\"@type\":\"SearchAction\",\"target\":{\"@type\":\"EntryPoint\",\"urlTemplate\":\"https:\/\/estatal.gov.tl\/pt\/?s={search_term_string}\"},\"query-input\":{\"@type\":\"PropertyValueSpecification\",\"valueRequired\":true,\"valueName\":\"search_term_string\"}}],\"inLanguage\":\"pt-PT\"},{\"@type\":\"Organization\",\"@id\":\"https:\/\/estatal.gov.tl\/pt\/#organization\",\"name\":\"{:tm}Minist\u00e9riu Administrasaun Estatal{:}{:pt}Minist\u00e9rio da Administra\u00e7\u00e3o Estatal{:}{:en}Ministry of State Administration{:}\",\"url\":\"https:\/\/estatal.gov.tl\/pt\/\",\"logo\":{\"@type\":\"ImageObject\",\"inLanguage\":\"pt-PT\",\"@id\":\"https:\/\/estatal.gov.tl\/pt\/#\/schema\/logo\/image\/\",\"url\":\"https:\/\/estatal.gov.tl\/wp-content\/uploads\/2024\/09\/logo-municipality-1.png\",\"contentUrl\":\"https:\/\/estatal.gov.tl\/wp-content\/uploads\/2024\/09\/logo-municipality-1.png\",\"width\":250,\"height\":228,\"caption\":\"{:tm}Minist\u00e9riu Administrasaun Estatal{:}{:pt}Minist\u00e9rio da Administra\u00e7\u00e3o Estatal{:}{:en}Ministry of State Administration{:}\"},\"image\":{\"@id\":\"https:\/\/estatal.gov.tl\/pt\/#\/schema\/logo\/image\/\"}}]}<\/script>\n<!-- \/ Yoast SEO plugin. -->","yoast_head_json":{"title":"STPNDS - Secretariado T\u00e9cnico do Programa Nacional de Desenvolvimento dos Sucos - Minist\u00e9rio da Administra\u00e7\u00e3o Estatal","robots":{"index":"index","follow":"follow","max-snippet":"max-snippet:-1","max-image-preview":"max-image-preview:large","max-video-preview":"max-video-preview:-1"},"canonical":"https:\/\/estatal.gov.tl\/stpnds-secretariado-tecnico-do-programa-nacional-de-desenvolvimento-dos-sucos\/","og_locale":"pt_PT","og_type":"article","og_title":"STPNDS - Secretariado T\u00e9cnico do Programa Nacional de Desenvolvimento dos Sucos - Minist\u00e9rio da Administra\u00e7\u00e3o Estatal","og_url":"https:\/\/estatal.gov.tl\/stpnds-secretariado-tecnico-do-programa-nacional-de-desenvolvimento-dos-sucos\/","og_site_name":"Minist\u00e9rio da Administra\u00e7\u00e3o Estatal","article_modified_time":"2022-12-01T08:42:56+00:00","og_image":[{"width":2048,"height":1182,"url":"https:\/\/estatal.gov.tl\/wp-content\/uploads\/2025\/07\/edificio_mae.jpg","type":"image\/jpeg"}],"twitter_card":"summary_large_image","twitter_misc":{"Est. reading time":"5 minutes"},"schema":{"@context":"https:\/\/schema.org","@graph":[{"@type":"WebPage","@id":"https:\/\/estatal.gov.tl\/stpnds-secretariado-tecnico-do-programa-nacional-de-desenvolvimento-dos-sucos\/","url":"https:\/\/estatal.gov.tl\/stpnds-secretariado-tecnico-do-programa-nacional-de-desenvolvimento-dos-sucos\/","name":"STPNDS - Secretariado T\u00e9cnico do Programa Nacional de Desenvolvimento dos Sucos - Minist\u00e9rio da Administra\u00e7\u00e3o Estatal","isPartOf":{"@id":"https:\/\/estatal.gov.tl\/pt\/#website"},"datePublished":"2015-09-25T16:05:24+00:00","dateModified":"2022-12-01T08:42:56+00:00","breadcrumb":{"@id":"https:\/\/estatal.gov.tl\/stpnds-secretariado-tecnico-do-programa-nacional-de-desenvolvimento-dos-sucos\/#breadcrumb"},"inLanguage":"pt-PT","potentialAction":[{"@type":"ReadAction","target":["https:\/\/estatal.gov.tl\/stpnds-secretariado-tecnico-do-programa-nacional-de-desenvolvimento-dos-sucos\/"]}]},{"@type":"BreadcrumbList","@id":"https:\/\/estatal.gov.tl\/stpnds-secretariado-tecnico-do-programa-nacional-de-desenvolvimento-dos-sucos\/#breadcrumb","itemListElement":[{"@type":"ListItem","position":1,"name":"Home","item":"https:\/\/estatal.gov.tl\/pt\/"},{"@type":"ListItem","position":2,"name":"STPNDS &#8211; Secretariado T\u00e9cnico do Programa Nacional de Desenvolvimento dos Sucos"}]},{"@type":"WebSite","@id":"https:\/\/estatal.gov.tl\/pt\/#website","url":"https:\/\/estatal.gov.tl\/pt\/","name":"{:tm}Minist\u00e9riu Administrasaun Estatal{:}{:pt}Minist\u00e9rio da Administra\u00e7\u00e3o Estatal{:}{:en}Ministry of State Administration{:}","description":"Minist\u00e9rio da Administra\u00e7\u00e3o Estatal","publisher":{"@id":"https:\/\/estatal.gov.tl\/pt\/#organization"},"potentialAction":[{"@type":"SearchAction","target":{"@type":"EntryPoint","urlTemplate":"https:\/\/estatal.gov.tl\/pt\/?s={search_term_string}"},"query-input":{"@type":"PropertyValueSpecification","valueRequired":true,"valueName":"search_term_string"}}],"inLanguage":"pt-PT"},{"@type":"Organization","@id":"https:\/\/estatal.gov.tl\/pt\/#organization","name":"{:tm}Minist\u00e9riu Administrasaun Estatal{:}{:pt}Minist\u00e9rio da Administra\u00e7\u00e3o Estatal{:}{:en}Ministry of State Administration{:}","url":"https:\/\/estatal.gov.tl\/pt\/","logo":{"@type":"ImageObject","inLanguage":"pt-PT","@id":"https:\/\/estatal.gov.tl\/pt\/#\/schema\/logo\/image\/","url":"https:\/\/estatal.gov.tl\/wp-content\/uploads\/2024\/09\/logo-municipality-1.png","contentUrl":"https:\/\/estatal.gov.tl\/wp-content\/uploads\/2024\/09\/logo-municipality-1.png","width":250,"height":228,"caption":"{:tm}Minist\u00e9riu Administrasaun Estatal{:}{:pt}Minist\u00e9rio da Administra\u00e7\u00e3o Estatal{:}{:en}Ministry of State Administration{:}"},"image":{"@id":"https:\/\/estatal.gov.tl\/pt\/#\/schema\/logo\/image\/"}}]}},"_links":{"self":[{"href":"https:\/\/estatal.gov.tl\/pt\/wp-json\/wp\/v2\/pages\/13232","targetHints":{"allow":["GET"]}}],"collection":[{"href":"https:\/\/estatal.gov.tl\/pt\/wp-json\/wp\/v2\/pages"}],"about":[{"href":"https:\/\/estatal.gov.tl\/pt\/wp-json\/wp\/v2\/types\/page"}],"author":[{"embeddable":true,"href":"https:\/\/estatal.gov.tl\/pt\/wp-json\/wp\/v2\/users\/2"}],"replies":[{"embeddable":true,"href":"https:\/\/estatal.gov.tl\/pt\/wp-json\/wp\/v2\/comments?post=13232"}],"version-history":[{"count":12,"href":"https:\/\/estatal.gov.tl\/pt\/wp-json\/wp\/v2\/pages\/13232\/revisions"}],"predecessor-version":[{"id":17869,"href":"https:\/\/estatal.gov.tl\/pt\/wp-json\/wp\/v2\/pages\/13232\/revisions\/17869"}],"wp:attachment":[{"href":"https:\/\/estatal.gov.tl\/pt\/wp-json\/wp\/v2\/media?parent=13232"}],"curies":[{"name":"wp","href":"https:\/\/api.w.org\/{rel}","templated":true}]}}