{"id":55,"date":"2015-10-05T16:09:00","date_gmt":"2015-10-05T07:09:00","guid":{"rendered":"http:\/\/estatal.gov.test\/?page_id=55"},"modified":"2024-12-19T10:55:53","modified_gmt":"2024-12-19T01:55:53","slug":"descentralizacao-administrativa","status":"publish","type":"page","link":"https:\/\/estatal.gov.tl\/pt\/descentralizacao-administrativa\/","title":{"rendered":"Descentraliza\u00e7\u00e3o Administrativa"},"content":{"rendered":"\n<h2 class=\"wp-block-heading\">Akordus de kooperasaun<\/h2>\n\n\n\n<ol class=\"wp-block-list\">\n<li><a href=\"https:\/\/descentralizasaun.files.wordpress.com\/2013\/08\/1-protocolo-timor-abrantes1.pdf\" target=\"_blank\" rel=\"noreferrer noopener\">Abrantes \u2013 Bobonaro<\/a><\/li>\n\n\n\n<li><a href=\"https:\/\/descentralizasaun.files.wordpress.com\/2013\/08\/21-protocolo-timor-rio-maior.pdf\" target=\"_blank\" rel=\"noreferrer noopener\">Rio Maior \u2013 Bobonaro<\/a><\/li>\n\n\n\n<li><a href=\"https:\/\/descentralizasaun.files.wordpress.com\/2013\/08\/2-protocolo-timor-boticas.pdf\" target=\"_blank\" rel=\"noreferrer noopener\">Boticas \u2013 Liqui\u00e7\u00e1<\/a><\/li>\n\n\n\n<li><a href=\"https:\/\/descentralizasaun.files.wordpress.com\/2013\/08\/25-protocolo-timor-vila-velha-rodc3a3o.pdf\" target=\"_blank\" rel=\"noreferrer noopener\">Vila Velha R\u00f3d\u00e3o \u2013 Liqui\u00e7\u00e1<\/a><\/li>\n\n\n\n<li><a href=\"https:\/\/descentralizasaun.files.wordpress.com\/2013\/08\/protocolo-timor-braga1.pdf\" target=\"_blank\" rel=\"noreferrer noopener\">Braga \u2013 Manatuto<\/a><\/li>\n\n\n\n<li><a href=\"https:\/\/descentralizasaun.files.wordpress.com\/2013\/08\/7-protocolo-timor-figueira-de-castelo-rodrigo.pdf\" target=\"_blank\" rel=\"noreferrer noopener\">Fig. Castelo Rodrigo \u2013 Manatuto<\/a><\/li>\n\n\n\n<li><a href=\"https:\/\/descentralizasaun.files.wordpress.com\/2013\/08\/23-protocolo-timor-torres-novas.pdf\" target=\"_blank\" rel=\"noreferrer noopener\">Torres Novas \u2013 Manatuto<\/a><\/li>\n\n\n\n<li><a href=\"https:\/\/descentralizasaun.files.wordpress.com\/2013\/08\/3-protocolo-timor-braganc3a7a.pdf\" target=\"_blank\" rel=\"noreferrer noopener\">Bragan\u00e7a \u2013 Aileu<\/a><\/li>\n\n\n\n<li><a href=\"https:\/\/descentralizasaun.files.wordpress.com\/2013\/08\/14-protocolo-timor-lamego.pdf\" target=\"_blank\" rel=\"noreferrer noopener\">Lamego \u2013 Aileu<\/a><\/li>\n\n\n\n<li><a href=\"https:\/\/descentralizasaun.files.wordpress.com\/2013\/08\/4-protocolo-timor-campo-maior.pdf\" target=\"_blank\" rel=\"noreferrer noopener\">Campo Maior \u2013 Ermera<\/a><\/li>\n\n\n\n<li><a href=\"https:\/\/descentralizasaun.files.wordpress.com\/2013\/08\/26-protocolo-timor-viseu.pdf\" target=\"_blank\" rel=\"noreferrer noopener\">Viseu \u2013 Ermera<\/a><\/li>\n\n\n\n<li><a href=\"https:\/\/descentralizasaun.files.wordpress.com\/2013\/08\/5-protocolo-timor-cascais.pdf\" target=\"_blank\" rel=\"noreferrer noopener\">Cascais \u2013 Viqueque<\/a><\/li>\n\n\n\n<li><a href=\"https:\/\/descentralizasaun.files.wordpress.com\/2013\/08\/16-protocolo-timor-melgac3a7o.pdf\" target=\"_blank\" rel=\"noreferrer noopener\">Melga\u00e7o \u2013 Viqueque<\/a><\/li>\n\n\n\n<li><a href=\"https:\/\/descentralizasaun.files.wordpress.com\/2013\/08\/6-protocolo-timor-castelo-branco.pdf\" target=\"_blank\" rel=\"noreferrer noopener\">Castelo Branco \u2013 Ainaro<\/a><\/li>\n\n\n\n<li><a href=\"https:\/\/descentralizasaun.files.wordpress.com\/2013\/08\/18-protocolo-timor-oleiros.pdf\" target=\"_blank\" rel=\"noreferrer noopener\">Oleiros \u2013 Ainaro<\/a><\/li>\n\n\n\n<li><a href=\"https:\/\/descentralizasaun.files.wordpress.com\/2014\/08\/municipal-agreement-ballarat-ainaro.jpg\" target=\"_blank\" rel=\"noreferrer noopener\">Ballarat \u2013 Ainaro<\/a><\/li>\n\n\n\n<li><a href=\"https:\/\/descentralizasaun.files.wordpress.com\/2013\/08\/8-protocolo-timor-figueira-da-foz.pdf\" target=\"_blank\" rel=\"noreferrer noopener\">Fig. da Foz \u2013 Manufahi<\/a><\/li>\n\n\n\n<li><a href=\"https:\/\/descentralizasaun.files.wordpress.com\/2013\/08\/12-protocolo-timor-c3adlhavo.pdf\" target=\"_blank\" rel=\"noreferrer noopener\">\u00cdlhavo \u2013 Manufahi<\/a><\/li>\n\n\n\n<li><a href=\"https:\/\/descentralizasaun.files.wordpress.com\/2013\/08\/9-protocolo-timor-funchal.pdf\" target=\"_blank\" rel=\"noreferrer noopener\">Funchal \u2013 D\u00edli<\/a><\/li>\n\n\n\n<li><a href=\"https:\/\/descentralizasaun.files.wordpress.com\/2013\/08\/15-protocolo-timor-lisboa.pdf\" target=\"_blank\" rel=\"noreferrer noopener\">Lisboa \u2013 D\u00edli<\/a><\/li>\n\n\n\n<li><a href=\"https:\/\/descentralizasaun.files.wordpress.com\/2013\/08\/10-protocolo-timor-grc3a2ndola.pdf\" target=\"_blank\" rel=\"noreferrer noopener\">Gr\u00e2ndola \u2013 Laut\u00e9m<\/a><\/li>\n\n\n\n<li><a href=\"https:\/\/descentralizasaun.files.wordpress.com\/2013\/08\/13-protocolo-timor-lagoa.pdf\" target=\"_blank\" rel=\"noreferrer noopener\">Lagoa \u2013 Laut\u00e9m<\/a><\/li>\n\n\n\n<li><a href=\"https:\/\/descentralizasaun.files.wordpress.com\/2013\/08\/protocolo-com-penafiel.pdf\" target=\"_blank\" rel=\"noreferrer noopener\">Penafiel \u2013 Laut\u00e9m<\/a><\/li>\n\n\n\n<li><a href=\"https:\/\/descentralizasaun.files.wordpress.com\/2013\/08\/11-protocolo-timor-guarda.pdf\" target=\"_blank\" rel=\"noreferrer noopener\">Guarda \u2013 Covalima<\/a><\/li>\n\n\n\n<li><a href=\"https:\/\/descentralizasaun.files.wordpress.com\/2013\/08\/22-protocolo-timor-tondela.pdf\" target=\"_blank\" rel=\"noreferrer noopener\">Tondela \u2013 Covalima<\/a><\/li>\n\n\n\n<li><a href=\"https:\/\/descentralizasaun.files.wordpress.com\/2013\/08\/17-protocolo-timor-murc3a7a.pdf\" target=\"_blank\" rel=\"noreferrer noopener\">Mur\u00e7a \u2013 Oe-cusse<\/a><\/li>\n\n\n\n<li><a href=\"https:\/\/descentralizasaun.files.wordpress.com\/2013\/08\/19-protocolo-timor-ourem.pdf\" target=\"_blank\" rel=\"noreferrer noopener\">Our\u00e9m \u2013 Oe-cusse<\/a><\/li>\n\n\n\n<li><a href=\"https:\/\/descentralizasaun.files.wordpress.com\/2014\/08\/municipal-agreement-wangaratta-oecussi.jpg\" target=\"_blank\" rel=\"noreferrer noopener\">Wangaratta \u2013 Oe-cusse<\/a><\/li>\n\n\n\n<li><a href=\"https:\/\/descentralizasaun.files.wordpress.com\/2013\/08\/protocolo-paredes-baucau.pdf\" target=\"_blank\" rel=\"noreferrer noopener\">Paredes \u2013 Baucau<\/a><\/li>\n\n\n\n<li><a href=\"https:\/\/descentralizasaun.files.wordpress.com\/2013\/08\/protocolo-timor-porto.pdf\" target=\"_blank\" rel=\"noreferrer noopener\">Porto \u2013 Baucau<\/a><\/li>\n\n\n\n<li><a href=\"https:\/\/descentralizasaun.files.wordpress.com\/2013\/08\/24-protocolo-timor-vila-franca-xira.pdf\" target=\"_blank\" rel=\"noreferrer noopener\">Vila Franca Xira \u2013 Baucau<\/a><\/li>\n\n\n\n<li><a href=\"https:\/\/descentralizasaun.files.wordpress.com\/2014\/08\/municipal-agreement-yarra-baucau.jpg\" target=\"_blank\" rel=\"noreferrer noopener\">Yarra \u2013 Baucau<\/a><\/li>\n\n\n\n<li><a href=\"https:\/\/descentralizasaun.files.wordpress.com\/2014\/08\/municipal-agreement-darebin-baucau.jpg\" target=\"_blank\" rel=\"noreferrer noopener\">Darebin \u2013 Baucau<\/a><\/li>\n\n\n\n<li><a href=\"https:\/\/descentralizasaun.files.wordpress.com\/2013\/08\/aditamento-ao-acordo-rdtl-anmp-foral-cplp.pdf\" target=\"_blank\" rel=\"noreferrer noopener\">ANMP (aditamento)<\/a><\/li>\n\n\n\n<li><a href=\"https:\/\/descentralizasaun.files.wordpress.com\/2013\/08\/protocolo-timor-cefa.pdf\" target=\"_blank\" rel=\"noreferrer noopener\">Funda\u00e7\u00e3o CEFA<\/a><\/li>\n\n\n\n<li><a href=\"https:\/\/descentralizasaun.files.wordpress.com\/2013\/08\/p1.png\" target=\"_blank\" rel=\"noreferrer noopener\">Governo Local de Victoria \u2013 1<\/a><\/li>\n<\/ol>\n","protected":false},"excerpt":{"rendered":"<p>Akordus de kooperasaun<\/p>\n","protected":false},"author":2,"featured_media":0,"parent":0,"menu_order":0,"comment_status":"closed","ping_status":"closed","template":"","meta":{"footnotes":""},"class_list":["post-55","page","type-page","status-publish","hentry"],"translation":{"provider":"WPGlobus","version":"3.0.0","language":"pt","enabled_languages":["tm","pt","en"],"languages":{"tm":{"title":true,"content":true,"excerpt":false},"pt":{"title":false,"content":false,"excerpt":false},"en":{"title":false,"content":false,"excerpt":false}}},"yoast_head":"<!-- This site is optimized with the Yoast SEO plugin v26.5 - https:\/\/yoast.com\/wordpress\/plugins\/seo\/ -->\n<title>Descentraliza\u00e7\u00e3o Administrativa - Minist\u00e9rio da Administra\u00e7\u00e3o Estatal<\/title>\n<meta name=\"robots\" content=\"index, follow, max-snippet:-1, max-image-preview:large, max-video-preview:-1\" \/>\n<link rel=\"canonical\" href=\"https:\/\/estatal.gov.tl\/descentralizacao-administrativa\/\" \/>\n<meta property=\"og:locale\" content=\"pt_PT\" \/>\n<meta property=\"og:type\" content=\"article\" \/>\n<meta property=\"og:title\" content=\"Descentraliza\u00e7\u00e3o Administrativa - Minist\u00e9rio da Administra\u00e7\u00e3o Estatal\" \/>\n<meta property=\"og:url\" content=\"https:\/\/estatal.gov.tl\/descentralizacao-administrativa\/\" \/>\n<meta property=\"og:site_name\" content=\"Minist\u00e9rio da Administra\u00e7\u00e3o Estatal\" \/>\n<meta property=\"article:modified_time\" content=\"2024-12-19T01:55:53+00:00\" \/>\n<meta property=\"og:image\" content=\"https:\/\/estatal.gov.tl\/wp-content\/uploads\/2025\/07\/edificio_mae.jpg\" \/>\n\t<meta property=\"og:image:width\" content=\"2048\" \/>\n\t<meta property=\"og:image:height\" content=\"1182\" \/>\n\t<meta property=\"og:image:type\" content=\"image\/jpeg\" \/>\n<meta name=\"twitter:card\" content=\"summary_large_image\" \/>\n<meta name=\"twitter:label1\" content=\"Est. reading time\" \/>\n\t<meta name=\"twitter:data1\" content=\"1 minute\" \/>\n<script type=\"application\/ld+json\" class=\"yoast-schema-graph\">{\"@context\":\"https:\/\/schema.org\",\"@graph\":[{\"@type\":\"WebPage\",\"@id\":\"https:\/\/estatal.gov.tl\/descentralizacao-administrativa\/\",\"url\":\"https:\/\/estatal.gov.tl\/descentralizacao-administrativa\/\",\"name\":\"Descentraliza\u00e7\u00e3o Administrativa - Minist\u00e9rio da Administra\u00e7\u00e3o Estatal\",\"isPartOf\":{\"@id\":\"https:\/\/estatal.gov.tl\/pt\/#website\"},\"datePublished\":\"2015-10-05T07:09:00+00:00\",\"dateModified\":\"2024-12-19T01:55:53+00:00\",\"breadcrumb\":{\"@id\":\"https:\/\/estatal.gov.tl\/descentralizacao-administrativa\/#breadcrumb\"},\"inLanguage\":\"pt-PT\",\"potentialAction\":[{\"@type\":\"ReadAction\",\"target\":[\"https:\/\/estatal.gov.tl\/descentralizacao-administrativa\/\"]}]},{\"@type\":\"BreadcrumbList\",\"@id\":\"https:\/\/estatal.gov.tl\/descentralizacao-administrativa\/#breadcrumb\",\"itemListElement\":[{\"@type\":\"ListItem\",\"position\":1,\"name\":\"Home\",\"item\":\"https:\/\/estatal.gov.tl\/pt\/\"},{\"@type\":\"ListItem\",\"position\":2,\"name\":\"Descentraliza\u00e7\u00e3o Administrativa\"}]},{\"@type\":\"WebSite\",\"@id\":\"https:\/\/estatal.gov.tl\/pt\/#website\",\"url\":\"https:\/\/estatal.gov.tl\/pt\/\",\"name\":\"{:tm}Minist\u00e9riu Administrasaun Estatal{:}{:pt}Minist\u00e9rio da Administra\u00e7\u00e3o Estatal{:}{:en}Ministry of State Administration{:}\",\"description\":\"Minist\u00e9rio da Administra\u00e7\u00e3o Estatal\",\"publisher\":{\"@id\":\"https:\/\/estatal.gov.tl\/pt\/#organization\"},\"potentialAction\":[{\"@type\":\"SearchAction\",\"target\":{\"@type\":\"EntryPoint\",\"urlTemplate\":\"https:\/\/estatal.gov.tl\/pt\/?s={search_term_string}\"},\"query-input\":{\"@type\":\"PropertyValueSpecification\",\"valueRequired\":true,\"valueName\":\"search_term_string\"}}],\"inLanguage\":\"pt-PT\"},{\"@type\":\"Organization\",\"@id\":\"https:\/\/estatal.gov.tl\/pt\/#organization\",\"name\":\"{:tm}Minist\u00e9riu Administrasaun Estatal{:}{:pt}Minist\u00e9rio da Administra\u00e7\u00e3o Estatal{:}{:en}Ministry of State Administration{:}\",\"url\":\"https:\/\/estatal.gov.tl\/pt\/\",\"logo\":{\"@type\":\"ImageObject\",\"inLanguage\":\"pt-PT\",\"@id\":\"https:\/\/estatal.gov.tl\/pt\/#\/schema\/logo\/image\/\",\"url\":\"https:\/\/estatal.gov.tl\/wp-content\/uploads\/2024\/09\/logo-municipality-1.png\",\"contentUrl\":\"https:\/\/estatal.gov.tl\/wp-content\/uploads\/2024\/09\/logo-municipality-1.png\",\"width\":250,\"height\":228,\"caption\":\"{:tm}Minist\u00e9riu Administrasaun Estatal{:}{:pt}Minist\u00e9rio da Administra\u00e7\u00e3o Estatal{:}{:en}Ministry of State Administration{:}\"},\"image\":{\"@id\":\"https:\/\/estatal.gov.tl\/pt\/#\/schema\/logo\/image\/\"}}]}<\/script>\n<!-- \/ Yoast SEO plugin. -->","yoast_head_json":{"title":"Descentraliza\u00e7\u00e3o Administrativa - Minist\u00e9rio da Administra\u00e7\u00e3o Estatal","robots":{"index":"index","follow":"follow","max-snippet":"max-snippet:-1","max-image-preview":"max-image-preview:large","max-video-preview":"max-video-preview:-1"},"canonical":"https:\/\/estatal.gov.tl\/descentralizacao-administrativa\/","og_locale":"pt_PT","og_type":"article","og_title":"Descentraliza\u00e7\u00e3o Administrativa - Minist\u00e9rio da Administra\u00e7\u00e3o Estatal","og_url":"https:\/\/estatal.gov.tl\/descentralizacao-administrativa\/","og_site_name":"Minist\u00e9rio da Administra\u00e7\u00e3o Estatal","article_modified_time":"2024-12-19T01:55:53+00:00","og_image":[{"width":2048,"height":1182,"url":"https:\/\/estatal.gov.tl\/wp-content\/uploads\/2025\/07\/edificio_mae.jpg","type":"image\/jpeg"}],"twitter_card":"summary_large_image","twitter_misc":{"Est. reading time":"1 minute"},"schema":{"@context":"https:\/\/schema.org","@graph":[{"@type":"WebPage","@id":"https:\/\/estatal.gov.tl\/descentralizacao-administrativa\/","url":"https:\/\/estatal.gov.tl\/descentralizacao-administrativa\/","name":"Descentraliza\u00e7\u00e3o Administrativa - Minist\u00e9rio da Administra\u00e7\u00e3o Estatal","isPartOf":{"@id":"https:\/\/estatal.gov.tl\/pt\/#website"},"datePublished":"2015-10-05T07:09:00+00:00","dateModified":"2024-12-19T01:55:53+00:00","breadcrumb":{"@id":"https:\/\/estatal.gov.tl\/descentralizacao-administrativa\/#breadcrumb"},"inLanguage":"pt-PT","potentialAction":[{"@type":"ReadAction","target":["https:\/\/estatal.gov.tl\/descentralizacao-administrativa\/"]}]},{"@type":"BreadcrumbList","@id":"https:\/\/estatal.gov.tl\/descentralizacao-administrativa\/#breadcrumb","itemListElement":[{"@type":"ListItem","position":1,"name":"Home","item":"https:\/\/estatal.gov.tl\/pt\/"},{"@type":"ListItem","position":2,"name":"Descentraliza\u00e7\u00e3o Administrativa"}]},{"@type":"WebSite","@id":"https:\/\/estatal.gov.tl\/pt\/#website","url":"https:\/\/estatal.gov.tl\/pt\/","name":"{:tm}Minist\u00e9riu Administrasaun Estatal{:}{:pt}Minist\u00e9rio da Administra\u00e7\u00e3o Estatal{:}{:en}Ministry of State Administration{:}","description":"Minist\u00e9rio da Administra\u00e7\u00e3o Estatal","publisher":{"@id":"https:\/\/estatal.gov.tl\/pt\/#organization"},"potentialAction":[{"@type":"SearchAction","target":{"@type":"EntryPoint","urlTemplate":"https:\/\/estatal.gov.tl\/pt\/?s={search_term_string}"},"query-input":{"@type":"PropertyValueSpecification","valueRequired":true,"valueName":"search_term_string"}}],"inLanguage":"pt-PT"},{"@type":"Organization","@id":"https:\/\/estatal.gov.tl\/pt\/#organization","name":"{:tm}Minist\u00e9riu Administrasaun Estatal{:}{:pt}Minist\u00e9rio da Administra\u00e7\u00e3o Estatal{:}{:en}Ministry of State Administration{:}","url":"https:\/\/estatal.gov.tl\/pt\/","logo":{"@type":"ImageObject","inLanguage":"pt-PT","@id":"https:\/\/estatal.gov.tl\/pt\/#\/schema\/logo\/image\/","url":"https:\/\/estatal.gov.tl\/wp-content\/uploads\/2024\/09\/logo-municipality-1.png","contentUrl":"https:\/\/estatal.gov.tl\/wp-content\/uploads\/2024\/09\/logo-municipality-1.png","width":250,"height":228,"caption":"{:tm}Minist\u00e9riu Administrasaun Estatal{:}{:pt}Minist\u00e9rio da Administra\u00e7\u00e3o Estatal{:}{:en}Ministry of State Administration{:}"},"image":{"@id":"https:\/\/estatal.gov.tl\/pt\/#\/schema\/logo\/image\/"}}]}},"_links":{"self":[{"href":"https:\/\/estatal.gov.tl\/pt\/wp-json\/wp\/v2\/pages\/55","targetHints":{"allow":["GET"]}}],"collection":[{"href":"https:\/\/estatal.gov.tl\/pt\/wp-json\/wp\/v2\/pages"}],"about":[{"href":"https:\/\/estatal.gov.tl\/pt\/wp-json\/wp\/v2\/types\/page"}],"author":[{"embeddable":true,"href":"https:\/\/estatal.gov.tl\/pt\/wp-json\/wp\/v2\/users\/2"}],"replies":[{"embeddable":true,"href":"https:\/\/estatal.gov.tl\/pt\/wp-json\/wp\/v2\/comments?post=55"}],"version-history":[{"count":8,"href":"https:\/\/estatal.gov.tl\/pt\/wp-json\/wp\/v2\/pages\/55\/revisions"}],"predecessor-version":[{"id":18399,"href":"https:\/\/estatal.gov.tl\/pt\/wp-json\/wp\/v2\/pages\/55\/revisions\/18399"}],"wp:attachment":[{"href":"https:\/\/estatal.gov.tl\/pt\/wp-json\/wp\/v2\/media?parent=55"}],"curies":[{"name":"wp","href":"https:\/\/api.w.org\/{rel}","templated":true}]}}